{"id":98,"date":"2018-04-27T21:46:23","date_gmt":"2018-04-27T19:46:23","guid":{"rendered":"\/tg\/weisshaube\/"},"modified":"2022-11-15T10:54:12","modified_gmt":"2022-11-15T09:54:12","slug":"weisshaube","status":"publish","type":"page","link":"https:\/\/www.tiergehege-kaisergarten.de\/tg\/unsere-tiere\/voegel\/weisshaube\/","title":{"rendered":"Holl\u00e4nder Wei\u00dfhaubenhuhn"},"content":{"rendered":"<p><em><strong>Gallus gallus f. domestica<\/strong><\/em><\/p>\n<p><a href=\"\/tg\/wp-content\/uploads\/sites\/3\/2014\/01\/nabit_karte_weisshaube.jpg\"><img decoding=\"async\" class=\"alignright size-medium wp-image-1531\" src=\"\/tg\/wp-content\/uploads\/sites\/3\/2014\/01\/nabit_karte_weisshaube-300x120.jpg\" alt=\"Verbreitungsgebiet der Wei\u00dfhaube\" width=\"300\" height=\"120\" srcset=\"https:\/\/www.tiergehege-kaisergarten.de\/tg\/wp-content\/uploads\/2014\/01\/nabit_karte_weisshaube-300x120.jpg 300w, https:\/\/www.tiergehege-kaisergarten.de\/tg\/wp-content\/uploads\/2014\/01\/nabit_karte_weisshaube-150x60.jpg 150w, https:\/\/www.tiergehege-kaisergarten.de\/tg\/wp-content\/uploads\/2014\/01\/nabit_karte_weisshaube.jpg 600w\" sizes=\"(max-width: 300px) 100vw, 300px\" \/><\/a>\u00dcber die Abstammung der Holl\u00e4nder Wei\u00dfhaube ist wenig bekannt; sie wird jedoch schon im 15. Jh. in niederl\u00e4ndischen Schriften erw\u00e4hnt. Viele niederl\u00e4ndische Maler dieser Zeit stellten auf ihren Bildern Haubenh\u00fchner mit der typischen wei\u00dfen Haube dar. Das elegante Huhn wurde und wird vor allem zur Zierde gez\u00fcchtet. Trotzdem legt es unter guten Haltungsbedingungen eine recht stattliche Anzahl an Eiern. Die K\u00fcken brauchen menschliche Pflege, denn die Hennen haben, wie bei vielen Haushuhnrassen, den Bruttrieb verloren. Wei\u00dfhauben gibt es in vielen Farben, sie tragen jedoch immer statt eines Kamms die namengebende, kugelf\u00f6rmige, wei\u00dfe Federhaube. Hahn und Henne \u00e4hneln sich, nur Schwanz und Haube sind beim Hahn f\u00fclliger.<\/p>\n","protected":false},"excerpt":{"rendered":"<p>I\u00dft der Papst katholisch?<\/p>\n <a class=\"more-link\" href=\"https:\/\/www.tiergehege-kaisergarten.de\/tg\/unsere-tiere\/voegel\/weisshaube\/\"><span class=\"more-msg\">Weiterlesen &rarr;<\/span><\/a>","protected":false},"author":2,"featured_media":1238,"parent":52,"menu_order":0,"comment_status":"closed","ping_status":"closed","template":"","meta":{"footnotes":""},"class_list":["post-98","page","type-page","status-publish","has-post-thumbnail","hentry"],"_links":{"self":[{"href":"https:\/\/www.tiergehege-kaisergarten.de\/tg\/wp-json\/wp\/v2\/pages\/98","targetHints":{"allow":["GET"]}}],"collection":[{"href":"https:\/\/www.tiergehege-kaisergarten.de\/tg\/wp-json\/wp\/v2\/pages"}],"about":[{"href":"https:\/\/www.tiergehege-kaisergarten.de\/tg\/wp-json\/wp\/v2\/types\/page"}],"author":[{"embeddable":true,"href":"https:\/\/www.tiergehege-kaisergarten.de\/tg\/wp-json\/wp\/v2\/users\/2"}],"replies":[{"embeddable":true,"href":"https:\/\/www.tiergehege-kaisergarten.de\/tg\/wp-json\/wp\/v2\/comments?post=98"}],"version-history":[{"count":5,"href":"https:\/\/www.tiergehege-kaisergarten.de\/tg\/wp-json\/wp\/v2\/pages\/98\/revisions"}],"predecessor-version":[{"id":6061,"href":"https:\/\/www.tiergehege-kaisergarten.de\/tg\/wp-json\/wp\/v2\/pages\/98\/revisions\/6061"}],"up":[{"embeddable":true,"href":"https:\/\/www.tiergehege-kaisergarten.de\/tg\/wp-json\/wp\/v2\/pages\/52"}],"wp:featuredmedia":[{"embeddable":true,"href":"https:\/\/www.tiergehege-kaisergarten.de\/tg\/wp-json\/wp\/v2\/media\/1238"}],"wp:attachment":[{"href":"https:\/\/www.tiergehege-kaisergarten.de\/tg\/wp-json\/wp\/v2\/media?parent=98"}],"curies":[{"name":"wp","href":"https:\/\/api.w.org\/{rel}","templated":true}]}}