{"id":97,"date":"2018-04-27T21:46:23","date_gmt":"2018-04-27T19:46:23","guid":{"rendered":"\/tg\/waschbaer\/"},"modified":"2022-11-15T07:31:32","modified_gmt":"2022-11-15T06:31:32","slug":"waschbaer","status":"publish","type":"page","link":"https:\/\/www.tiergehege-kaisergarten.de\/tg\/unsere-tiere\/beutegreifer\/waschbaer\/","title":{"rendered":"Waschb\u00e4r"},"content":{"rendered":"<p><span style=\"font-family: arial, helvetica, sans-serif;\"><em><strong>Procyon lotor<\/strong><\/em><\/span><\/p>\n<p><span style=\"font-family: arial, helvetica, sans-serif;\"><a href=\"\/tg\/wp-content\/uploads\/sites\/3\/2014\/01\/nabit_karte_waschbaer.jpg\"><img decoding=\"async\" class=\"alignright size-medium wp-image-1530\" src=\"\/tg\/wp-content\/uploads\/sites\/3\/2014\/01\/nabit_karte_waschbaer-300x120.jpg\" alt=\"\" width=\"300\" height=\"120\" srcset=\"https:\/\/www.tiergehege-kaisergarten.de\/tg\/wp-content\/uploads\/2014\/01\/nabit_karte_waschbaer-300x120.jpg 300w, https:\/\/www.tiergehege-kaisergarten.de\/tg\/wp-content\/uploads\/2014\/01\/nabit_karte_waschbaer-150x60.jpg 150w, https:\/\/www.tiergehege-kaisergarten.de\/tg\/wp-content\/uploads\/2014\/01\/nabit_karte_waschbaer-768x307.jpg 768w, https:\/\/www.tiergehege-kaisergarten.de\/tg\/wp-content\/uploads\/2014\/01\/nabit_karte_waschbaer-700x280.jpg 700w\" sizes=\"(max-width: 300px) 100vw, 300px\" \/><\/a>Waschb\u00e4ren wurden als Pelztiere nach Europa eingef\u00fchrt. 1934 wurden die ersten vier Waschb\u00e4ren in Hessen ausgesetzt und vermehrten sich rasch. Heute sind die Neub\u00fcrger in Deutschland weit verbreitet. Waschb\u00e4ren verschlafen den Tag meist in einer Baumh\u00f6hle und nutzen dieses Versteck auch als Geburts- und Kinderstube. Sie klettern gerne und turnen geschickt in den Baumkronen herum. Ihren Namen verdanken sie ihrem ausgepr\u00e4gten Tastsinn: Auf der Suche nach Nahrung greifen sie mit den Vorderpfoten in Spalten und unter Steine und durchpfl\u00fcgen den Gew\u00e4ssergrund. Essbares wird genauestens abgetastet und gelegentlich unter Wasser gedreht; es scheint, als w\u00fcrden die B\u00e4ren ihre Nahrung waschen.<\/span><\/p>\n<p>&nbsp;<\/p>\n<p>M\u00f6chten Sie im <a href=\"https:\/\/www.zootier-lexikon.org\/index.php?option=com_k2&amp;view=item&amp;id=114:waschbaer-procyon-lotor&amp;Itemid=244\">Zootierlexikon<\/a> mehr erfahren?<\/p>\n","protected":false},"excerpt":{"rendered":"<p>I\u00dft der Papst katholisch?<\/p>\n <a class=\"more-link\" href=\"https:\/\/www.tiergehege-kaisergarten.de\/tg\/unsere-tiere\/beutegreifer\/waschbaer\/\"><span class=\"more-msg\">Weiterlesen &rarr;<\/span><\/a>","protected":false},"author":2,"featured_media":1359,"parent":21,"menu_order":0,"comment_status":"closed","ping_status":"closed","template":"","meta":{"footnotes":""},"class_list":["post-97","page","type-page","status-publish","has-post-thumbnail","hentry"],"_links":{"self":[{"href":"https:\/\/www.tiergehege-kaisergarten.de\/tg\/wp-json\/wp\/v2\/pages\/97","targetHints":{"allow":["GET"]}}],"collection":[{"href":"https:\/\/www.tiergehege-kaisergarten.de\/tg\/wp-json\/wp\/v2\/pages"}],"about":[{"href":"https:\/\/www.tiergehege-kaisergarten.de\/tg\/wp-json\/wp\/v2\/types\/page"}],"author":[{"embeddable":true,"href":"https:\/\/www.tiergehege-kaisergarten.de\/tg\/wp-json\/wp\/v2\/users\/2"}],"replies":[{"embeddable":true,"href":"https:\/\/www.tiergehege-kaisergarten.de\/tg\/wp-json\/wp\/v2\/comments?post=97"}],"version-history":[{"count":6,"href":"https:\/\/www.tiergehege-kaisergarten.de\/tg\/wp-json\/wp\/v2\/pages\/97\/revisions"}],"predecessor-version":[{"id":8028,"href":"https:\/\/www.tiergehege-kaisergarten.de\/tg\/wp-json\/wp\/v2\/pages\/97\/revisions\/8028"}],"up":[{"embeddable":true,"href":"https:\/\/www.tiergehege-kaisergarten.de\/tg\/wp-json\/wp\/v2\/pages\/21"}],"wp:featuredmedia":[{"embeddable":true,"href":"https:\/\/www.tiergehege-kaisergarten.de\/tg\/wp-json\/wp\/v2\/media\/1359"}],"wp:attachment":[{"href":"https:\/\/www.tiergehege-kaisergarten.de\/tg\/wp-json\/wp\/v2\/media?parent=97"}],"curies":[{"name":"wp","href":"https:\/\/api.w.org\/{rel}","templated":true}]}}