{"id":96,"date":"2018-04-27T21:46:23","date_gmt":"2018-04-27T19:46:23","guid":{"rendered":"\/tg\/uhu\/"},"modified":"2019-01-03T11:19:53","modified_gmt":"2019-01-03T10:19:53","slug":"uhu","status":"publish","type":"page","link":"https:\/\/www.tiergehege-kaisergarten.de\/tg\/unsere-tiere\/voegel\/uhu\/","title":{"rendered":"Uhu"},"content":{"rendered":"<p><em><strong>Bubo bubo<\/strong><\/em><\/p>\n<p><a href=\"\/tg\/wp-content\/uploads\/sites\/3\/2014\/01\/nabit_karte_uhu.jpg\"><img decoding=\"async\" class=\"alignright size-medium wp-image-1529\" src=\"\/tg\/wp-content\/uploads\/sites\/3\/2014\/01\/nabit_karte_uhu-300x120.jpg\" alt=\"Verbreitungsgebiet des Uhus\" width=\"300\" height=\"120\" srcset=\"https:\/\/www.tiergehege-kaisergarten.de\/tg\/wp-content\/uploads\/2014\/01\/nabit_karte_uhu-300x120.jpg 300w, https:\/\/www.tiergehege-kaisergarten.de\/tg\/wp-content\/uploads\/2014\/01\/nabit_karte_uhu-150x60.jpg 150w, https:\/\/www.tiergehege-kaisergarten.de\/tg\/wp-content\/uploads\/2014\/01\/nabit_karte_uhu-768x307.jpg 768w, https:\/\/www.tiergehege-kaisergarten.de\/tg\/wp-content\/uploads\/2014\/01\/nabit_karte_uhu-700x280.jpg 700w, https:\/\/www.tiergehege-kaisergarten.de\/tg\/wp-content\/uploads\/2014\/01\/nabit_karte_uhu.jpg 1900w\" sizes=\"(max-width: 300px) 100vw, 300px\" \/><\/a>Uhus sind mit einer Spannweite von bis zu 1,70 m die gr\u00f6\u00dften Eulen der Welt. Ihren Namen verdanken sie ihrem Ruf, der wie \u201eU-hu\u201d klingt. M\u00e4nnchen rufen dumpf und tief, Weibchen heller. Sie sind \u00e4u\u00dferst ortstreu. Die vielseitigen J\u00e4ger \u00fcben aus dem Suchflug \u00dcberraschungsangriffe aus, lauern auf einer Ansitzwarte oder jagen am Boden, indem sie halb fliegend, halb springend ihr Opfer verfolgen. Besonders sch\u00e4tzen sie Igel, die sie s\u00e4uberlich aus ihrem Stachelkleid sch\u00e4len. Uhus sind meist d\u00e4mmerungsaktiv; tags\u00fcber schlafen sie versteckt auf B\u00e4umen oder in Felsnischen. Gibt es zu wenig Beutetiere oder m\u00fcssen sie Nachwuchs versorgen, jagen sie auch am Tag. Uhus drohten in Mitteleuropa auszusterben; heute hat sich der Bestand erholt.<\/p>\n","protected":false},"excerpt":{"rendered":"<p>I\u00dft der Papst katholisch?<\/p>\n <a class=\"more-link\" href=\"https:\/\/www.tiergehege-kaisergarten.de\/tg\/unsere-tiere\/voegel\/uhu\/\"><span class=\"more-msg\">Weiterlesen &rarr;<\/span><\/a>","protected":false},"author":2,"featured_media":689,"parent":52,"menu_order":0,"comment_status":"closed","ping_status":"closed","template":"","meta":{"footnotes":""},"class_list":["post-96","page","type-page","status-publish","has-post-thumbnail","hentry"],"_links":{"self":[{"href":"https:\/\/www.tiergehege-kaisergarten.de\/tg\/wp-json\/wp\/v2\/pages\/96","targetHints":{"allow":["GET"]}}],"collection":[{"href":"https:\/\/www.tiergehege-kaisergarten.de\/tg\/wp-json\/wp\/v2\/pages"}],"about":[{"href":"https:\/\/www.tiergehege-kaisergarten.de\/tg\/wp-json\/wp\/v2\/types\/page"}],"author":[{"embeddable":true,"href":"https:\/\/www.tiergehege-kaisergarten.de\/tg\/wp-json\/wp\/v2\/users\/2"}],"replies":[{"embeddable":true,"href":"https:\/\/www.tiergehege-kaisergarten.de\/tg\/wp-json\/wp\/v2\/comments?post=96"}],"version-history":[{"count":4,"href":"https:\/\/www.tiergehege-kaisergarten.de\/tg\/wp-json\/wp\/v2\/pages\/96\/revisions"}],"predecessor-version":[{"id":6059,"href":"https:\/\/www.tiergehege-kaisergarten.de\/tg\/wp-json\/wp\/v2\/pages\/96\/revisions\/6059"}],"up":[{"embeddable":true,"href":"https:\/\/www.tiergehege-kaisergarten.de\/tg\/wp-json\/wp\/v2\/pages\/52"}],"wp:featuredmedia":[{"embeddable":true,"href":"https:\/\/www.tiergehege-kaisergarten.de\/tg\/wp-json\/wp\/v2\/media\/689"}],"wp:attachment":[{"href":"https:\/\/www.tiergehege-kaisergarten.de\/tg\/wp-json\/wp\/v2\/media?parent=96"}],"curies":[{"name":"wp","href":"https:\/\/api.w.org\/{rel}","templated":true}]}}