{"id":95,"date":"2018-04-27T21:46:23","date_gmt":"2018-04-27T19:46:23","guid":{"rendered":"\/tg\/toulouser-gans\/"},"modified":"2019-01-03T11:19:33","modified_gmt":"2019-01-03T10:19:33","slug":"toulouser-gans","status":"publish","type":"page","link":"https:\/\/www.tiergehege-kaisergarten.de\/tg\/unsere-tiere\/voegel\/toulouser-gans\/","title":{"rendered":"Toulouser Gans"},"content":{"rendered":"<p><em><strong>Anser anser f.domestica<\/strong><\/em><\/p>\n<p><a href=\"\/tg\/wp-content\/uploads\/sites\/3\/2014\/01\/nabit_karte_toulouser_gans.jpg\"><img decoding=\"async\" class=\"alignright size-medium wp-image-1528\" src=\"\/tg\/wp-content\/uploads\/sites\/3\/2014\/01\/nabit_karte_toulouser_gans-300x120.jpg\" alt=\"Verbreitungsgebiet der Toulouser Gans\" width=\"300\" height=\"120\" srcset=\"https:\/\/www.tiergehege-kaisergarten.de\/tg\/wp-content\/uploads\/2014\/01\/nabit_karte_toulouser_gans-300x120.jpg 300w, https:\/\/www.tiergehege-kaisergarten.de\/tg\/wp-content\/uploads\/2014\/01\/nabit_karte_toulouser_gans-150x60.jpg 150w, https:\/\/www.tiergehege-kaisergarten.de\/tg\/wp-content\/uploads\/2014\/01\/nabit_karte_toulouser_gans-768x307.jpg 768w, https:\/\/www.tiergehege-kaisergarten.de\/tg\/wp-content\/uploads\/2014\/01\/nabit_karte_toulouser_gans-700x280.jpg 700w, https:\/\/www.tiergehege-kaisergarten.de\/tg\/wp-content\/uploads\/2014\/01\/nabit_karte_toulouser_gans.jpg 800w\" sizes=\"(max-width: 300px) 100vw, 300px\" \/><\/a>Schon seit vielen hundert Jahren wird in der Gegend um Toulouse eine wildfarbene Landgans gez\u00fcchtet. Deren gro\u00dfe Leber wird durch Stopfmast fett gef\u00fcttert und zur traditionellen Leberpastete verarbeitet. Daneben werden Toulouser G\u00e4nse zu Ausstellungszwecken gez\u00fcchtet; die Tiere erhielten vor allem in England und Deutschland die heutige Form. Dieser Schlag geh\u00f6rt zu den gr\u00f6\u00dften und schwersten Hausg\u00e4nsen: Z\u00fcchter vergleichen sie mit einer Lokomotive! Sie leben in Familienverb\u00e4nden mit engen Bindungen untereinander, die auch in gr\u00f6\u00dferen Gruppen erhalten bleiben. Die friedlichen G\u00e4nse verlieren trotz ihrer Masse oft Rangk\u00e4mpfe mit anderen Rassen. Die br\u00fctende Gans wird vom Ganter jedoch mit Zischen und Fl\u00fcgelschlagen verteidigt.<\/p>\n","protected":false},"excerpt":{"rendered":"<p>I\u00dft der Papst katholisch?<\/p>\n <a class=\"more-link\" href=\"https:\/\/www.tiergehege-kaisergarten.de\/tg\/unsere-tiere\/voegel\/toulouser-gans\/\"><span class=\"more-msg\">Weiterlesen &rarr;<\/span><\/a>","protected":false},"author":2,"featured_media":1246,"parent":52,"menu_order":0,"comment_status":"closed","ping_status":"closed","template":"","meta":{"footnotes":""},"class_list":["post-95","page","type-page","status-publish","has-post-thumbnail","hentry"],"_links":{"self":[{"href":"https:\/\/www.tiergehege-kaisergarten.de\/tg\/wp-json\/wp\/v2\/pages\/95","targetHints":{"allow":["GET"]}}],"collection":[{"href":"https:\/\/www.tiergehege-kaisergarten.de\/tg\/wp-json\/wp\/v2\/pages"}],"about":[{"href":"https:\/\/www.tiergehege-kaisergarten.de\/tg\/wp-json\/wp\/v2\/types\/page"}],"author":[{"embeddable":true,"href":"https:\/\/www.tiergehege-kaisergarten.de\/tg\/wp-json\/wp\/v2\/users\/2"}],"replies":[{"embeddable":true,"href":"https:\/\/www.tiergehege-kaisergarten.de\/tg\/wp-json\/wp\/v2\/comments?post=95"}],"version-history":[{"count":4,"href":"https:\/\/www.tiergehege-kaisergarten.de\/tg\/wp-json\/wp\/v2\/pages\/95\/revisions"}],"predecessor-version":[{"id":6057,"href":"https:\/\/www.tiergehege-kaisergarten.de\/tg\/wp-json\/wp\/v2\/pages\/95\/revisions\/6057"}],"up":[{"embeddable":true,"href":"https:\/\/www.tiergehege-kaisergarten.de\/tg\/wp-json\/wp\/v2\/pages\/52"}],"wp:featuredmedia":[{"embeddable":true,"href":"https:\/\/www.tiergehege-kaisergarten.de\/tg\/wp-json\/wp\/v2\/media\/1246"}],"wp:attachment":[{"href":"https:\/\/www.tiergehege-kaisergarten.de\/tg\/wp-json\/wp\/v2\/media?parent=95"}],"curies":[{"name":"wp","href":"https:\/\/api.w.org\/{rel}","templated":true}]}}