{"id":94,"date":"2018-04-27T21:46:23","date_gmt":"2018-04-27T19:46:23","guid":{"rendered":"\/tg\/tarpan\/"},"modified":"2022-11-15T08:51:02","modified_gmt":"2022-11-15T07:51:02","slug":"tarpan","status":"publish","type":"page","link":"https:\/\/www.tiergehege-kaisergarten.de\/tg\/unsere-tiere\/pferde\/tarpan\/","title":{"rendered":"Tarpan"},"content":{"rendered":"<p><span style=\"font-family: arial, helvetica, sans-serif;\"><em><strong>Equus ferus f. caballus<\/strong><\/em><\/span><\/p>\n<p><span style=\"font-family: arial, helvetica, sans-serif;\"><a href=\"\/tg\/wp-content\/uploads\/sites\/3\/2014\/01\/nabit_karte_tarpan.jpg\"><img decoding=\"async\" class=\"alignright size-medium wp-image-1527\" src=\"\/tg\/wp-content\/uploads\/sites\/3\/2014\/01\/nabit_karte_tarpan-300x120.jpg\" alt=\"Verbreitungsgebiet des Tarpans\" width=\"300\" height=\"120\" srcset=\"https:\/\/www.tiergehege-kaisergarten.de\/tg\/wp-content\/uploads\/2014\/01\/nabit_karte_tarpan-300x120.jpg 300w, https:\/\/www.tiergehege-kaisergarten.de\/tg\/wp-content\/uploads\/2014\/01\/nabit_karte_tarpan-150x60.jpg 150w, https:\/\/www.tiergehege-kaisergarten.de\/tg\/wp-content\/uploads\/2014\/01\/nabit_karte_tarpan.jpg 600w\" sizes=\"(max-width: 300px) 100vw, 300px\" \/><\/a>Pr\u00e4historische Funde zeigen, dass Tarpane einst von Spanien bis in die Ukraine verbreitet waren. Im 18.Jh. gab es diese Wildpferde jedoch nur noch in Osteuropa. Tarpane sind ausgestorben; die letzten wurden eingefangen und in die Ponyrasse \u201eKonik\u201d eingekreuzt. Heute gibt es nur Abbildz\u00fcchtungen, die durch Kreuzung von Koniks, Island- und D\u00fclmener Pferden mit den letzten Wildpferden, den so genannten Przewalski-Pferden, entstanden sind. Moderne Tarpane tragen Wildpferdmerkmale wie den Aalstrich auf dem R\u00fccken und zumindest den Ansatz einer Stehm\u00e4hne. Sie sind ruhig, intelligent und unabh\u00e4ngig. Auch mit Reiter treffen sie gern eigene Entscheidungen. In Polen h\u00e4lt man sie zum Teil noch fast wie Wildpferde.<\/span><\/p>\n<p>&nbsp;<\/p>\n<p>M\u00f6chten Sie im <a href=\"https:\/\/www.zootier-lexikon.org\/index.php?option=com_k2&amp;view=item&amp;id=7097:przewalskipferd-equus-ferus-przewalskii&amp;Itemid=168\">Zootierlexikon<\/a> mehr erfahren?<\/p>\n","protected":false},"excerpt":{"rendered":"<p>I\u00dft der Papst katholisch?<\/p>\n <a class=\"more-link\" href=\"https:\/\/www.tiergehege-kaisergarten.de\/tg\/unsere-tiere\/pferde\/tarpan\/\"><span class=\"more-msg\">Weiterlesen &rarr;<\/span><\/a>","protected":false},"author":2,"featured_media":719,"parent":19,"menu_order":0,"comment_status":"closed","ping_status":"closed","template":"","meta":{"footnotes":""},"class_list":["post-94","page","type-page","status-publish","has-post-thumbnail","hentry"],"_links":{"self":[{"href":"https:\/\/www.tiergehege-kaisergarten.de\/tg\/wp-json\/wp\/v2\/pages\/94","targetHints":{"allow":["GET"]}}],"collection":[{"href":"https:\/\/www.tiergehege-kaisergarten.de\/tg\/wp-json\/wp\/v2\/pages"}],"about":[{"href":"https:\/\/www.tiergehege-kaisergarten.de\/tg\/wp-json\/wp\/v2\/types\/page"}],"author":[{"embeddable":true,"href":"https:\/\/www.tiergehege-kaisergarten.de\/tg\/wp-json\/wp\/v2\/users\/2"}],"replies":[{"embeddable":true,"href":"https:\/\/www.tiergehege-kaisergarten.de\/tg\/wp-json\/wp\/v2\/comments?post=94"}],"version-history":[{"count":7,"href":"https:\/\/www.tiergehege-kaisergarten.de\/tg\/wp-json\/wp\/v2\/pages\/94\/revisions"}],"predecessor-version":[{"id":6011,"href":"https:\/\/www.tiergehege-kaisergarten.de\/tg\/wp-json\/wp\/v2\/pages\/94\/revisions\/6011"}],"up":[{"embeddable":true,"href":"https:\/\/www.tiergehege-kaisergarten.de\/tg\/wp-json\/wp\/v2\/pages\/19"}],"wp:featuredmedia":[{"embeddable":true,"href":"https:\/\/www.tiergehege-kaisergarten.de\/tg\/wp-json\/wp\/v2\/media\/719"}],"wp:attachment":[{"href":"https:\/\/www.tiergehege-kaisergarten.de\/tg\/wp-json\/wp\/v2\/media?parent=94"}],"curies":[{"name":"wp","href":"https:\/\/api.w.org\/{rel}","templated":true}]}}