{"id":9,"date":"2018-04-27T21:46:20","date_gmt":"2018-04-27T19:46:20","guid":{"rendered":"\/tg\/naturerlebnisschule\/"},"modified":"2025-02-19T11:56:00","modified_gmt":"2025-02-19T10:56:00","slug":"naturerlebnisschule","status":"publish","type":"page","link":"https:\/\/www.tiergehege-kaisergarten.de\/tg\/naturerlebnisschule\/","title":{"rendered":"NaturErlebnisSchule"},"content":{"rendered":"<p><span style=\"font-family: arial, helvetica, sans-serif;\"><strong>Was bieten wir?<\/strong><\/span><\/p>\n<p><span style=\"font-family: arial, helvetica, sans-serif;\">Das Team unserer NaturErlebnisSchule bietet Kindern, Jugendlichen und Erwachsenen die direkte Begegnung mit einheimischen Tieren und Haustieren, vermittelt dabei viel Wissenswertes und macht dieses Abenteuer somit zu einem unvergesslichen Erlebnis.<\/span><\/p>\n<p><span style=\"font-family: arial, helvetica, sans-serif;\">Sowohl Kinder aller Altersstufen als auch Erwachsene haben hier barrierefrei die Gelegenheit, sehr viel Wissenswertes \u00fcber heimische Tiere, ihre Biologie und Lebensr\u00e4ume, aber auch \u00fcber seltene Haustierrassen zu erfahren.<\/span><\/p>\n<p><span style=\"font-family: arial, helvetica, sans-serif;\">Wir bieten dabei nicht nur Kindergeburtstage und F\u00fchrungen f\u00fcr Kinderg\u00e4rten und Schulen an, sondern f\u00fchren auch gerne Erwachsene oder Senioren durch das nat\u00fcrlich barrierefreie Tiergehege.<\/span><\/p>\n<p><span style=\"font-family: arial, helvetica, sans-serif;\">Besonderen Wert legen wir auf Anschaulichkeit, auf Erfassen und Begreifen, um so den Besuch m\u00f6glichst spannend, informativ, erlebnisreich und nachhaltig werden zu lassen.<\/span><\/p>\n<p><span style=\"font-family: arial, helvetica, sans-serif;\">F\u00fcr weitere Informationen oder Terminabsprachen erreichen Sie uns montags bis donnerstags telefonisch unter der Rufnummer 0208 377 0612 von 10 Uhr bis 12:00 Uhr. <\/span><span style=\"font-family: arial, helvetica, sans-serif;\">Oder per Mail unter\u00a0 \u00a0 \u00a0 <\/span><span style=\"font-family: arial, helvetica, sans-serif;\">&#101;&#x76;&#101;&#x6e;&#116;&#x2d;t&#x69;e&#x72;g&#101;&#x68;&#101;&#x67;&#101;&#x40;&#115;&#x62;o&#x2e;o&#x62;e&#114;&#x68;&#97;&#x75;&#115;&#x65;&#110;&#x2e;d&#x65;.<\/span><\/p>\n","protected":false},"excerpt":{"rendered":"<p>I\u00dft der Papst katholisch?<\/p>\n <a class=\"more-link\" href=\"https:\/\/www.tiergehege-kaisergarten.de\/tg\/naturerlebnisschule\/\"><span class=\"more-msg\">Weiterlesen &rarr;<\/span><\/a>","protected":false},"author":2,"featured_media":2175,"parent":0,"menu_order":60,"comment_status":"closed","ping_status":"closed","template":"","meta":{"footnotes":""},"class_list":["post-9","page","type-page","status-publish","has-post-thumbnail","hentry"],"_links":{"self":[{"href":"https:\/\/www.tiergehege-kaisergarten.de\/tg\/wp-json\/wp\/v2\/pages\/9","targetHints":{"allow":["GET"]}}],"collection":[{"href":"https:\/\/www.tiergehege-kaisergarten.de\/tg\/wp-json\/wp\/v2\/pages"}],"about":[{"href":"https:\/\/www.tiergehege-kaisergarten.de\/tg\/wp-json\/wp\/v2\/types\/page"}],"author":[{"embeddable":true,"href":"https:\/\/www.tiergehege-kaisergarten.de\/tg\/wp-json\/wp\/v2\/users\/2"}],"replies":[{"embeddable":true,"href":"https:\/\/www.tiergehege-kaisergarten.de\/tg\/wp-json\/wp\/v2\/comments?post=9"}],"version-history":[{"count":23,"href":"https:\/\/www.tiergehege-kaisergarten.de\/tg\/wp-json\/wp\/v2\/pages\/9\/revisions"}],"predecessor-version":[{"id":8559,"href":"https:\/\/www.tiergehege-kaisergarten.de\/tg\/wp-json\/wp\/v2\/pages\/9\/revisions\/8559"}],"wp:featuredmedia":[{"embeddable":true,"href":"https:\/\/www.tiergehege-kaisergarten.de\/tg\/wp-json\/wp\/v2\/media\/2175"}],"wp:attachment":[{"href":"https:\/\/www.tiergehege-kaisergarten.de\/tg\/wp-json\/wp\/v2\/media?parent=9"}],"curies":[{"name":"wp","href":"https:\/\/api.w.org\/{rel}","templated":true}]}}