{"id":89,"date":"2018-04-27T21:46:23","date_gmt":"2018-04-27T19:46:23","guid":{"rendered":"\/tg\/luchs\/"},"modified":"2022-11-15T07:27:48","modified_gmt":"2022-11-15T06:27:48","slug":"luchs","status":"publish","type":"page","link":"https:\/\/www.tiergehege-kaisergarten.de\/tg\/unsere-tiere\/beutegreifer\/luchs\/","title":{"rendered":"Luchs"},"content":{"rendered":"<p><span style=\"font-family: arial, helvetica, sans-serif;\"><em><strong>Lynx lynx<\/strong><\/em><\/span><\/p>\n<p><span style=\"font-family: arial, helvetica, sans-serif;\"><a href=\"\/tg\/wp-content\/uploads\/sites\/3\/2014\/01\/nabit_karte_nordluchs.jpg\"><img decoding=\"async\" class=\"alignright size-medium wp-image-1514\" src=\"\/tg\/wp-content\/uploads\/sites\/3\/2014\/01\/nabit_karte_nordluchs-300x120.jpg\" alt=\"Verbreitungsgebiet des Nordluchses\" width=\"300\" height=\"120\" srcset=\"https:\/\/www.tiergehege-kaisergarten.de\/tg\/wp-content\/uploads\/2014\/01\/nabit_karte_nordluchs-300x120.jpg 300w, https:\/\/www.tiergehege-kaisergarten.de\/tg\/wp-content\/uploads\/2014\/01\/nabit_karte_nordluchs-150x60.jpg 150w, https:\/\/www.tiergehege-kaisergarten.de\/tg\/wp-content\/uploads\/2014\/01\/nabit_karte_nordluchs-768x307.jpg 768w, https:\/\/www.tiergehege-kaisergarten.de\/tg\/wp-content\/uploads\/2014\/01\/nabit_karte_nordluchs-700x280.jpg 700w\" sizes=\"(max-width: 300px) 100vw, 300px\" \/><\/a>Der Luchs war einst in weiten Teilen Europas verbreitet. Vielerorts galt er als Wildr\u00e4uber und wurde bejagt bis zur fast v\u00f6lligen Ausrottung. Mittlerweile erkennt man seinen Wert als \u201eGesundheitspolizei\u201d, da er meist schwache und kranke Tiere erlegt, und setzt sich f\u00fcr eine Wiedereinb\u00fcrgerung ein. Der Luchs ist an das Leben in schneereichen Gebieten bestens angepasst: Seine breiten Pfoten mit dichtem Haarpolster tragen ihn wie Schneeschuhe und die langen Beine erm\u00f6glichen schnelle Spurts und kraftvolle Spr\u00fcnge. Die Pinselohren sorgen f\u00fcr eine genaue Schallorientierung und unterst\u00fctzen das Tier bei der Jagd. Der meist nachtaktive Luchs lebt als Einzelg\u00e4nger in bis zu 60 km\u00b2 gro\u00dfen Revieren. In Mitteleuropa ist sein Bestand bedroht.<\/span><\/p>\n<p>&nbsp;<\/p>\n<p>M\u00f6chten Sie im <a href=\"https:\/\/www.zootier-lexikon.org\/index.php?option=com_k2&amp;view=item&amp;id=144:eurasischer-luchs-lynx-lynx&amp;Itemid=247\">Zootierlexikon<\/a> mehr erfahren?<\/p>\n","protected":false},"excerpt":{"rendered":"<p>I\u00dft der Papst katholisch?<\/p>\n <a class=\"more-link\" href=\"https:\/\/www.tiergehege-kaisergarten.de\/tg\/unsere-tiere\/beutegreifer\/luchs\/\"><span class=\"more-msg\">Weiterlesen &rarr;<\/span><\/a>","protected":false},"author":2,"featured_media":1780,"parent":21,"menu_order":0,"comment_status":"closed","ping_status":"closed","template":"","meta":{"footnotes":""},"class_list":["post-89","page","type-page","status-publish","has-post-thumbnail","hentry"],"_links":{"self":[{"href":"https:\/\/www.tiergehege-kaisergarten.de\/tg\/wp-json\/wp\/v2\/pages\/89","targetHints":{"allow":["GET"]}}],"collection":[{"href":"https:\/\/www.tiergehege-kaisergarten.de\/tg\/wp-json\/wp\/v2\/pages"}],"about":[{"href":"https:\/\/www.tiergehege-kaisergarten.de\/tg\/wp-json\/wp\/v2\/types\/page"}],"author":[{"embeddable":true,"href":"https:\/\/www.tiergehege-kaisergarten.de\/tg\/wp-json\/wp\/v2\/users\/2"}],"replies":[{"embeddable":true,"href":"https:\/\/www.tiergehege-kaisergarten.de\/tg\/wp-json\/wp\/v2\/comments?post=89"}],"version-history":[{"count":6,"href":"https:\/\/www.tiergehege-kaisergarten.de\/tg\/wp-json\/wp\/v2\/pages\/89\/revisions"}],"predecessor-version":[{"id":5790,"href":"https:\/\/www.tiergehege-kaisergarten.de\/tg\/wp-json\/wp\/v2\/pages\/89\/revisions\/5790"}],"up":[{"embeddable":true,"href":"https:\/\/www.tiergehege-kaisergarten.de\/tg\/wp-json\/wp\/v2\/pages\/21"}],"wp:featuredmedia":[{"embeddable":true,"href":"https:\/\/www.tiergehege-kaisergarten.de\/tg\/wp-json\/wp\/v2\/media\/1780"}],"wp:attachment":[{"href":"https:\/\/www.tiergehege-kaisergarten.de\/tg\/wp-json\/wp\/v2\/media?parent=89"}],"curies":[{"name":"wp","href":"https:\/\/api.w.org\/{rel}","templated":true}]}}