{"id":8849,"date":"2026-01-15T09:57:15","date_gmt":"2026-01-15T08:57:15","guid":{"rendered":"\/tg\/?page_id=8849"},"modified":"2026-01-15T10:29:00","modified_gmt":"2026-01-15T09:29:00","slug":"meet-and-greet-mit-unseren-huehnern","status":"publish","type":"page","link":"https:\/\/www.tiergehege-kaisergarten.de\/tg\/naturerlebnisschule\/schulklassen\/meet-and-greet-mit-unseren-huehnern\/","title":{"rendered":"Meet and Greet mit unseren H\u00fchnern"},"content":{"rendered":"<p><strong>F\u00fchrung f\u00fcr die 5. bis 8. Klasse<\/strong><\/p>\n<p data-start=\"85\" data-end=\"170\">Wie wird aus einem Ei ein Huhn?<br data-start=\"118\" data-end=\"121\" \/>Und woher stammen eigentlich unsere Haush\u00fchner?<\/p>\n<p data-start=\"172\" data-end=\"464\">Diese und weitere spannende Fragen beantworten wir beim <strong data-start=\"228\" data-end=\"264\">Meet &amp; Greet mit unseren H\u00fchnern<\/strong>. Die Sch\u00fclerinnen und Sch\u00fcler lernen verschiedene unserer H\u00fchnerrassen kennen, begegnen dem Urhuhn an seinem Gehege und entdecken, wie vielf\u00e4ltig die Verwandtschaft unserer heutigen Haush\u00fchner ist.<\/p>\n<p data-start=\"466\" data-end=\"591\" data-is-last-node=\"\" data-is-only-node=\"\">Mithilfe eines Modells wird au\u00dferdem die Entwicklung des Huhns im Ei erkl\u00e4rt und Schritt f\u00fcr Schritt nachvollziehbar gemacht.<\/p>\n<p>Wir freuen uns auf Ihre Anmeldung.<a href=\"\/tg\/anmeldeformular-fuer-fuehrungen\/\">\u00a0<strong>Hier geht es zum Anmelde-Formular.<\/strong><\/a><\/p>\n<p>&nbsp;<\/p>\n","protected":false},"excerpt":{"rendered":"<p>F\u00fchrung f\u00fcr die 5. bis 8. Klasse Wie wird aus einem Ei ein Huhn?Und woher stammen eigentlich unsere Haush\u00fchner? Diese <span class=\"excerpt-dots\">&hellip;<\/span> <a class=\"more-link\" href=\"https:\/\/www.tiergehege-kaisergarten.de\/tg\/naturerlebnisschule\/schulklassen\/meet-and-greet-mit-unseren-huehnern\/\"><span class=\"more-msg\">Weiterlesen &rarr;<\/span><\/a><\/p>\n","protected":false},"author":35,"featured_media":6035,"parent":25,"menu_order":0,"comment_status":"closed","ping_status":"closed","template":"","meta":{"footnotes":""},"class_list":["post-8849","page","type-page","status-publish","has-post-thumbnail","hentry"],"_links":{"self":[{"href":"https:\/\/www.tiergehege-kaisergarten.de\/tg\/wp-json\/wp\/v2\/pages\/8849","targetHints":{"allow":["GET"]}}],"collection":[{"href":"https:\/\/www.tiergehege-kaisergarten.de\/tg\/wp-json\/wp\/v2\/pages"}],"about":[{"href":"https:\/\/www.tiergehege-kaisergarten.de\/tg\/wp-json\/wp\/v2\/types\/page"}],"author":[{"embeddable":true,"href":"https:\/\/www.tiergehege-kaisergarten.de\/tg\/wp-json\/wp\/v2\/users\/35"}],"replies":[{"embeddable":true,"href":"https:\/\/www.tiergehege-kaisergarten.de\/tg\/wp-json\/wp\/v2\/comments?post=8849"}],"version-history":[{"count":8,"href":"https:\/\/www.tiergehege-kaisergarten.de\/tg\/wp-json\/wp\/v2\/pages\/8849\/revisions"}],"predecessor-version":[{"id":8860,"href":"https:\/\/www.tiergehege-kaisergarten.de\/tg\/wp-json\/wp\/v2\/pages\/8849\/revisions\/8860"}],"up":[{"embeddable":true,"href":"https:\/\/www.tiergehege-kaisergarten.de\/tg\/wp-json\/wp\/v2\/pages\/25"}],"wp:featuredmedia":[{"embeddable":true,"href":"https:\/\/www.tiergehege-kaisergarten.de\/tg\/wp-json\/wp\/v2\/media\/6035"}],"wp:attachment":[{"href":"https:\/\/www.tiergehege-kaisergarten.de\/tg\/wp-json\/wp\/v2\/media?parent=8849"}],"curies":[{"name":"wp","href":"https:\/\/api.w.org\/{rel}","templated":true}]}}