{"id":8721,"date":"2025-11-05T11:24:43","date_gmt":"2025-11-05T10:24:43","guid":{"rendered":"\/tg\/?page_id=8721"},"modified":"2025-11-05T11:24:43","modified_gmt":"2025-11-05T10:24:43","slug":"anmeldeformular-fuer-fuehrungen","status":"publish","type":"page","link":"https:\/\/www.tiergehege-kaisergarten.de\/tg\/anmeldeformular-fuer-fuehrungen\/","title":{"rendered":"Anmeldeformular f\u00fcr F\u00fchrungen"},"content":{"rendered":"\n<div class=\"wpcf7 no-js\" id=\"wpcf7-f8718-o1\" lang=\"de-DE\" dir=\"ltr\" data-wpcf7-id=\"8718\">\n<div class=\"screen-reader-response\"><p role=\"status\" aria-live=\"polite\" aria-atomic=\"true\"><\/p> <ul><\/ul><\/div>\n<form action=\"\/tg\/wp-json\/wp\/v2\/pages\/8721#wpcf7-f8718-o1\" method=\"post\" class=\"wpcf7-form init\" aria-label=\"Kontaktformular\" novalidate=\"novalidate\" data-status=\"init\">\n<fieldset class=\"hidden-fields-container\"><input type=\"hidden\" name=\"_wpcf7\" value=\"8718\" \/><input type=\"hidden\" name=\"_wpcf7_version\" value=\"6.1.1\" \/><input type=\"hidden\" name=\"_wpcf7_locale\" value=\"de_DE_formal\" \/><input type=\"hidden\" name=\"_wpcf7_unit_tag\" value=\"wpcf7-f8718-o1\" \/><input type=\"hidden\" name=\"_wpcf7_container_post\" value=\"0\" \/><input type=\"hidden\" name=\"_wpcf7_posted_data_hash\" value=\"\" \/>\n<\/fieldset>\n<h3>Welche F\u00fchrung m\u00f6chten Sie buchen?\n<\/h3>\n<p><br \/>\n<span class=\"wpcf7-form-control-wrap\" data-name=\"your-subject\"><select class=\"wpcf7-form-control wpcf7-select\" aria-invalid=\"false\" name=\"your-subject\"><option value=\"Bitte w\u00e4hlen\">Bitte w\u00e4hlen<\/option><option value=\"F\u00fcr Kinderg\u00e4rten: Waldtiere\">F\u00fcr Kinderg\u00e4rten: Waldtiere<\/option><option value=\"F\u00fcr Schulklassen: Einheimische Tiere\">F\u00fcr Schulklassen: Einheimische Tiere<\/option><option value=\"Anfragen zu weiteren Themen\">Anfragen zu weiteren Themen<\/option><\/select><\/span>\n<\/p>\n<p>Klasse \/ Altersstufe\n<\/p>\n<p><span class=\"wpcf7-form-control-wrap\" data-name=\"your-klasse\"><input size=\"40\" maxlength=\"400\" class=\"wpcf7-form-control wpcf7-text wpcf7-validates-as-required\" aria-required=\"true\" aria-invalid=\"false\" value=\"\" type=\"text\" name=\"your-klasse\" \/><\/span>\n<\/p>\n<div style=\"float:left;padding-right:15px;\">\n\t<p>Wunschtermin*\n\t<\/p>\n\t<p><span class=\"wpcf7-form-control-wrap\" data-name=\"your-date\"><input class=\"wpcf7-form-control wpcf7-date wpcf7-validates-as-required wpcf7-validates-as-date\" aria-required=\"true\" aria-invalid=\"false\" value=\"\" type=\"date\" name=\"your-date\" \/><\/span>\n\t<\/p>\n<\/div>\n<div style=\"float:left;\">\n\t<p>Wunsch-Uhrzeit\n\t<\/p>\n\t<p><span class=\"wpcf7-form-control-wrap\" data-name=\"your-time\"><input size=\"20\" maxlength=\"400\" class=\"wpcf7-form-control wpcf7-text\" aria-invalid=\"false\" value=\"\" type=\"text\" name=\"your-time\" \/><\/span>\n\t<\/p>\n<\/div>\n<div style=\"clear:both;\">\n<\/div>\n<h3>Kontaktdaten\n<\/h3>\n<p>Ihr Name* (Pflichtfeld)\n<\/p>\n<p><span class=\"wpcf7-form-control-wrap\" data-name=\"your-name\"><input size=\"40\" maxlength=\"400\" class=\"wpcf7-form-control wpcf7-text wpcf7-validates-as-required\" aria-required=\"true\" aria-invalid=\"false\" value=\"\" type=\"text\" name=\"your-name\" \/><\/span>\n<\/p>\n<p><br \/>\nName der Einrichtung*\n<\/p>\n<p><span class=\"wpcf7-form-control-wrap\" data-name=\"your-einrichtung\"><input size=\"40\" maxlength=\"400\" class=\"wpcf7-form-control wpcf7-text wpcf7-validates-as-required\" aria-required=\"true\" aria-invalid=\"false\" value=\"\" type=\"text\" name=\"your-einrichtung\" \/><\/span>\n<\/p>\n<div style=\"float:left;padding-right:15px;\">\n\t<p>Ihre E-Mail-Adresse*\n\t<\/p>\n\t<p><span class=\"wpcf7-form-control-wrap\" data-name=\"your-email\"><input size=\"20\" maxlength=\"400\" class=\"wpcf7-form-control wpcf7-email wpcf7-validates-as-required wpcf7-text wpcf7-validates-as-email\" aria-required=\"true\" aria-invalid=\"false\" value=\"\" type=\"email\" name=\"your-email\" \/><\/span><label> <span id=\"wpcf7-69deccba79a6f-wrapper\" class=\"wpcf7-form-control-wrap homepage-wrap\" style=\"display:none !important; visibility:hidden !important;\"><label for=\"hp-531tg\" class=\"hp-message\">Bitte lassen Sie dieses Feld leer.<\/label><input id=\"hp-531tg\"  class=\"wpcf7-form-control wpcf7-text\" type=\"text\" name=\"homepage\" value=\"\" size=\"40\" tabindex=\"-1\" autocomplete=\"new-password\" \/><\/span><\/label>\n\t<\/p>\n<\/div>\n<div style=\"float:left;\">\n\t<p>Telefon\n\t<\/p>\n\t<p><span class=\"wpcf7-form-control-wrap\" data-name=\"your-tel\"><input size=\"20\" maxlength=\"400\" class=\"wpcf7-form-control wpcf7-tel wpcf7-text wpcf7-validates-as-tel\" aria-invalid=\"false\" value=\"0208\" type=\"tel\" name=\"your-tel\" \/><\/span>\n\t<\/p>\n<\/div>\n<div style=\"clear:both;\">\n<\/div>\n<div style=\"float:left;padding-right:15px;\">\n\t<p>Stra\u00dfe\/Nr.\n\t<\/p>\n\t<p><span class=\"wpcf7-form-control-wrap\" data-name=\"your-steet\"><input size=\"20\" maxlength=\"400\" class=\"wpcf7-form-control wpcf7-text\" aria-invalid=\"false\" value=\"\" type=\"text\" name=\"your-steet\" \/><\/span>\n\t<\/p>\n<\/div>\n<div style=\"float:left;\">\n\t<p>PLZ\/Ort\n\t<\/p>\n\t<p><span class=\"wpcf7-form-control-wrap\" data-name=\"your-town\"><input size=\"20\" maxlength=\"400\" class=\"wpcf7-form-control wpcf7-text\" aria-invalid=\"false\" value=\"Oberhausen\" type=\"text\" name=\"your-town\" \/><\/span>\n\t<\/p>\n<\/div>\n<div style=\"clear:both;\">\n<\/div>\n<p>Fragen, W\u00fcnsche oder Anmerkungen\n<\/p>\n<p><span class=\"wpcf7-form-control-wrap\" data-name=\"your-message\"><textarea cols=\"40\" rows=\"10\" maxlength=\"2000\" class=\"wpcf7-form-control wpcf7-textarea\" aria-invalid=\"false\" name=\"your-message\"><\/textarea><\/span>\n<\/p>\n<p>*Pflichtfelder m\u00fcssen ausgef\u00fcllt werden\n<\/p>\n<p><a title=\"Datenschutzerkl\u00e4rung\" href=\"\/tg\/?p=3703\" target=\"_blank\"><strong>Einwilligungserkl\u00e4rung Datenschutz*:<\/strong> (Pflichtfeld) Link zur Datenschutzerkl\u00e4rung<\/a><br \/>\n<span class=\"wpcf7-form-control-wrap\" data-name=\"acceptance-datenschutz\"><span class=\"wpcf7-form-control wpcf7-acceptance\"><span class=\"wpcf7-list-item\"><label><input type=\"checkbox\" name=\"acceptance-datenschutz\" value=\"1\" aria-invalid=\"false\" \/><span class=\"wpcf7-list-item-label\">Ja, ich habe die Datenschutzerkl\u00e4rung zur Kenntnis genommen und bin damit einverstanden, dass die von mir angegebenen Daten elektronisch erhoben und gespeichert werden. Meine Daten werden dabei nur streng zweckgebunden zur Bearbeitung und Beantwortung meiner Anfrage genutzt. Diese Einwilligung k\u00f6nnen Sie jederzeit durch Nachricht an uns widerrufen. Im Falle des Widerrufs werden wir Ihre Daten schnellstm\u00f6glich l\u00f6schen.<\/span><\/label><\/span><\/span><\/span>\n<\/p>\n<p><strong><a title=\"Datenschutzerkl\u00e4rung\" href=\"\/tg\/?p=3703\" target=\"_blank\">Hinweis zum Datenschutz<\/a>:<\/strong>\n<\/p>\n<p>Die von Ihnen im Kontaktformular an die SBO Servicebetriebe Oberhausen gerichteten Anfragen werden \u00fcber einen sicheren Transportweg an die SBO \u00fcbermittelt. Dabei \u00fcbermittelten Sie folgende Kategorien:\n<\/p>\n<ul>\n\t<li>\n\t\t<p>Kontaktdaten (E-Mail, Name) sowie\n\t\t<\/p>\n\t<\/li>\n\t<li>\n\t\t<p>Inhaltsinformationen gem\u00e4\u00df Ihrem Anliegen.\n\t\t<\/p>\n\t<\/li>\n<\/ul>\n<p>Alle weiteren Informationen entnehmen Sie bitte <a title=\"Datenschutzerkl\u00e4rung\" href=\/tg\"\/?p=3703\" target=\"_blank\">der Datenschutzerkl\u00e4rung<\/a>.\n<\/p>\n<p><input class=\"wpcf7-form-control wpcf7-submit has-spinner\" type=\"submit\" value=\"Senden\" \/>\n<\/p><div class=\"wpcf7-response-output\" aria-hidden=\"true\"><\/div>\n<\/form>\n<\/div>\n\n","protected":false},"excerpt":{"rendered":" <a class=\"more-link\" href=\"https:\/\/www.tiergehege-kaisergarten.de\/tg\/anmeldeformular-fuer-fuehrungen\/\"><span class=\"more-msg\">Weiterlesen &rarr;<\/span><\/a>","protected":false},"author":35,"featured_media":0,"parent":0,"menu_order":0,"comment_status":"closed","ping_status":"closed","template":"","meta":{"footnotes":""},"class_list":["post-8721","page","type-page","status-publish","hentry"],"_links":{"self":[{"href":"https:\/\/www.tiergehege-kaisergarten.de\/tg\/wp-json\/wp\/v2\/pages\/8721","targetHints":{"allow":["GET"]}}],"collection":[{"href":"https:\/\/www.tiergehege-kaisergarten.de\/tg\/wp-json\/wp\/v2\/pages"}],"about":[{"href":"https:\/\/www.tiergehege-kaisergarten.de\/tg\/wp-json\/wp\/v2\/types\/page"}],"author":[{"embeddable":true,"href":"https:\/\/www.tiergehege-kaisergarten.de\/tg\/wp-json\/wp\/v2\/users\/35"}],"replies":[{"embeddable":true,"href":"https:\/\/www.tiergehege-kaisergarten.de\/tg\/wp-json\/wp\/v2\/comments?post=8721"}],"version-history":[{"count":1,"href":"https:\/\/www.tiergehege-kaisergarten.de\/tg\/wp-json\/wp\/v2\/pages\/8721\/revisions"}],"predecessor-version":[{"id":8722,"href":"https:\/\/www.tiergehege-kaisergarten.de\/tg\/wp-json\/wp\/v2\/pages\/8721\/revisions\/8722"}],"wp:attachment":[{"href":"https:\/\/www.tiergehege-kaisergarten.de\/tg\/wp-json\/wp\/v2\/media?parent=8721"}],"curies":[{"name":"wp","href":"https:\/\/api.w.org\/{rel}","templated":true}]}}