{"id":86,"date":"2018-04-27T21:46:22","date_gmt":"2018-04-27T19:46:22","guid":{"rendered":"\/tg\/nutria\/"},"modified":"2022-11-15T07:40:39","modified_gmt":"2022-11-15T06:40:39","slug":"nutria","status":"publish","type":"page","link":"https:\/\/www.tiergehege-kaisergarten.de\/tg\/unsere-tiere\/nager\/nutria\/","title":{"rendered":"Nutria"},"content":{"rendered":"<p><span style=\"font-family: arial, helvetica, sans-serif;\"><em><strong>Myocastor coypus<\/strong><\/em><\/span><\/p>\n<p><span style=\"font-family: arial, helvetica, sans-serif;\"><a href=\"\/tg\/wp-content\/uploads\/sites\/3\/2014\/01\/nabit_karte_nutria.jpg\"><img decoding=\"async\" class=\"alignright size-medium wp-image-1515\" src=\"\/tg\/wp-content\/uploads\/sites\/3\/2014\/01\/nabit_karte_nutria-300x120.jpg\" alt=\"Verbreitungsgebiet des Nutria\" width=\"300\" height=\"120\" srcset=\"https:\/\/www.tiergehege-kaisergarten.de\/tg\/wp-content\/uploads\/2014\/01\/nabit_karte_nutria-300x120.jpg 300w, https:\/\/www.tiergehege-kaisergarten.de\/tg\/wp-content\/uploads\/2014\/01\/nabit_karte_nutria-150x60.jpg 150w, https:\/\/www.tiergehege-kaisergarten.de\/tg\/wp-content\/uploads\/2014\/01\/nabit_karte_nutria-768x307.jpg 768w, https:\/\/www.tiergehege-kaisergarten.de\/tg\/wp-content\/uploads\/2014\/01\/nabit_karte_nutria-700x280.jpg 700w\" sizes=\"(max-width: 300px) 100vw, 300px\" \/><\/a>Nutrias waren urspr\u00fcnglich nur in S\u00fcdamerika beheimatet. Im 19. Jh. wurden sie dort wegen ihres damals sehr begehrten Pelzes so stark bejagt, dass sie vom Aussterben bedroht waren. Schutzma\u00dfnahmen und zunehmende Farmhaltung f\u00fchrten wieder zum Anstieg des Bestandes. Aus Pelztierfarmen entkommene Nutrias haben sich auch in anderen Regionen der Welt angesiedelt, \u00fcberstehen allerdings strenge Winter nur selten. Die Tiere verbringen die meiste Zeit im Wasser; dank der Schwimmh\u00e4ute an den Hinterbeinen schwimmen sie sehr gut. Nutrias betreiben ausgiebige Fellpflege: Immer wieder streichen sie mit den Vorderf\u00fc\u00dfen \u00fcber die Fettdr\u00fcsen in den Mundwinkeln und k\u00e4mmen ausgiebig mit F\u00fc\u00dfen und Z\u00e4hnen ihr Fell.<\/span><\/p>\n<p>&nbsp;<\/p>\n<p>M\u00f6chten Sie im <a href=\"https:\/\/www.zootier-lexikon.org\/index.php?option=com_k2&amp;view=item&amp;id=281:nutria-myocastor-coypus&amp;Itemid=280\">Zootierlexikon<\/a> mehr erfahren?<\/p>\n","protected":false},"excerpt":{"rendered":"<p>I\u00dft der Papst katholisch?<\/p>\n <a class=\"more-link\" href=\"https:\/\/www.tiergehege-kaisergarten.de\/tg\/unsere-tiere\/nager\/nutria\/\"><span class=\"more-msg\">Weiterlesen &rarr;<\/span><\/a>","protected":false},"author":2,"featured_media":1361,"parent":51,"menu_order":0,"comment_status":"closed","ping_status":"closed","template":"","meta":{"footnotes":""},"class_list":["post-86","page","type-page","status-publish","has-post-thumbnail","hentry"],"_links":{"self":[{"href":"https:\/\/www.tiergehege-kaisergarten.de\/tg\/wp-json\/wp\/v2\/pages\/86","targetHints":{"allow":["GET"]}}],"collection":[{"href":"https:\/\/www.tiergehege-kaisergarten.de\/tg\/wp-json\/wp\/v2\/pages"}],"about":[{"href":"https:\/\/www.tiergehege-kaisergarten.de\/tg\/wp-json\/wp\/v2\/types\/page"}],"author":[{"embeddable":true,"href":"https:\/\/www.tiergehege-kaisergarten.de\/tg\/wp-json\/wp\/v2\/users\/2"}],"replies":[{"embeddable":true,"href":"https:\/\/www.tiergehege-kaisergarten.de\/tg\/wp-json\/wp\/v2\/comments?post=86"}],"version-history":[{"count":6,"href":"https:\/\/www.tiergehege-kaisergarten.de\/tg\/wp-json\/wp\/v2\/pages\/86\/revisions"}],"predecessor-version":[{"id":8033,"href":"https:\/\/www.tiergehege-kaisergarten.de\/tg\/wp-json\/wp\/v2\/pages\/86\/revisions\/8033"}],"up":[{"embeddable":true,"href":"https:\/\/www.tiergehege-kaisergarten.de\/tg\/wp-json\/wp\/v2\/pages\/51"}],"wp:featuredmedia":[{"embeddable":true,"href":"https:\/\/www.tiergehege-kaisergarten.de\/tg\/wp-json\/wp\/v2\/media\/1361"}],"wp:attachment":[{"href":"https:\/\/www.tiergehege-kaisergarten.de\/tg\/wp-json\/wp\/v2\/media?parent=86"}],"curies":[{"name":"wp","href":"https:\/\/api.w.org\/{rel}","templated":true}]}}