{"id":8540,"date":"2025-02-06T07:29:56","date_gmt":"2025-02-06T06:29:56","guid":{"rendered":"\/tg\/?page_id=8540"},"modified":"2025-02-06T07:29:56","modified_gmt":"2025-02-06T06:29:56","slug":"chronik-oder-was-ist-geschafft","status":"publish","type":"page","link":"https:\/\/www.tiergehege-kaisergarten.de\/tg\/unterstuetzen\/foerderverein\/chronik-oder-was-ist-geschafft\/","title":{"rendered":"Chronik- oder was ist geschafft!"},"content":{"rendered":"<p><strong>Stand 19.12. 2023<\/strong><\/p>\n<p><strong>\u00a0<\/strong><\/p>\n<p><strong>2010 <\/strong><\/p>\n<p>Gr\u00fcndung am 10. Juni mit zehn Gr\u00fcndungsmitgliedern.<\/p>\n<p>Eintrag ins Vereinsregister am 23. Juli.<\/p>\n<p>Erstmalige Beteiligung am Tag der Tierpaten am 11. September. Seitdem j\u00e4hrliche Teilnahme.<\/p>\n<p>Vorstellung beim Weltkindertag am 18. September auf dem OLGA-Gel\u00e4nde.<\/p>\n<p>Erste Mitgliederversammlung am 29. September 2010.<\/p>\n<p>Die ersten 40 Interessenten f\u00fcr eine Mitgliedschaft haben sich gemeldet.<\/p>\n<p>Vorl\u00e4ufige Anerkennung der Gemeinn\u00fctzigkeit am 19. November.<\/p>\n<p>Richtfest der Waschb\u00e4renanlage mit Unterst\u00fctzung durch den F\u00f6rderverein am 8. Dezember.<\/p>\n<p><strong>2011<\/strong><\/p>\n<p>Neujahrsempfang der Stadt Oberhausen zugunsten des Projekts \u201eZooschule\u201c am 24. Januar. Das Spendenaufkommen des Abends lag bei 22.975 Euro.<\/p>\n<p>Anschaffung der Ponys \u201eMieze\u201c und \u201eFiffy\u201c.<\/p>\n<p>Der F\u00f6rderverein z\u00e4hlt im Juli 173 Mitglieder.<\/p>\n<p>Einweihung der Waschb\u00e4renanlage am 12. Juli.<\/p>\n<p>Der F\u00f6rderverein unterst\u00fctzt die Bauma\u00dfnahmen am Rattenhaus, am Meerschweinchengehege und den Umbau der alten Waschb\u00e4renanlage zum Ottergehege.<\/p>\n<p><strong>2012<\/strong><\/p>\n<p>Vorstellung des neuen Ottergeheges im Mai.<\/p>\n<p>Finanzielle Unterst\u00fctzung beim Umbau der alten Waschb\u00e4ranlage zum neuen Ottergehege.<\/p>\n<p>Finanzielle Unterst\u00fctzung f\u00fcr das neue Rattenhaus und das neue Meerschweinchengehege.<\/p>\n<p>Erstmalige Ferienangebote der Zooschule unter der Tr\u00e4gerschaft des F\u00f6rdervereins im Sommer und Herbst.<\/p>\n<p>Am 4. Juli erh\u00e4lt der F\u00f6rderverein die Bescheinigung der Gemeinn\u00fctzigkeit ist k\u00f6rperschaftssteuerfrei.<\/p>\n<p><strong>2013<\/strong><\/p>\n<p>Richtfest am Bau der neuen Naturerlebnisschule (NES) am Eingang zum Tiergehege am 6. September.<\/p>\n<p>Finanzielle Unterst\u00fctzung beim Bau des Nutriageheges, beim Schildkr\u00f6tengehege und bei der Anschaffung des Ponys \u201eNelli\u201c.<\/p>\n<p>Gro\u00dfe Beilage im Wochen-Anzeiger verbunden mit einer Spende von 3.000 Euro aus den Erl\u00f6sen der Werbeanzeigen in der Beilage. Nutzung unter anderem f\u00fcr die Verbesserung der Medienausstattung der NES.<\/p>\n<p>Neue eigene Internetseite <a href=\"http:\/\/www.tiergehege-kaisergarten.de\">www.tiergehege-kaisergarten.de<\/a> .<\/p>\n<p><strong>2014<\/strong><\/p>\n<p>Er\u00f6ffnung der NES mit Familienfest am 6. April. Der F\u00f6rderverein tr\u00e4gt ma\u00dfgeblich zur Finanzierung des Neubaus bei.<\/p>\n<p>Finanzielle Unterst\u00fctzung beim Bau einer Wellensittichvoliere.<\/p>\n<p>Ausweitung der Ferienangebote auch auf die Osterferien.<\/p>\n<p>Erwerb von Imkermaterial f\u00fcr die Ferienangebote.<\/p>\n<p>Erwerb von neuen B\u00e4nken und Tischen.<\/p>\n<p>Herrichtung des Geheges f\u00fcr Alpakas und Schwarznasenschafe.<\/p>\n<p>Umbau der ehemaligen Parkaufsicht zur Nutzung bei Kindergeburtstagen.<\/p>\n<p>Mitgliedschaft in der Gemeinschaft Deutscher Zoof\u00f6rderer.<\/p>\n<p><strong>2015<\/strong><\/p>\n<p>Anschaffung einer Melkkuh<\/p>\n<p>Finanzielle Beteiligung beim Bau des Nachtnagerhauses.<\/p>\n<p>Unterst\u00fctzung bei der Einstellung einer 450 Euro-Kraft f\u00fcr den Servicepunkt.<\/p>\n<p>Schaffung zweier j\u00e4hrlicher Stellen f\u00fcr die Leistung eines Freiwilligen \u00d6kologischen Jahres (F\u00d6J).<\/p>\n<p>220 Mitglieder<\/p>\n<p><strong>2016<\/strong><\/p>\n<p>Teilnahme am Familientag im Tiergehege am Ostermontag.<\/p>\n<p>Der Verein z\u00e4hlt 209 Mitglieder.<\/p>\n<p>F\u00fchrung der Mitglieder durch das Tiergehege. Angebote dieser Art sollen nun j\u00e4hrlich stattfinden.<\/p>\n<p>Finanzielle Unterst\u00fctzung in H\u00f6he von 6.000 beim Bau des Nachthauses.<\/p>\n<p>R\u00fcckzug des bisherigen Vorsitzenden Rainer Suhr aus dem \u201eaktiven Gesch\u00e4ft\u201c zum 30. September.<\/p>\n<ol start=\"15\">\n<li>November: Iris Kasper wird zur neuen Vorsitzenden gew\u00e4hlt, J\u00f6rg Vorholt zum neuen 2. Vorsitzenden, Ulrike Winbeck ist neue Schriftf\u00fchrerin. Anja Feldmeier-Fengels bleibt Schatzmeisterin.<\/li>\n<\/ol>\n<p><strong>2017<\/strong><\/p>\n<p>Neugestaltung des Werbeflyers.<\/p>\n<p>Teilnahme am Weihnachtsmarkt auf dem Altmarkt am 17. Dezember.<\/p>\n<p><strong>2018<\/strong><\/p>\n<p>Einweihung der neuen Sponsorenwand am 5. M\u00e4rz.<\/p>\n<p>Erwerb zweier Schneeeulendamen sowie Einweihung des neuen Geheges f\u00fcr Schneeeulen mit finanzieller Unterst\u00fctzung durch den F\u00f6rderverein am 19. M\u00e4rz.<\/p>\n<p>Kauf zweier Alpakas.<\/p>\n<p>Er\u00f6ffnung der neuen Zieselanlage am 26. Oktober.<\/p>\n<p>Erneutes weihnachtliches Waffelbacken im Tiergehege.<\/p>\n<p><strong>2019<\/strong><\/p>\n<p>Sicherungsma\u00dfnahmen an der Schildkr\u00f6tenanlage.<\/p>\n<p>Teilnahme an einem gro\u00dfen Mitmach-Event zum Thema Fitness rund um das Centro.<\/p>\n<p>Eintragung in die Liste der Bu\u00dfgeldempf\u00e4nger beim OLG D\u00fcsseldorf.<\/p>\n<p>Der Verein z\u00e4hlt 249 Mitglieder und 17 Firmenpartnerschaften.<\/p>\n<p>Unter \u201esmile amazon\u201c sind nun Bestellungen im Internet zugunsten des F\u00f6rdervereins m\u00f6glich.<\/p>\n<p><strong>2020<\/strong><\/p>\n<p>Aufgrund der Corona-Pandemie entf\u00e4llt die Feier zum zehnj\u00e4hrigen Bestehen. Auch alle anderen \u00fcblichen Aktivit\u00e4ten entfallen. Dennoch kann der F\u00f6rderverein sehr erfolgreich Spenden sammeln f\u00fcr kommende Projekte.<\/p>\n<p><strong>2021<\/strong><\/p>\n<p>Umfassende Beteiligung am Bau der neuen Gehege f\u00fcr Schakale und Luchse. Einweihung des Schakalgeheges am 1. September.<\/p>\n<p>Anschaffung von Minirindern (Zwergzebus).<\/p>\n<p>Im Rahmen ihres Firmenjubil\u00e4ums stellt die EVO blaue B\u00e4nke im Tiergehege auf zur F\u00f6rderung der Aufenthaltsqualit\u00e4t und greift damit eine Idee des F\u00f6rdervereins aus dem Jahr 2019 auf. Die B\u00e4nke werden verdienten B\u00fcrgern gewidmet.<\/p>\n<p><strong>2022<\/strong><\/p>\n<p>Seit Beginn des Jahres steht ein Spendentrichter im Eingangsbereich des Tiergeheges, dazu informiert eine Infotafel zum F\u00f6rderverein.<\/p>\n<p>Im Februar pr\u00e4sentiert der FV seinen aktualisierten Werbeflyer.<\/p>\n<p>Am 2. April nahmen zahlreiche Vereinsmitglieder die Gelegenheit wahr, auf Einladung des FV an einer F\u00fchrung durch den Gasometer teilzunehmen.<\/p>\n<p>Waffelbacken bleibt beliebt, alleine bei einer Aktion am 10. und 11. September konnten so rotz eines regnerischen Tages 655 Euro an Spenden eingenommen werden.<\/p>\n<p>Durch die Aufnahme in die Liste der Bu\u00dfgeldempf\u00e4nger von Oberlandesgericht und Generalstaatsanwaltschaft 2018 erh\u00e4lt der FV immer h\u00f6here Zuwendungen, zum Zeitpunkt der JHV am 24. Oktober waren es schon mehr als 5.400 Euro alleine in 2022.<\/p>\n<p>Im Rahmen der JHV wurde der alte Vorstand in gleichen Funktionen f\u00fcr die kommenden zwei Jahre wiedergew\u00e4hlt. Vorsitzende bleibt Iris Kasper.<\/p>\n<p>Trotz der Belastungen f\u00fcr viele Menschen durch den Ukraine-Krieg gab es nur wenige Austritte, zum Zeitpunkt der JHV sind es 229, das entspricht dem Niveau der j\u00fcngeren Vergangenheit.<\/p>\n<p>Durch die zunehmende Nutzung von e-mail-Adressen kann der FV bei der Korrespondenz mit den Mitgliedern immer mehr Portokosten sparen.<\/p>\n<p><strong>2023<\/strong><\/p>\n<p>229 Mitglieder dank 13 Neuanmeldungen.<\/p>\n<p>Waffelbacken (762 E) und Kinderschminken (85 E) an Ostermontag.<\/p>\n<p>Spende \u00fcber 60.000 Euro von der Sparkassen-B\u00fcrgerstiftung anl\u00e4sslich deren 40j\u00e4hrigen Bestehens.<\/p>\n<p>Im August nahmen etwa 50 Vereinsmitglieder die Gelegenheit wahr, auf Einladung des FV an einem Tagesausflug zum Burgers Zoo in Arnheim teilzunehmen.<\/p>\n<p>Der FV erh\u00e4lt den ersten Preis bei der Vergabe des Heimatpreises f\u00fcr Oberhausen. Mit dem Preis verbunden ist eine Spende in H\u00f6he von 7.500 Euro.<\/p>\n","protected":false},"excerpt":{"rendered":"<p>Stand 19.12. 2023 \u00a0 2010 Gr\u00fcndung am 10. Juni mit zehn Gr\u00fcndungsmitgliedern. Eintrag ins Vereinsregister am 23. Juli. Erstmalige Beteiligung <span class=\"excerpt-dots\">&hellip;<\/span> <a class=\"more-link\" href=\"https:\/\/www.tiergehege-kaisergarten.de\/tg\/unterstuetzen\/foerderverein\/chronik-oder-was-ist-geschafft\/\"><span class=\"more-msg\">Weiterlesen &rarr;<\/span><\/a><\/p>\n","protected":false},"author":35,"featured_media":8450,"parent":10,"menu_order":0,"comment_status":"closed","ping_status":"closed","template":"","meta":{"footnotes":""},"class_list":["post-8540","page","type-page","status-publish","has-post-thumbnail","hentry"],"_links":{"self":[{"href":"https:\/\/www.tiergehege-kaisergarten.de\/tg\/wp-json\/wp\/v2\/pages\/8540","targetHints":{"allow":["GET"]}}],"collection":[{"href":"https:\/\/www.tiergehege-kaisergarten.de\/tg\/wp-json\/wp\/v2\/pages"}],"about":[{"href":"https:\/\/www.tiergehege-kaisergarten.de\/tg\/wp-json\/wp\/v2\/types\/page"}],"author":[{"embeddable":true,"href":"https:\/\/www.tiergehege-kaisergarten.de\/tg\/wp-json\/wp\/v2\/users\/35"}],"replies":[{"embeddable":true,"href":"https:\/\/www.tiergehege-kaisergarten.de\/tg\/wp-json\/wp\/v2\/comments?post=8540"}],"version-history":[{"count":2,"href":"https:\/\/www.tiergehege-kaisergarten.de\/tg\/wp-json\/wp\/v2\/pages\/8540\/revisions"}],"predecessor-version":[{"id":8542,"href":"https:\/\/www.tiergehege-kaisergarten.de\/tg\/wp-json\/wp\/v2\/pages\/8540\/revisions\/8542"}],"up":[{"embeddable":true,"href":"https:\/\/www.tiergehege-kaisergarten.de\/tg\/wp-json\/wp\/v2\/pages\/10"}],"wp:featuredmedia":[{"embeddable":true,"href":"https:\/\/www.tiergehege-kaisergarten.de\/tg\/wp-json\/wp\/v2\/media\/8450"}],"wp:attachment":[{"href":"https:\/\/www.tiergehege-kaisergarten.de\/tg\/wp-json\/wp\/v2\/media?parent=8540"}],"curies":[{"name":"wp","href":"https:\/\/api.w.org\/{rel}","templated":true}]}}