{"id":85,"date":"2018-04-27T21:46:22","date_gmt":"2018-04-27T19:46:22","guid":{"rendered":"\/tg\/laufente\/"},"modified":"2019-01-03T11:10:01","modified_gmt":"2019-01-03T10:10:01","slug":"laufente","status":"publish","type":"page","link":"https:\/\/www.tiergehege-kaisergarten.de\/tg\/unsere-tiere\/voegel\/laufente\/","title":{"rendered":"Laufente"},"content":{"rendered":"<p><em><strong>Anas platyhynchos f. domestica<\/strong><\/em><\/p>\n<p><a href=\"\/tg\/wp-content\/uploads\/sites\/3\/2014\/01\/nabit_karte_laufente.jpg\"><img decoding=\"async\" class=\"alignright size-medium wp-image-1507\" src=\"\/tg\/wp-content\/uploads\/sites\/3\/2014\/01\/nabit_karte_laufente-300x120.jpg\" alt=\"Verbreitungsgebiet der Laufente\" width=\"300\" height=\"120\" srcset=\"https:\/\/www.tiergehege-kaisergarten.de\/tg\/wp-content\/uploads\/2014\/01\/nabit_karte_laufente-300x120.jpg 300w, https:\/\/www.tiergehege-kaisergarten.de\/tg\/wp-content\/uploads\/2014\/01\/nabit_karte_laufente-150x60.jpg 150w, https:\/\/www.tiergehege-kaisergarten.de\/tg\/wp-content\/uploads\/2014\/01\/nabit_karte_laufente-768x307.jpg 768w, https:\/\/www.tiergehege-kaisergarten.de\/tg\/wp-content\/uploads\/2014\/01\/nabit_karte_laufente-700x280.jpg 700w, https:\/\/www.tiergehege-kaisergarten.de\/tg\/wp-content\/uploads\/2014\/01\/nabit_karte_laufente.jpg 1400w\" sizes=\"(max-width: 300px) 100vw, 300px\" \/><\/a>Schon vor einigen hundert Jahren entstand in S\u00fcdostasien aus den wilden Stockenten eine ungew\u00f6hnliche Zuchtform: die Pinguin-Ente, die zwar schlecht flog, aber mit ihrer aufrechten K\u00f6rperhaltung hervorragend lief. Um1850 gelangten erste Tiere nach England, wo die europ\u00e4ische Zucht ihren Anfang nahm. Laufenten sind wetterhart, lebhaft und aufmerksam, aber auch sensibel. Sie ben\u00f6tigen viel Auslauf, eine Wasserstelle und ein sicheres Nachtlager. Auch im Winter legen sie viele Eier. Zunehmend beliebt werden Laufenten auch bei G\u00e4rtnern, denn sie fressen mit Vorliebe Nacktschnecken und deren Eier. Stundenlang patrouillieren sie aufmerksam durch den Garten und befreien ihn von den unliebsamen G\u00e4sten.<\/p>\n","protected":false},"excerpt":{"rendered":"<p>I\u00dft der Papst katholisch?<\/p>\n <a class=\"more-link\" href=\"https:\/\/www.tiergehege-kaisergarten.de\/tg\/unsere-tiere\/voegel\/laufente\/\"><span class=\"more-msg\">Weiterlesen &rarr;<\/span><\/a>","protected":false},"author":2,"featured_media":483,"parent":52,"menu_order":0,"comment_status":"closed","ping_status":"closed","template":"","meta":{"footnotes":""},"class_list":["post-85","page","type-page","status-publish","has-post-thumbnail","hentry"],"_links":{"self":[{"href":"https:\/\/www.tiergehege-kaisergarten.de\/tg\/wp-json\/wp\/v2\/pages\/85","targetHints":{"allow":["GET"]}}],"collection":[{"href":"https:\/\/www.tiergehege-kaisergarten.de\/tg\/wp-json\/wp\/v2\/pages"}],"about":[{"href":"https:\/\/www.tiergehege-kaisergarten.de\/tg\/wp-json\/wp\/v2\/types\/page"}],"author":[{"embeddable":true,"href":"https:\/\/www.tiergehege-kaisergarten.de\/tg\/wp-json\/wp\/v2\/users\/2"}],"replies":[{"embeddable":true,"href":"https:\/\/www.tiergehege-kaisergarten.de\/tg\/wp-json\/wp\/v2\/comments?post=85"}],"version-history":[{"count":4,"href":"https:\/\/www.tiergehege-kaisergarten.de\/tg\/wp-json\/wp\/v2\/pages\/85\/revisions"}],"predecessor-version":[{"id":6042,"href":"https:\/\/www.tiergehege-kaisergarten.de\/tg\/wp-json\/wp\/v2\/pages\/85\/revisions\/6042"}],"up":[{"embeddable":true,"href":"https:\/\/www.tiergehege-kaisergarten.de\/tg\/wp-json\/wp\/v2\/pages\/52"}],"wp:featuredmedia":[{"embeddable":true,"href":"https:\/\/www.tiergehege-kaisergarten.de\/tg\/wp-json\/wp\/v2\/media\/483"}],"wp:attachment":[{"href":"https:\/\/www.tiergehege-kaisergarten.de\/tg\/wp-json\/wp\/v2\/media?parent=85"}],"curies":[{"name":"wp","href":"https:\/\/api.w.org\/{rel}","templated":true}]}}