{"id":84,"date":"2018-04-27T21:46:22","date_gmt":"2018-04-27T19:46:22","guid":{"rendered":"\/tg\/meerschweinchen\/"},"modified":"2022-11-15T08:48:11","modified_gmt":"2022-11-15T07:48:11","slug":"meerschweinchen","status":"publish","type":"page","link":"https:\/\/www.tiergehege-kaisergarten.de\/tg\/unsere-tiere\/nager\/meerschweinchen\/","title":{"rendered":"Meerschweinchen"},"content":{"rendered":"<p><span style=\"font-family: arial, helvetica, sans-serif;\"><em><strong>Cavia tschudii f. porcellus<\/strong><\/em><\/span><\/p>\n<p><span style=\"font-family: arial, helvetica, sans-serif;\"><a href=\"\/tg\/wp-content\/uploads\/sites\/3\/2014\/01\/nabit_karte_meerschweinchen.jpg\"><img decoding=\"async\" class=\"alignright size-medium wp-image-1510\" src=\"\/tg\/wp-content\/uploads\/sites\/3\/2014\/01\/nabit_karte_meerschweinchen-300x117.jpg\" alt=\"Verbreitungsgebiet des Meerschweinchen\" width=\"300\" height=\"117\" srcset=\"https:\/\/www.tiergehege-kaisergarten.de\/tg\/wp-content\/uploads\/2014\/01\/nabit_karte_meerschweinchen-300x117.jpg 300w, https:\/\/www.tiergehege-kaisergarten.de\/tg\/wp-content\/uploads\/2014\/01\/nabit_karte_meerschweinchen-150x58.jpg 150w, https:\/\/www.tiergehege-kaisergarten.de\/tg\/wp-content\/uploads\/2014\/01\/nabit_karte_meerschweinchen-768x298.jpg 768w, https:\/\/www.tiergehege-kaisergarten.de\/tg\/wp-content\/uploads\/2014\/01\/nabit_karte_meerschweinchen-700x272.jpg 700w\" sizes=\"(max-width: 300px) 100vw, 300px\" \/><\/a>Bereits vor 3000 Jahren wurden Meerschweinchen von den Ureinwohnern der Anden als Haustiere gehalten. Sie dienten dort als Fleischlieferanten und Opfertiere. Ihren deutschen Namen verdanken sie der Reise \u00fcber das Meer, die sie im 16. Jh. nach Europa brachte, sowie ihrer vielf\u00e4ltigen Lautsprache, mit der sie sich verst\u00e4ndigen. Sie quieken und grunzen wie kleine Schweinchen. Hausmeerschweinchen unterscheiden sich von ihren wilden Verwandten durch den plumpen K\u00f6rperbau und ein vielgestaltiges Haarkleid. Dieses kann kurz oder lang sein, Wirbel haben und verschiedenartig gef\u00e4rbt sein. Meerschweinchen sind gesellige Tiere, die nicht einzeln gehalten wer-den d\u00fcrfen. Sie sind tagaktiv und brauchen ausreichend Auslauf.<\/span><\/p>\n<p>&nbsp;<\/p>\n<p>M\u00f6chten Sie im <a href=\"https:\/\/www.zootier-lexikon.org\/index.php?option=com_k2&amp;view=item&amp;id=683:hausmeerschweinchen-cavia-porcellus&amp;Itemid=280\">Zootierlexikon<\/a> mehr erfahren?<\/p>\n","protected":false},"excerpt":{"rendered":"<p>I\u00dft der Papst katholisch?<\/p>\n <a class=\"more-link\" href=\"https:\/\/www.tiergehege-kaisergarten.de\/tg\/unsere-tiere\/nager\/meerschweinchen\/\"><span class=\"more-msg\">Weiterlesen &rarr;<\/span><\/a>","protected":false},"author":2,"featured_media":511,"parent":51,"menu_order":0,"comment_status":"closed","ping_status":"closed","template":"","meta":{"footnotes":""},"class_list":["post-84","page","type-page","status-publish","has-post-thumbnail","hentry"],"_links":{"self":[{"href":"https:\/\/www.tiergehege-kaisergarten.de\/tg\/wp-json\/wp\/v2\/pages\/84","targetHints":{"allow":["GET"]}}],"collection":[{"href":"https:\/\/www.tiergehege-kaisergarten.de\/tg\/wp-json\/wp\/v2\/pages"}],"about":[{"href":"https:\/\/www.tiergehege-kaisergarten.de\/tg\/wp-json\/wp\/v2\/types\/page"}],"author":[{"embeddable":true,"href":"https:\/\/www.tiergehege-kaisergarten.de\/tg\/wp-json\/wp\/v2\/users\/2"}],"replies":[{"embeddable":true,"href":"https:\/\/www.tiergehege-kaisergarten.de\/tg\/wp-json\/wp\/v2\/comments?post=84"}],"version-history":[{"count":6,"href":"https:\/\/www.tiergehege-kaisergarten.de\/tg\/wp-json\/wp\/v2\/pages\/84\/revisions"}],"predecessor-version":[{"id":8037,"href":"https:\/\/www.tiergehege-kaisergarten.de\/tg\/wp-json\/wp\/v2\/pages\/84\/revisions\/8037"}],"up":[{"embeddable":true,"href":"https:\/\/www.tiergehege-kaisergarten.de\/tg\/wp-json\/wp\/v2\/pages\/51"}],"wp:featuredmedia":[{"embeddable":true,"href":"https:\/\/www.tiergehege-kaisergarten.de\/tg\/wp-json\/wp\/v2\/media\/511"}],"wp:attachment":[{"href":"https:\/\/www.tiergehege-kaisergarten.de\/tg\/wp-json\/wp\/v2\/media?parent=84"}],"curies":[{"name":"wp","href":"https:\/\/api.w.org\/{rel}","templated":true}]}}