{"id":8365,"date":"2024-02-05T14:10:50","date_gmt":"2024-02-05T13:10:50","guid":{"rendered":"\/tg\/?page_id=8365"},"modified":"2024-02-05T14:10:50","modified_gmt":"2024-02-05T13:10:50","slug":"zackelschaf","status":"publish","type":"page","link":"https:\/\/www.tiergehege-kaisergarten.de\/tg\/unsere-tiere\/schafe-und-ziegen\/zackelschaf\/","title":{"rendered":"Zackelschaf"},"content":{"rendered":"<p><strong><em>Ovis orientalis f. aries<\/em><\/strong><\/p>\n<p><img decoding=\"async\" class=\"size-medium wp-image-8367 alignright\" src=\"\/tg\/wp-content\/uploads\/2024\/02\/nabit-lkZackelschaf-300x120.jpg\" alt=\"\" width=\"300\" height=\"120\" srcset=\"https:\/\/www.tiergehege-kaisergarten.de\/tg\/wp-content\/uploads\/2024\/02\/nabit-lkZackelschaf-300x120.jpg 300w, https:\/\/www.tiergehege-kaisergarten.de\/tg\/wp-content\/uploads\/2024\/02\/nabit-lkZackelschaf-150x60.jpg 150w, https:\/\/www.tiergehege-kaisergarten.de\/tg\/wp-content\/uploads\/2024\/02\/nabit-lkZackelschaf.jpg 600w\" sizes=\"(max-width: 300px) 100vw, 300px\" \/><br \/>\nBeide Geschlechter der ungarischen Zackelschafe tragen ungew\u00f6hnliche H\u00f6rner, die V-f\u00f6rmig vom Kopf abstehen. Besonders bei \u00e4lteren B\u00f6cken sind sie sehr lang und wie ein Korkenzieher gewunden. Es gibt einen hellen und einen dunklen Farbschlag. Die Rasse ist schon sehr alt; wahrscheinlich wurde sie schon vor 1200 Jahren in das heutige Ungarn gebracht. Dort beweideten die Schafe \u00fcber 900 Jahre lang die Tiefebenen, bis sie von feinwolligen Merinoschafen verdr\u00e4ngt wurden. Nur in den Berglagen \u00fcberlebten kleine Herden. Die grobe Wolle wurde zu Filz verarbeitet, aus den Pelzen stellte man die traditionellen ungarischen Hirtenm\u00e4ntel her. Seit etwa 1930 gibt es in Ungarn Bem\u00fchungen, die alte Rasse zu erhalten.<\/p>\n","protected":false},"excerpt":{"rendered":"<p>Ovis orientalis f. aries Beide Geschlechter der ungarischen Zackelschafe tragen ungew\u00f6hnliche H\u00f6rner, die V-f\u00f6rmig vom Kopf abstehen. Besonders bei \u00e4lteren <span class=\"excerpt-dots\">&hellip;<\/span> <a class=\"more-link\" href=\"https:\/\/www.tiergehege-kaisergarten.de\/tg\/unsere-tiere\/schafe-und-ziegen\/zackelschaf\/\"><span class=\"more-msg\">Weiterlesen &rarr;<\/span><\/a><\/p>\n","protected":false},"author":35,"featured_media":8143,"parent":20,"menu_order":0,"comment_status":"closed","ping_status":"closed","template":"","meta":{"footnotes":""},"class_list":["post-8365","page","type-page","status-publish","has-post-thumbnail","hentry"],"_links":{"self":[{"href":"https:\/\/www.tiergehege-kaisergarten.de\/tg\/wp-json\/wp\/v2\/pages\/8365","targetHints":{"allow":["GET"]}}],"collection":[{"href":"https:\/\/www.tiergehege-kaisergarten.de\/tg\/wp-json\/wp\/v2\/pages"}],"about":[{"href":"https:\/\/www.tiergehege-kaisergarten.de\/tg\/wp-json\/wp\/v2\/types\/page"}],"author":[{"embeddable":true,"href":"https:\/\/www.tiergehege-kaisergarten.de\/tg\/wp-json\/wp\/v2\/users\/35"}],"replies":[{"embeddable":true,"href":"https:\/\/www.tiergehege-kaisergarten.de\/tg\/wp-json\/wp\/v2\/comments?post=8365"}],"version-history":[{"count":3,"href":"https:\/\/www.tiergehege-kaisergarten.de\/tg\/wp-json\/wp\/v2\/pages\/8365\/revisions"}],"predecessor-version":[{"id":8371,"href":"https:\/\/www.tiergehege-kaisergarten.de\/tg\/wp-json\/wp\/v2\/pages\/8365\/revisions\/8371"}],"up":[{"embeddable":true,"href":"https:\/\/www.tiergehege-kaisergarten.de\/tg\/wp-json\/wp\/v2\/pages\/20"}],"wp:featuredmedia":[{"embeddable":true,"href":"https:\/\/www.tiergehege-kaisergarten.de\/tg\/wp-json\/wp\/v2\/media\/8143"}],"wp:attachment":[{"href":"https:\/\/www.tiergehege-kaisergarten.de\/tg\/wp-json\/wp\/v2\/media?parent=8365"}],"curies":[{"name":"wp","href":"https:\/\/api.w.org\/{rel}","templated":true}]}}