{"id":83,"date":"2018-04-27T21:46:22","date_gmt":"2018-04-27T19:46:22","guid":{"rendered":"\/tg\/mufflon\/"},"modified":"2022-11-15T10:39:40","modified_gmt":"2022-11-15T09:39:40","slug":"mufflon","status":"publish","type":"page","link":"https:\/\/www.tiergehege-kaisergarten.de\/tg\/unsere-tiere\/schafe-und-ziegen\/mufflon\/","title":{"rendered":"Mufflon"},"content":{"rendered":"<p><em><strong>Ovis orientalis<\/strong><\/em><\/p>\n<p><a href=\"\/tg\/wp-content\/uploads\/sites\/3\/2014\/01\/nabit_karte_mufflon.jpg\"><img decoding=\"async\" class=\"alignright size-medium wp-image-1513\" src=\"\/tg\/wp-content\/uploads\/sites\/3\/2014\/01\/nabit_karte_mufflon-300x120.jpg\" alt=\"Verbreitungsgebiet des Mufflons\" width=\"300\" height=\"120\" srcset=\"https:\/\/www.tiergehege-kaisergarten.de\/tg\/wp-content\/uploads\/2014\/01\/nabit_karte_mufflon-300x120.jpg 300w, https:\/\/www.tiergehege-kaisergarten.de\/tg\/wp-content\/uploads\/2014\/01\/nabit_karte_mufflon-150x60.jpg 150w, https:\/\/www.tiergehege-kaisergarten.de\/tg\/wp-content\/uploads\/2014\/01\/nabit_karte_mufflon-768x307.jpg 768w, https:\/\/www.tiergehege-kaisergarten.de\/tg\/wp-content\/uploads\/2014\/01\/nabit_karte_mufflon-700x280.jpg 700w, https:\/\/www.tiergehege-kaisergarten.de\/tg\/wp-content\/uploads\/2014\/01\/nabit_karte_mufflon.jpg 1000w\" sizes=\"(max-width: 300px) 100vw, 300px\" \/><\/a>Mufflons sind urspr\u00fcnglich Gebirgsbewohner. Die Rudel aus Weibchen und Jungtieren werden von einem erfahrenen Weibchen gef\u00fchrt. Bei Gefahr warnt es mit Pfiffen; die Flucht wird im G\u00e4nsemarsch angetreten. Nur w\u00e4hrend der Paarungszeit im Herbst kommen die B\u00f6cke zu den Weibchen. Die erbitterten Rivalenk\u00e4mpfe, bei denen die B\u00f6cke bis zu 20 Meter Anlauf nehmen, um mit den K\u00f6pfen gegeneinander zu prallen, dauern oft Stunden und sind weithin zu h\u00f6ren. Mufflons sind die Stammform der Hausschafe. In Europa waren sie nach der letzten Eiszeit ausgestorben. Auf Korsika und Sardinien lebende mufflon\u00e4hnliche Schafe gelten heute als verwilderte Hausschafe. In vielen W\u00e4ldern Europas wurden Mufflons in neuerer Zeit als Jagdwild angesiedelt.<\/p>\n<p>&nbsp;<\/p>\n<p>M\u00f6chten Sie im <a href=\"https:\/\/www.zootier-lexikon.org\/index.php?option=com_k2&amp;view=item&amp;id=241:mufflon-ovis-musimon&amp;Itemid=436\">Zootierlexikon<\/a> mehr erfahren?<\/p>\n","protected":false},"excerpt":{"rendered":"<p>I\u00dft der Papst katholisch?<\/p>\n <a class=\"more-link\" href=\"https:\/\/www.tiergehege-kaisergarten.de\/tg\/unsere-tiere\/schafe-und-ziegen\/mufflon\/\"><span class=\"more-msg\">Weiterlesen &rarr;<\/span><\/a>","protected":false},"author":2,"featured_media":6017,"parent":20,"menu_order":0,"comment_status":"closed","ping_status":"closed","template":"","meta":{"footnotes":""},"class_list":["post-83","page","type-page","status-publish","has-post-thumbnail","hentry"],"_links":{"self":[{"href":"https:\/\/www.tiergehege-kaisergarten.de\/tg\/wp-json\/wp\/v2\/pages\/83","targetHints":{"allow":["GET"]}}],"collection":[{"href":"https:\/\/www.tiergehege-kaisergarten.de\/tg\/wp-json\/wp\/v2\/pages"}],"about":[{"href":"https:\/\/www.tiergehege-kaisergarten.de\/tg\/wp-json\/wp\/v2\/types\/page"}],"author":[{"embeddable":true,"href":"https:\/\/www.tiergehege-kaisergarten.de\/tg\/wp-json\/wp\/v2\/users\/2"}],"replies":[{"embeddable":true,"href":"https:\/\/www.tiergehege-kaisergarten.de\/tg\/wp-json\/wp\/v2\/comments?post=83"}],"version-history":[{"count":5,"href":"https:\/\/www.tiergehege-kaisergarten.de\/tg\/wp-json\/wp\/v2\/pages\/83\/revisions"}],"predecessor-version":[{"id":8049,"href":"https:\/\/www.tiergehege-kaisergarten.de\/tg\/wp-json\/wp\/v2\/pages\/83\/revisions\/8049"}],"up":[{"embeddable":true,"href":"https:\/\/www.tiergehege-kaisergarten.de\/tg\/wp-json\/wp\/v2\/pages\/20"}],"wp:featuredmedia":[{"embeddable":true,"href":"https:\/\/www.tiergehege-kaisergarten.de\/tg\/wp-json\/wp\/v2\/media\/6017"}],"wp:attachment":[{"href":"https:\/\/www.tiergehege-kaisergarten.de\/tg\/wp-json\/wp\/v2\/media?parent=83"}],"curies":[{"name":"wp","href":"https:\/\/api.w.org\/{rel}","templated":true}]}}