{"id":82,"date":"2018-04-27T21:46:22","date_gmt":"2018-04-27T19:46:22","guid":{"rendered":"\/tg\/landschildkroete\/"},"modified":"2022-11-15T08:56:06","modified_gmt":"2022-11-15T07:56:06","slug":"landschildkroete","status":"publish","type":"page","link":"https:\/\/www.tiergehege-kaisergarten.de\/tg\/unsere-tiere\/reptilien\/landschildkroete\/","title":{"rendered":"Landschildkr\u00f6te"},"content":{"rendered":"<p><em><strong>Testudo hermanni<\/strong><\/em><\/p>\n<p><a href=\"\/tg\/wp-content\/uploads\/sites\/3\/2014\/01\/nabit_karte_landschildkroete.jpg\"><img decoding=\"async\" class=\"alignright size-medium wp-image-1506\" src=\"\/tg\/wp-content\/uploads\/sites\/3\/2014\/01\/nabit_karte_landschildkroete-300x120.jpg\" alt=\"Verbreitungsgebiet der Landschildkroete\" width=\"300\" height=\"120\" srcset=\"https:\/\/www.tiergehege-kaisergarten.de\/tg\/wp-content\/uploads\/2014\/01\/nabit_karte_landschildkroete-300x120.jpg 300w, https:\/\/www.tiergehege-kaisergarten.de\/tg\/wp-content\/uploads\/2014\/01\/nabit_karte_landschildkroete-150x60.jpg 150w, https:\/\/www.tiergehege-kaisergarten.de\/tg\/wp-content\/uploads\/2014\/01\/nabit_karte_landschildkroete-768x307.jpg 768w, https:\/\/www.tiergehege-kaisergarten.de\/tg\/wp-content\/uploads\/2014\/01\/nabit_karte_landschildkroete-700x280.jpg 700w, https:\/\/www.tiergehege-kaisergarten.de\/tg\/wp-content\/uploads\/2014\/01\/nabit_karte_landschildkroete.jpg 800w\" sizes=\"(max-width: 300px) 100vw, 300px\" \/><\/a>Im Fr\u00fchjahr, nach dem Erwachen aus der Winterstarre, beginnt die aktivste Zeit der Landschildkr\u00f6ten: Sie nehmen Sonnenb\u00e4der, f\u00fcllen ihre \u00fcber den Winter verbrauchten Fettreserven durch ausgiebige Nahrungsaufnahme auf und paaren sich. Nach einem recht grob anmutenden Paarungsritual legt das Weibchen die Eier in eine selbst gegrabene Erdgrube, schaufelt diese sorgf\u00e4ltig wieder zu und \u00fcberl\u00e4sst der Sonnenw\u00e4rme das Ausbr\u00fcten. Ab August schl\u00fcpfen die 3,5 cm gro\u00dfen Jungtiere. Sie verbringen die ersten Jahre meist verborgen unter B\u00fcschen. So sch\u00fctzen sie sich vor zu gro\u00dfer Erw\u00e4rmung oder Ausk\u00fchlung und vor den zahlreichen Fressfeinden. Im Herbst begeben sich die Schildkr\u00f6ten zum \u00dcberwintern in frostfreie H\u00f6hlen.<\/p>\n<p>&nbsp;<\/p>\n<p>M\u00f6chten Sie im <a href=\"https:\/\/www.zootier-lexikon.org\/index.php?option=com_k2&amp;view=item&amp;id=6284:griechische-landschildkroete-testudo-hermanni&amp;Itemid=176\">Zootierlexikon<\/a> mehr erfahren?<\/p>\n","protected":false},"excerpt":{"rendered":"<p>I\u00dft der Papst katholisch?<\/p>\n <a class=\"more-link\" href=\"https:\/\/www.tiergehege-kaisergarten.de\/tg\/unsere-tiere\/reptilien\/landschildkroete\/\"><span class=\"more-msg\">Weiterlesen &rarr;<\/span><\/a>","protected":false},"author":2,"featured_media":1379,"parent":22,"menu_order":0,"comment_status":"closed","ping_status":"closed","template":"","meta":{"footnotes":""},"class_list":["post-82","page","type-page","status-publish","has-post-thumbnail","hentry"],"_links":{"self":[{"href":"https:\/\/www.tiergehege-kaisergarten.de\/tg\/wp-json\/wp\/v2\/pages\/82","targetHints":{"allow":["GET"]}}],"collection":[{"href":"https:\/\/www.tiergehege-kaisergarten.de\/tg\/wp-json\/wp\/v2\/pages"}],"about":[{"href":"https:\/\/www.tiergehege-kaisergarten.de\/tg\/wp-json\/wp\/v2\/types\/page"}],"author":[{"embeddable":true,"href":"https:\/\/www.tiergehege-kaisergarten.de\/tg\/wp-json\/wp\/v2\/users\/2"}],"replies":[{"embeddable":true,"href":"https:\/\/www.tiergehege-kaisergarten.de\/tg\/wp-json\/wp\/v2\/comments?post=82"}],"version-history":[{"count":5,"href":"https:\/\/www.tiergehege-kaisergarten.de\/tg\/wp-json\/wp\/v2\/pages\/82\/revisions"}],"predecessor-version":[{"id":6015,"href":"https:\/\/www.tiergehege-kaisergarten.de\/tg\/wp-json\/wp\/v2\/pages\/82\/revisions\/6015"}],"up":[{"embeddable":true,"href":"https:\/\/www.tiergehege-kaisergarten.de\/tg\/wp-json\/wp\/v2\/pages\/22"}],"wp:featuredmedia":[{"embeddable":true,"href":"https:\/\/www.tiergehege-kaisergarten.de\/tg\/wp-json\/wp\/v2\/media\/1379"}],"wp:attachment":[{"href":"https:\/\/www.tiergehege-kaisergarten.de\/tg\/wp-json\/wp\/v2\/media?parent=82"}],"curies":[{"name":"wp","href":"https:\/\/api.w.org\/{rel}","templated":true}]}}