{"id":8088,"date":"2022-12-20T14:38:43","date_gmt":"2022-12-20T13:38:43","guid":{"rendered":"\/tg\/?page_id=8088"},"modified":"2022-12-20T14:39:17","modified_gmt":"2022-12-20T13:39:17","slug":"europaeischer-goldschakal","status":"publish","type":"page","link":"https:\/\/www.tiergehege-kaisergarten.de\/tg\/unsere-tiere\/beutegreifer\/europaeischer-goldschakal\/","title":{"rendered":"Europ\u00e4ischer Goldschakal"},"content":{"rendered":"<p><em>Canis aureus moreoticus<\/em><\/p>\n<p>Der gr\u00f6\u00dfte Vertreter der Goldschakale ist die europ\u00e4ische Unterart. Lange Zeit haupts\u00e4chlich auf dem Balkan heimisch, breitet sich diese Wildhundart inzwischen nach Norden aus. Die ausdauernden L\u00e4ufer wandern h\u00e4ufig entlang von Fl\u00fcssen. Die Abwesenheit von W\u00f6lfen, ihren wichtigsten Feinden, beg\u00fcnstigt ihre Ausbreitung. \u00c4hnlich wie Rotf\u00fcchse stellen sie an ihre Lebensr\u00e4ume und Nahrung wenig Anspr\u00fcche. Sie finden sich auch in menschengepr\u00e4gter Landschaft zurecht, ben\u00f6tigen aber R\u00fcckzuggebiete. Goldschakale leben im Familienverband. Ein strikt monogam lebendes Paar und ihre Nachkommen aus dem Vorjahr gehen vereint auf Jagd, rasten gemeinsam und k\u00fcmmern sich um die Neugeborenen.<\/p>\n","protected":false},"excerpt":{"rendered":"<p>Canis aureus moreoticus Der gr\u00f6\u00dfte Vertreter der Goldschakale ist die europ\u00e4ische Unterart. Lange Zeit haupts\u00e4chlich auf dem Balkan heimisch, breitet <span class=\"excerpt-dots\">&hellip;<\/span> <a class=\"more-link\" href=\"https:\/\/www.tiergehege-kaisergarten.de\/tg\/unsere-tiere\/beutegreifer\/europaeischer-goldschakal\/\"><span class=\"more-msg\">Weiterlesen &rarr;<\/span><\/a><\/p>\n","protected":false},"author":35,"featured_media":7705,"parent":21,"menu_order":0,"comment_status":"closed","ping_status":"closed","template":"","meta":{"footnotes":""},"class_list":["post-8088","page","type-page","status-publish","has-post-thumbnail","hentry"],"_links":{"self":[{"href":"https:\/\/www.tiergehege-kaisergarten.de\/tg\/wp-json\/wp\/v2\/pages\/8088","targetHints":{"allow":["GET"]}}],"collection":[{"href":"https:\/\/www.tiergehege-kaisergarten.de\/tg\/wp-json\/wp\/v2\/pages"}],"about":[{"href":"https:\/\/www.tiergehege-kaisergarten.de\/tg\/wp-json\/wp\/v2\/types\/page"}],"author":[{"embeddable":true,"href":"https:\/\/www.tiergehege-kaisergarten.de\/tg\/wp-json\/wp\/v2\/users\/35"}],"replies":[{"embeddable":true,"href":"https:\/\/www.tiergehege-kaisergarten.de\/tg\/wp-json\/wp\/v2\/comments?post=8088"}],"version-history":[{"count":1,"href":"https:\/\/www.tiergehege-kaisergarten.de\/tg\/wp-json\/wp\/v2\/pages\/8088\/revisions"}],"predecessor-version":[{"id":8091,"href":"https:\/\/www.tiergehege-kaisergarten.de\/tg\/wp-json\/wp\/v2\/pages\/8088\/revisions\/8091"}],"up":[{"embeddable":true,"href":"https:\/\/www.tiergehege-kaisergarten.de\/tg\/wp-json\/wp\/v2\/pages\/21"}],"wp:featuredmedia":[{"embeddable":true,"href":"https:\/\/www.tiergehege-kaisergarten.de\/tg\/wp-json\/wp\/v2\/media\/7705"}],"wp:attachment":[{"href":"https:\/\/www.tiergehege-kaisergarten.de\/tg\/wp-json\/wp\/v2\/media?parent=8088"}],"curies":[{"name":"wp","href":"https:\/\/api.w.org\/{rel}","templated":true}]}}