{"id":8061,"date":"2022-11-15T11:26:29","date_gmt":"2022-11-15T10:26:29","guid":{"rendered":"\/tg\/?page_id=8061"},"modified":"2022-11-15T11:27:20","modified_gmt":"2022-11-15T10:27:20","slug":"westfaelische-totleger","status":"publish","type":"page","link":"https:\/\/www.tiergehege-kaisergarten.de\/tg\/unsere-tiere\/voegel\/westfaelische-totleger\/","title":{"rendered":"Westf\u00e4lische Totleger"},"content":{"rendered":"<p><strong><em>Gallus gallus f. domestica<\/em><\/strong><\/p>\n<p>Die Totleger geh\u00f6ren zu den Sprenkelh\u00fchnern und damit zu den \u00e4ltesten deutschen Landhuhnrassen. Es gibt einen silbernen und einen selteneren goldenen Farbschlag. Ihr seltsamer Name bezieht sich auf ihre f\u00fcr eine alte Landrasse ungew\u00f6hnlich hohe Legeleistung von bis zu 220 Eiern im ersten Legejahr. Zu Tode legen sie sich aber nicht. Den besonders legefreudigen Hennen fehlt der Bruttrieb, daher werden die Eier oft k\u00fcnstlich ausgebr\u00fctet. Die Rasse entstand im Ravensberger H\u00fcgelland im Raum Bielefeld. Sie zeichnet sich vor allem durch Robustheit und Anspruchslosigkeit aus. Fr\u00fcher lebten die H\u00fchner frei auf dem Hofgel\u00e4nde. In der Regel wurden sie nur bei Eis und Schnee gef\u00fcttert, sonst versorgten sie sich selbst.<\/p>\n","protected":false},"excerpt":{"rendered":"<p>Gallus gallus f. domestica Die Totleger geh\u00f6ren zu den Sprenkelh\u00fchnern und damit zu den \u00e4ltesten deutschen Landhuhnrassen. Es gibt einen <span class=\"excerpt-dots\">&hellip;<\/span> <a class=\"more-link\" href=\"https:\/\/www.tiergehege-kaisergarten.de\/tg\/unsere-tiere\/voegel\/westfaelische-totleger\/\"><span class=\"more-msg\">Weiterlesen &rarr;<\/span><\/a><\/p>\n","protected":false},"author":35,"featured_media":8066,"parent":52,"menu_order":0,"comment_status":"closed","ping_status":"closed","template":"","meta":{"footnotes":""},"class_list":["post-8061","page","type-page","status-publish","has-post-thumbnail","hentry"],"_links":{"self":[{"href":"https:\/\/www.tiergehege-kaisergarten.de\/tg\/wp-json\/wp\/v2\/pages\/8061","targetHints":{"allow":["GET"]}}],"collection":[{"href":"https:\/\/www.tiergehege-kaisergarten.de\/tg\/wp-json\/wp\/v2\/pages"}],"about":[{"href":"https:\/\/www.tiergehege-kaisergarten.de\/tg\/wp-json\/wp\/v2\/types\/page"}],"author":[{"embeddable":true,"href":"https:\/\/www.tiergehege-kaisergarten.de\/tg\/wp-json\/wp\/v2\/users\/35"}],"replies":[{"embeddable":true,"href":"https:\/\/www.tiergehege-kaisergarten.de\/tg\/wp-json\/wp\/v2\/comments?post=8061"}],"version-history":[{"count":2,"href":"https:\/\/www.tiergehege-kaisergarten.de\/tg\/wp-json\/wp\/v2\/pages\/8061\/revisions"}],"predecessor-version":[{"id":8067,"href":"https:\/\/www.tiergehege-kaisergarten.de\/tg\/wp-json\/wp\/v2\/pages\/8061\/revisions\/8067"}],"up":[{"embeddable":true,"href":"https:\/\/www.tiergehege-kaisergarten.de\/tg\/wp-json\/wp\/v2\/pages\/52"}],"wp:featuredmedia":[{"embeddable":true,"href":"https:\/\/www.tiergehege-kaisergarten.de\/tg\/wp-json\/wp\/v2\/media\/8066"}],"wp:attachment":[{"href":"https:\/\/www.tiergehege-kaisergarten.de\/tg\/wp-json\/wp\/v2\/media?parent=8061"}],"curies":[{"name":"wp","href":"https:\/\/api.w.org\/{rel}","templated":true}]}}