{"id":7904,"date":"2022-04-04T14:39:08","date_gmt":"2022-04-04T12:39:08","guid":{"rendered":"\/tg\/?page_id=7904"},"modified":"2022-04-04T14:39:08","modified_gmt":"2022-04-04T12:39:08","slug":"araucana-huhn","status":"publish","type":"page","link":"https:\/\/www.tiergehege-kaisergarten.de\/tg\/unsere-tiere\/voegel\/araucana-huhn\/","title":{"rendered":"Araucana Huhn"},"content":{"rendered":"<p><em>Gallus gallus f. domestica<\/em><\/p>\n<p><img decoding=\"async\" class=\"size-medium wp-image-7905 alignright\" src=\"\/tg\/wp-content\/uploads\/2022\/04\/nabit_karte-Araucana-300x120.jpg\" alt=\"\" width=\"300\" height=\"120\" srcset=\"https:\/\/www.tiergehege-kaisergarten.de\/tg\/wp-content\/uploads\/2022\/04\/nabit_karte-Araucana-300x120.jpg 300w, https:\/\/www.tiergehege-kaisergarten.de\/tg\/wp-content\/uploads\/2022\/04\/nabit_karte-Araucana-700x280.jpg 700w, https:\/\/www.tiergehege-kaisergarten.de\/tg\/wp-content\/uploads\/2022\/04\/nabit_karte-Araucana-150x60.jpg 150w, https:\/\/www.tiergehege-kaisergarten.de\/tg\/wp-content\/uploads\/2022\/04\/nabit_karte-Araucana-768x307.jpg 768w, https:\/\/www.tiergehege-kaisergarten.de\/tg\/wp-content\/uploads\/2022\/04\/nabit_karte-Araucana-1536x614.jpg 1536w, https:\/\/www.tiergehege-kaisergarten.de\/tg\/wp-content\/uploads\/2022\/04\/nabit_karte-Araucana-2048x819.jpg 2048w\" sizes=\"(max-width: 300px) 100vw, 300px\" \/>Araucanas sind benannt nach den Mapuche, einem indigenen Volk S\u00fcdamerikas, die fr\u00fcher Araukaner genannt wurden. Es gibt Hinweise darauf, dass sie bereits schwanzlose H\u00fchner hielten, bevor ihr Kontinent von Kolumbus \u201eentdeckt\u201d wurde. Da die Wildform der Haush\u00fchner jedoch aus S\u00fcdostasien stammt, w\u00e4re dies ein Beweis daf\u00fcr, dass schon vor Kolumbus polynesische Seefahrer S\u00fcdamerika besuchten. Typisch f\u00fcr diese H\u00fchnerrasse sind neben ihrer Schwanzlosigkeit die Federbommel am Kopf und ihre blaugr\u00fcnen Eier. Sie sind die einzige Rasse, die diese Eifarbe dominant vererbt, und werden daher auch mit anderen Rassen gekreuzt, um weitere \u201eGr\u00fcnleger\u201c zu erhalten. Araucana gelten als ruhig, zutraulich und robust.<\/p>\n","protected":false},"excerpt":{"rendered":"<p>Gallus gallus f. domestica Araucanas sind benannt nach den Mapuche, einem indigenen Volk S\u00fcdamerikas, die fr\u00fcher Araukaner genannt wurden. Es <span class=\"excerpt-dots\">&hellip;<\/span> <a class=\"more-link\" href=\"https:\/\/www.tiergehege-kaisergarten.de\/tg\/unsere-tiere\/voegel\/araucana-huhn\/\"><span class=\"more-msg\">Weiterlesen &rarr;<\/span><\/a><\/p>\n","protected":false},"author":35,"featured_media":7906,"parent":52,"menu_order":0,"comment_status":"closed","ping_status":"closed","template":"","meta":{"footnotes":""},"class_list":["post-7904","page","type-page","status-publish","has-post-thumbnail","hentry"],"_links":{"self":[{"href":"https:\/\/www.tiergehege-kaisergarten.de\/tg\/wp-json\/wp\/v2\/pages\/7904","targetHints":{"allow":["GET"]}}],"collection":[{"href":"https:\/\/www.tiergehege-kaisergarten.de\/tg\/wp-json\/wp\/v2\/pages"}],"about":[{"href":"https:\/\/www.tiergehege-kaisergarten.de\/tg\/wp-json\/wp\/v2\/types\/page"}],"author":[{"embeddable":true,"href":"https:\/\/www.tiergehege-kaisergarten.de\/tg\/wp-json\/wp\/v2\/users\/35"}],"replies":[{"embeddable":true,"href":"https:\/\/www.tiergehege-kaisergarten.de\/tg\/wp-json\/wp\/v2\/comments?post=7904"}],"version-history":[{"count":2,"href":"https:\/\/www.tiergehege-kaisergarten.de\/tg\/wp-json\/wp\/v2\/pages\/7904\/revisions"}],"predecessor-version":[{"id":7908,"href":"https:\/\/www.tiergehege-kaisergarten.de\/tg\/wp-json\/wp\/v2\/pages\/7904\/revisions\/7908"}],"up":[{"embeddable":true,"href":"https:\/\/www.tiergehege-kaisergarten.de\/tg\/wp-json\/wp\/v2\/pages\/52"}],"wp:featuredmedia":[{"embeddable":true,"href":"https:\/\/www.tiergehege-kaisergarten.de\/tg\/wp-json\/wp\/v2\/media\/7906"}],"wp:attachment":[{"href":"https:\/\/www.tiergehege-kaisergarten.de\/tg\/wp-json\/wp\/v2\/media?parent=7904"}],"curies":[{"name":"wp","href":"https:\/\/api.w.org\/{rel}","templated":true}]}}