{"id":7894,"date":"2022-04-04T14:20:51","date_gmt":"2022-04-04T12:20:51","guid":{"rendered":"\/tg\/?page_id=7894"},"modified":"2022-11-15T07:44:48","modified_gmt":"2022-11-15T06:44:48","slug":"stachelschwein","status":"publish","type":"page","link":"https:\/\/www.tiergehege-kaisergarten.de\/tg\/unsere-tiere\/nager\/stachelschwein\/","title":{"rendered":"Stachelschwein"},"content":{"rendered":"<p><em>Hystrix spec.<\/em><\/p>\n<p>Stachelschweine sind gro\u00dfe, nachtaktive und sehr wehrhafte Nagetiere, die in H\u00f6hlen wohnen. Ihre R\u00fcckenhaare sind zu langen, scharfen Stacheln umgebildet, die bei Gefahr aufgerichtet werden. Mit einem \u201eRasselbecher\u201d am Schwanz aus hohlen Stacheln erzeugen sie Drohger\u00e4usche. Au\u00dferdem stampfen sie mit den Hinterf\u00fc\u00dfen auf, fauchen und knurren. N\u00fctzt das alles nichts, rennen sie r\u00fccklings auf den Gegner zu, bis die Stacheln schmerzhaft in dessen Haut stecken bleiben und abbrechen. Selbst Raubkatzen lassen sich so vertreiben. Stachelschweine sind aber auch gesellige Koloniebewohner, die viel K\u00f6rperkontakt suchen und sich gern gegenseitig belecken. Es gibt weltweit viele Stachelschweinverwandte; zu Stachelschweinen im engeren Sinne (Hystrix) z\u00e4hlen acht\u00a0 Arten.<\/p>\n<p><img decoding=\"async\" class=\"alignnone wp-image-7895 size-medium\" src=\"\/tg\/wp-content\/uploads\/2022\/04\/nabit_karte-Stachelschwein-300x120.jpg\" alt=\"Verbreitung Stachelschweine\" width=\"300\" height=\"120\" srcset=\"https:\/\/www.tiergehege-kaisergarten.de\/tg\/wp-content\/uploads\/2022\/04\/nabit_karte-Stachelschwein-300x120.jpg 300w, https:\/\/www.tiergehege-kaisergarten.de\/tg\/wp-content\/uploads\/2022\/04\/nabit_karte-Stachelschwein-700x280.jpg 700w, https:\/\/www.tiergehege-kaisergarten.de\/tg\/wp-content\/uploads\/2022\/04\/nabit_karte-Stachelschwein-150x60.jpg 150w, https:\/\/www.tiergehege-kaisergarten.de\/tg\/wp-content\/uploads\/2022\/04\/nabit_karte-Stachelschwein-768x307.jpg 768w, https:\/\/www.tiergehege-kaisergarten.de\/tg\/wp-content\/uploads\/2022\/04\/nabit_karte-Stachelschwein-1536x614.jpg 1536w, https:\/\/www.tiergehege-kaisergarten.de\/tg\/wp-content\/uploads\/2022\/04\/nabit_karte-Stachelschwein-2048x819.jpg 2048w\" sizes=\"(max-width: 300px) 100vw, 300px\" \/><\/p>\n<p>&nbsp;<\/p>\n<p>M\u00f6chten Sie im <a href=\"https:\/\/www.zootier-lexikon.org\/index.php?option=com_k2&amp;view=item&amp;id=270:weissschwanzstachelschwein-hystrix-indica&amp;Itemid=280\">Zootierlexikon<\/a> mehr erfahren?<\/p>\n","protected":false},"excerpt":{"rendered":"<p>Hystrix spec. Stachelschweine sind gro\u00dfe, nachtaktive und sehr wehrhafte Nagetiere, die in H\u00f6hlen wohnen. Ihre R\u00fcckenhaare sind zu langen, scharfen <span class=\"excerpt-dots\">&hellip;<\/span> <a class=\"more-link\" href=\"https:\/\/www.tiergehege-kaisergarten.de\/tg\/unsere-tiere\/nager\/stachelschwein\/\"><span class=\"more-msg\">Weiterlesen &rarr;<\/span><\/a><\/p>\n","protected":false},"author":35,"featured_media":7902,"parent":51,"menu_order":0,"comment_status":"closed","ping_status":"closed","template":"","meta":{"footnotes":""},"class_list":["post-7894","page","type-page","status-publish","has-post-thumbnail","hentry"],"_links":{"self":[{"href":"https:\/\/www.tiergehege-kaisergarten.de\/tg\/wp-json\/wp\/v2\/pages\/7894","targetHints":{"allow":["GET"]}}],"collection":[{"href":"https:\/\/www.tiergehege-kaisergarten.de\/tg\/wp-json\/wp\/v2\/pages"}],"about":[{"href":"https:\/\/www.tiergehege-kaisergarten.de\/tg\/wp-json\/wp\/v2\/types\/page"}],"author":[{"embeddable":true,"href":"https:\/\/www.tiergehege-kaisergarten.de\/tg\/wp-json\/wp\/v2\/users\/35"}],"replies":[{"embeddable":true,"href":"https:\/\/www.tiergehege-kaisergarten.de\/tg\/wp-json\/wp\/v2\/comments?post=7894"}],"version-history":[{"count":3,"href":"https:\/\/www.tiergehege-kaisergarten.de\/tg\/wp-json\/wp\/v2\/pages\/7894\/revisions"}],"predecessor-version":[{"id":8035,"href":"https:\/\/www.tiergehege-kaisergarten.de\/tg\/wp-json\/wp\/v2\/pages\/7894\/revisions\/8035"}],"up":[{"embeddable":true,"href":"https:\/\/www.tiergehege-kaisergarten.de\/tg\/wp-json\/wp\/v2\/pages\/51"}],"wp:featuredmedia":[{"embeddable":true,"href":"https:\/\/www.tiergehege-kaisergarten.de\/tg\/wp-json\/wp\/v2\/media\/7902"}],"wp:attachment":[{"href":"https:\/\/www.tiergehege-kaisergarten.de\/tg\/wp-json\/wp\/v2\/media?parent=7894"}],"curies":[{"name":"wp","href":"https:\/\/api.w.org\/{rel}","templated":true}]}}