{"id":76,"date":"2018-04-27T21:46:22","date_gmt":"2018-04-27T19:46:22","guid":{"rendered":"\/tg\/damwild\/"},"modified":"2022-11-15T07:21:41","modified_gmt":"2022-11-15T06:21:41","slug":"damwild","status":"publish","type":"page","link":"https:\/\/www.tiergehege-kaisergarten.de\/tg\/unsere-tiere\/hirsche\/damwild\/","title":{"rendered":"Damwild"},"content":{"rendered":"<h3><span style=\"font-family: arial, helvetica, sans-serif;\"><em>Dama dama<\/em><\/span><\/h3>\n<p><span style=\"font-family: arial, helvetica, sans-serif;\"><a href=\"\/tg\/wp-content\/uploads\/sites\/3\/2014\/01\/nabit_karte_damwild.jpg\"><img decoding=\"async\" class=\"alignright size-medium wp-image-1498\" src=\"\/tg\/wp-content\/uploads\/sites\/3\/2014\/01\/nabit_karte_damwild-300x120.jpg\" alt=\"\" width=\"300\" height=\"120\" srcset=\"https:\/\/www.tiergehege-kaisergarten.de\/tg\/wp-content\/uploads\/2014\/01\/nabit_karte_damwild-300x120.jpg 300w, https:\/\/www.tiergehege-kaisergarten.de\/tg\/wp-content\/uploads\/2014\/01\/nabit_karte_damwild-150x60.jpg 150w, https:\/\/www.tiergehege-kaisergarten.de\/tg\/wp-content\/uploads\/2014\/01\/nabit_karte_damwild-768x307.jpg 768w, https:\/\/www.tiergehege-kaisergarten.de\/tg\/wp-content\/uploads\/2014\/01\/nabit_karte_damwild-700x280.jpg 700w, https:\/\/www.tiergehege-kaisergarten.de\/tg\/wp-content\/uploads\/2014\/01\/nabit_karte_damwild.jpg 1199w\" sizes=\"(max-width: 300px) 100vw, 300px\" \/><\/a>Das Damwild unterscheidet sich von anderen Hirscharten deutlich durch das schaufelartige Geweih der m\u00e4nnlichen Tiere, die auff\u00e4llige Fleckung des Haarkleides und den verh\u00e4ltnism\u00e4\u00dfig langen Schwanz. Die vorwiegend d\u00e4mmerungs- und tagaktiven Tiere leben im Winter in gro\u00dfen Rudeln; im Fr\u00fchjahr trennen sich die Geschlechter. Die Brunft des Damhirsches schlie\u00dft sich ab Mitte Oktober an die der Rothirsche an. Krachend schlagen die brunftigen Hirsche ihre Schaufeln aneinander. Zur Revierabgrenzung werden aufgescharrte Stellen im Boden, die so genannten Brunftkuhlen, mit Urin markiert. In jedem Fr\u00fchjahr wird das bis zu 80 cm lange Geweih abgeworfen; danach wachsen neue Schaufeln heran.<\/span><\/p>\n<p>&nbsp;<\/p>\n<p>M\u00f6chten Sie im <a href=\"https:\/\/www.zootier-lexikon.org\/index.php?option=com_k2&amp;view=item&amp;id=626:europaeischer-damhirsch-dama-dama&amp;Itemid=264\">Zootierlexikon<\/a> mehr erfahren?<\/p>\n","protected":false},"excerpt":{"rendered":"<p>I\u00dft der Papst katholisch?<\/p>\n <a class=\"more-link\" href=\"https:\/\/www.tiergehege-kaisergarten.de\/tg\/unsere-tiere\/hirsche\/damwild\/\"><span class=\"more-msg\">Weiterlesen &rarr;<\/span><\/a>","protected":false},"author":2,"featured_media":6827,"parent":3838,"menu_order":0,"comment_status":"closed","ping_status":"closed","template":"","meta":{"footnotes":""},"class_list":["post-76","page","type-page","status-publish","has-post-thumbnail","hentry"],"_links":{"self":[{"href":"https:\/\/www.tiergehege-kaisergarten.de\/tg\/wp-json\/wp\/v2\/pages\/76","targetHints":{"allow":["GET"]}}],"collection":[{"href":"https:\/\/www.tiergehege-kaisergarten.de\/tg\/wp-json\/wp\/v2\/pages"}],"about":[{"href":"https:\/\/www.tiergehege-kaisergarten.de\/tg\/wp-json\/wp\/v2\/types\/page"}],"author":[{"embeddable":true,"href":"https:\/\/www.tiergehege-kaisergarten.de\/tg\/wp-json\/wp\/v2\/users\/2"}],"replies":[{"embeddable":true,"href":"https:\/\/www.tiergehege-kaisergarten.de\/tg\/wp-json\/wp\/v2\/comments?post=76"}],"version-history":[{"count":8,"href":"https:\/\/www.tiergehege-kaisergarten.de\/tg\/wp-json\/wp\/v2\/pages\/76\/revisions"}],"predecessor-version":[{"id":8025,"href":"https:\/\/www.tiergehege-kaisergarten.de\/tg\/wp-json\/wp\/v2\/pages\/76\/revisions\/8025"}],"up":[{"embeddable":true,"href":"https:\/\/www.tiergehege-kaisergarten.de\/tg\/wp-json\/wp\/v2\/pages\/3838"}],"wp:featuredmedia":[{"embeddable":true,"href":"https:\/\/www.tiergehege-kaisergarten.de\/tg\/wp-json\/wp\/v2\/media\/6827"}],"wp:attachment":[{"href":"https:\/\/www.tiergehege-kaisergarten.de\/tg\/wp-json\/wp\/v2\/media?parent=76"}],"curies":[{"name":"wp","href":"https:\/\/api.w.org\/{rel}","templated":true}]}}