{"id":74,"date":"2018-04-27T21:46:22","date_gmt":"2018-04-27T19:46:22","guid":{"rendered":"\/tg\/bankivahuhn\/"},"modified":"2019-01-03T11:05:24","modified_gmt":"2019-01-03T10:05:24","slug":"bankivahuhn","status":"publish","type":"page","link":"https:\/\/www.tiergehege-kaisergarten.de\/tg\/unsere-tiere\/voegel\/bankivahuhn\/","title":{"rendered":"Bankivahuhn"},"content":{"rendered":"<p><em><strong>Gallus gallus<\/strong><\/em><\/p>\n<p><a href=\"\/tg\/wp-content\/uploads\/sites\/3\/2014\/01\/nabit_karte_bankiva.jpg\"><img decoding=\"async\" class=\"alignright size-medium wp-image-1495\" src=\"\/tg\/wp-content\/uploads\/sites\/3\/2014\/01\/nabit_karte_bankiva-300x120.jpg\" alt=\"Verbreitungsgebiet der Bankiva\" width=\"300\" height=\"120\" srcset=\"https:\/\/www.tiergehege-kaisergarten.de\/tg\/wp-content\/uploads\/2014\/01\/nabit_karte_bankiva-300x120.jpg 300w, https:\/\/www.tiergehege-kaisergarten.de\/tg\/wp-content\/uploads\/2014\/01\/nabit_karte_bankiva-150x60.jpg 150w, https:\/\/www.tiergehege-kaisergarten.de\/tg\/wp-content\/uploads\/2014\/01\/nabit_karte_bankiva-768x308.jpg 768w, https:\/\/www.tiergehege-kaisergarten.de\/tg\/wp-content\/uploads\/2014\/01\/nabit_karte_bankiva-700x280.jpg 700w, https:\/\/www.tiergehege-kaisergarten.de\/tg\/wp-content\/uploads\/2014\/01\/nabit_karte_bankiva.jpg 1997w\" sizes=\"(max-width: 300px) 100vw, 300px\" \/><\/a>Wilde Bankivah\u00fchner leben in den Regenw\u00e4ldern S\u00fcdostasiens, werden aber dort auch in Hausn\u00e4he gehalten. Sie sind die Vorfahren aller Haushuhnrassen. Mehr als die H\u00e4lfte des Tages durchsuchen Bankivah\u00fchner mit schwungvollem Scharren den Boden nach Fre\u00dfbarem. Bei Gefahr fl\u00fcchten sie ins Unterholz, w\u00e4hrend sie sich zur Nachtruhe auf B\u00e4ume zur\u00fcckziehen. Im Gegensatz zu den Haush\u00fchnern tragen die H\u00e4hne nur in der Brutzeit, wenn sie einige Hennen um sich sammeln, ein pr\u00e4chtiges Federkleid mit langem Schwanz. Mit lautem Kr\u00e4hen markieren sie ihr Revier. Die unauff\u00e4llig gef\u00e4rbten Hennen legen ihre Eier in Bodenmulden unter B\u00fcsche. Bankivah\u00fchner sind scheu und vorsichtig und fliegen bei Gefahr schnell auf.<\/p>\n","protected":false},"excerpt":{"rendered":"<p>I\u00dft der Papst katholisch?<\/p>\n <a class=\"more-link\" href=\"https:\/\/www.tiergehege-kaisergarten.de\/tg\/unsere-tiere\/voegel\/bankivahuhn\/\"><span class=\"more-msg\">Weiterlesen &rarr;<\/span><\/a>","protected":false},"author":2,"featured_media":659,"parent":52,"menu_order":0,"comment_status":"closed","ping_status":"closed","template":"","meta":{"footnotes":""},"class_list":["post-74","page","type-page","status-publish","has-post-thumbnail","hentry"],"_links":{"self":[{"href":"https:\/\/www.tiergehege-kaisergarten.de\/tg\/wp-json\/wp\/v2\/pages\/74","targetHints":{"allow":["GET"]}}],"collection":[{"href":"https:\/\/www.tiergehege-kaisergarten.de\/tg\/wp-json\/wp\/v2\/pages"}],"about":[{"href":"https:\/\/www.tiergehege-kaisergarten.de\/tg\/wp-json\/wp\/v2\/types\/page"}],"author":[{"embeddable":true,"href":"https:\/\/www.tiergehege-kaisergarten.de\/tg\/wp-json\/wp\/v2\/users\/2"}],"replies":[{"embeddable":true,"href":"https:\/\/www.tiergehege-kaisergarten.de\/tg\/wp-json\/wp\/v2\/comments?post=74"}],"version-history":[{"count":4,"href":"https:\/\/www.tiergehege-kaisergarten.de\/tg\/wp-json\/wp\/v2\/pages\/74\/revisions"}],"predecessor-version":[{"id":6028,"href":"https:\/\/www.tiergehege-kaisergarten.de\/tg\/wp-json\/wp\/v2\/pages\/74\/revisions\/6028"}],"up":[{"embeddable":true,"href":"https:\/\/www.tiergehege-kaisergarten.de\/tg\/wp-json\/wp\/v2\/pages\/52"}],"wp:featuredmedia":[{"embeddable":true,"href":"https:\/\/www.tiergehege-kaisergarten.de\/tg\/wp-json\/wp\/v2\/media\/659"}],"wp:attachment":[{"href":"https:\/\/www.tiergehege-kaisergarten.de\/tg\/wp-json\/wp\/v2\/media?parent=74"}],"curies":[{"name":"wp","href":"https:\/\/api.w.org\/{rel}","templated":true}]}}