{"id":7384,"date":"2020-11-17T15:03:19","date_gmt":"2020-11-17T14:03:19","guid":{"rendered":"\/tg\/?page_id=7384"},"modified":"2026-01-06T10:21:43","modified_gmt":"2026-01-06T09:21:43","slug":"einheimische-tiere","status":"publish","type":"page","link":"https:\/\/www.tiergehege-kaisergarten.de\/tg\/naturerlebnisschule\/kindergeburtstage\/einheimische-tiere\/","title":{"rendered":"Einheimische Tiere"},"content":{"rendered":"<p>Es m\u00fcssen ja nicht immer die exotischen Tiere sein, die uns begeistern und neugierig machen. Auch die bei uns \u201evor der T\u00fcr\u201c lebenden heimischen Haus- und Wildtiere haben eine Menge zu bieten. Was ist eigentlich der Unterschied zwischen einem Hirsch und einem Reh? Und was fressen Wildschweine so alles? Diese und noch zahlreiche weitere Fragen werden bei dem Geburtstagsangebot f\u00fcr unsere Kleinsten beantwortet. Gef\u00fcttert werden die Tiere nat\u00fcrlich auch und am Ende k\u00f6nnen die Zwergziegen in ihrem Gehege gestreichelt werden.<\/p>\n<ul>\n<li><strong>Alter<\/strong>: ab 4 Jahre<\/li>\n<li><strong>Dauer<\/strong>: ca. 60 &#8211; 75 Minuten<\/li>\n<li><strong>Kosten<\/strong>: 90\u20ac<\/li>\n<li><strong>Anzahl Kinder<\/strong>: bis zu 8\u00a0 &#8211; zwei weitere Kinder k\u00f6nnen gegen Aufpreis von ja 5\u20ac hinzugebucht werden<\/li>\n<\/ul>\n<p>&nbsp;<\/p>\n<p>Wir freuen uns auf Ihre Anmeldung. <a href=\"\/tg\/startseite\/anmeldeformular_kindergeburtstag\/\">Hier geht\u2019s zum Anmeldeformular.<\/a><\/p>\n","protected":false},"excerpt":{"rendered":"<p>Es m\u00fcssen ja nicht immer die exotischen Tiere sein, die uns begeistern und neugierig machen. Auch die bei uns \u201evor <span class=\"excerpt-dots\">&hellip;<\/span> <a class=\"more-link\" href=\"https:\/\/www.tiergehege-kaisergarten.de\/tg\/naturerlebnisschule\/kindergeburtstage\/einheimische-tiere\/\"><span class=\"more-msg\">Weiterlesen &rarr;<\/span><\/a><\/p>\n","protected":false},"author":1046,"featured_media":6426,"parent":26,"menu_order":0,"comment_status":"closed","ping_status":"closed","template":"","meta":{"footnotes":""},"class_list":["post-7384","page","type-page","status-publish","has-post-thumbnail","hentry"],"_links":{"self":[{"href":"https:\/\/www.tiergehege-kaisergarten.de\/tg\/wp-json\/wp\/v2\/pages\/7384","targetHints":{"allow":["GET"]}}],"collection":[{"href":"https:\/\/www.tiergehege-kaisergarten.de\/tg\/wp-json\/wp\/v2\/pages"}],"about":[{"href":"https:\/\/www.tiergehege-kaisergarten.de\/tg\/wp-json\/wp\/v2\/types\/page"}],"author":[{"embeddable":true,"href":"https:\/\/www.tiergehege-kaisergarten.de\/tg\/wp-json\/wp\/v2\/users\/1046"}],"replies":[{"embeddable":true,"href":"https:\/\/www.tiergehege-kaisergarten.de\/tg\/wp-json\/wp\/v2\/comments?post=7384"}],"version-history":[{"count":12,"href":"https:\/\/www.tiergehege-kaisergarten.de\/tg\/wp-json\/wp\/v2\/pages\/7384\/revisions"}],"predecessor-version":[{"id":8817,"href":"https:\/\/www.tiergehege-kaisergarten.de\/tg\/wp-json\/wp\/v2\/pages\/7384\/revisions\/8817"}],"up":[{"embeddable":true,"href":"https:\/\/www.tiergehege-kaisergarten.de\/tg\/wp-json\/wp\/v2\/pages\/26"}],"wp:featuredmedia":[{"embeddable":true,"href":"https:\/\/www.tiergehege-kaisergarten.de\/tg\/wp-json\/wp\/v2\/media\/6426"}],"wp:attachment":[{"href":"https:\/\/www.tiergehege-kaisergarten.de\/tg\/wp-json\/wp\/v2\/media?parent=7384"}],"curies":[{"name":"wp","href":"https:\/\/api.w.org\/{rel}","templated":true}]}}