{"id":6997,"date":"2022-11-30T07:27:43","date_gmt":"2022-11-30T06:27:43","guid":{"rendered":"\/tg\/?page_id=6997"},"modified":"2022-11-30T07:27:43","modified_gmt":"2022-11-30T06:27:43","slug":"duelmener-wildpferd","status":"publish","type":"page","link":"https:\/\/www.tiergehege-kaisergarten.de\/tg\/unsere-tiere\/pferde\/duelmener-wildpferd\/","title":{"rendered":"D\u00fclmener Wildpferd"},"content":{"rendered":"<p><span style=\"font-family: arial, helvetica, sans-serif;\"><em><strong>Equus ferus f. caballus<\/strong><\/em><\/span><\/p>\n<p><span style=\"font-family: arial, helvetica, sans-serif;\">D\u00fclmener Wildpferde wurden schon 1316 urkundlich erw\u00e4hnt; sie gelten als \u00e4lteste deutsche Pferderasse. Sie stammen von Wildpferden ab, die in Bruchw\u00e4ldern zwischen Ruhr und Lippe lebten, vermischten sich aber immer wieder mit entlaufenen Hauspferden. Als es im 19. Jh. nicht mehr genug Lebensraum f\u00fcr frei lebende Pferde gab, f\u00fchrte der Herzog von Cro\u00ff D\u00fclmener und Emscher Pferde in einem Gatter zusammen und bewahrte sie vor dem Aussterben. Heute leben etwa 400 \u201eWild\u201d- Pferde in einem Reservat aus Moor, Heide und Wald. Aalstrich und Fesselbehang zeigen, dass es sich auch heute noch um einen urspr\u00fcnglichen Pferdetyp handelt. Die robusten Tiere bleiben sich meist selbst \u00fcberlassen, nur im Winter erhalten s<img decoding=\"async\" class=\"size-medium wp-image-6998 alignright\" src=\"\/tg\/wp-content\/uploads\/2020\/01\/nabit_karte_d\u00fclmener_wildpferd-300x120.jpg\" alt=\"\" width=\"300\" height=\"120\" srcset=\"https:\/\/www.tiergehege-kaisergarten.de\/tg\/wp-content\/uploads\/2020\/01\/nabit_karte_d\u00fclmener_wildpferd-300x120.jpg 300w, https:\/\/www.tiergehege-kaisergarten.de\/tg\/wp-content\/uploads\/2020\/01\/nabit_karte_d\u00fclmener_wildpferd-150x60.jpg 150w, https:\/\/www.tiergehege-kaisergarten.de\/tg\/wp-content\/uploads\/2020\/01\/nabit_karte_d\u00fclmener_wildpferd.jpg 600w\" sizes=\"(max-width: 300px) 100vw, 300px\" \/>ie Heu.<\/span><\/p>\n","protected":false},"excerpt":{"rendered":"<p>Equus ferus f. caballus D\u00fclmener Wildpferde wurden schon 1316 urkundlich erw\u00e4hnt; sie gelten als \u00e4lteste deutsche Pferderasse. Sie stammen von <span class=\"excerpt-dots\">&hellip;<\/span> <a class=\"more-link\" href=\"https:\/\/www.tiergehege-kaisergarten.de\/tg\/unsere-tiere\/pferde\/duelmener-wildpferd\/\"><span class=\"more-msg\">Weiterlesen &rarr;<\/span><\/a><\/p>\n","protected":false},"author":35,"featured_media":0,"parent":19,"menu_order":0,"comment_status":"closed","ping_status":"closed","template":"","meta":{"footnotes":""},"class_list":["post-6997","page","type-page","status-publish","hentry"],"_links":{"self":[{"href":"https:\/\/www.tiergehege-kaisergarten.de\/tg\/wp-json\/wp\/v2\/pages\/6997","targetHints":{"allow":["GET"]}}],"collection":[{"href":"https:\/\/www.tiergehege-kaisergarten.de\/tg\/wp-json\/wp\/v2\/pages"}],"about":[{"href":"https:\/\/www.tiergehege-kaisergarten.de\/tg\/wp-json\/wp\/v2\/types\/page"}],"author":[{"embeddable":true,"href":"https:\/\/www.tiergehege-kaisergarten.de\/tg\/wp-json\/wp\/v2\/users\/35"}],"replies":[{"embeddable":true,"href":"https:\/\/www.tiergehege-kaisergarten.de\/tg\/wp-json\/wp\/v2\/comments?post=6997"}],"version-history":[{"count":4,"href":"https:\/\/www.tiergehege-kaisergarten.de\/tg\/wp-json\/wp\/v2\/pages\/6997\/revisions"}],"predecessor-version":[{"id":8083,"href":"https:\/\/www.tiergehege-kaisergarten.de\/tg\/wp-json\/wp\/v2\/pages\/6997\/revisions\/8083"}],"up":[{"embeddable":true,"href":"https:\/\/www.tiergehege-kaisergarten.de\/tg\/wp-json\/wp\/v2\/pages\/19"}],"wp:attachment":[{"href":"https:\/\/www.tiergehege-kaisergarten.de\/tg\/wp-json\/wp\/v2\/media?parent=6997"}],"curies":[{"name":"wp","href":"https:\/\/api.w.org\/{rel}","templated":true}]}}