{"id":6989,"date":"2020-01-14T07:23:09","date_gmt":"2020-01-14T06:23:09","guid":{"rendered":"\/tg\/?page_id=6989"},"modified":"2020-02-05T10:23:30","modified_gmt":"2020-02-05T09:23:30","slug":"japaner-kaninchen","status":"publish","type":"page","link":"https:\/\/www.tiergehege-kaisergarten.de\/tg\/unsere-tiere\/hasenartige\/japaner-kaninchen\/","title":{"rendered":"Japaner Kaninchen"},"content":{"rendered":"<p><span style=\"font-family: arial, helvetica, sans-serif;\"><em><strong>Oryctolagus cuniculus f. domestica<\/strong><\/em><\/span><\/p>\n<p>Japaner-Kaninchen geh\u00f6ren zu den \u00e4ltesten und buntesten Kaninchenrassen; sie wurden bereits 1887 auf der Pariser Weltausstellung gezeigt. Schon damals faszinierte das eigent\u00fcmliche Haarkleid viele Kaninchenliebhaber, bald darauf verbreitete sich die Rasse auch nach Deutschland. Der Name \u201eJapaner\u201d sollte der Rasse wohl einen exotischen Flair geben. Zuchtziel ist ein mittelgro\u00dfes Kaninchen mit schwarzen und gelb-roten Streifen oder Flecken, die sich auf der R\u00fcckenmitte versetzt wie bei einem Schachbrettmuster treffen. Auch das Gesicht soll m\u00f6glichst zweigeteilt gef\u00e4rbt sein. Die Kanin<img decoding=\"async\" class=\"size-medium wp-image-6990 alignright\" src=\"\/tg\/wp-content\/uploads\/2020\/01\/nabit_karte_japaner-300x120.jpg\" alt=\"\" width=\"300\" height=\"120\" srcset=\"https:\/\/www.tiergehege-kaisergarten.de\/tg\/wp-content\/uploads\/2020\/01\/nabit_karte_japaner-300x120.jpg 300w, https:\/\/www.tiergehege-kaisergarten.de\/tg\/wp-content\/uploads\/2020\/01\/nabit_karte_japaner-700x280.jpg 700w, https:\/\/www.tiergehege-kaisergarten.de\/tg\/wp-content\/uploads\/2020\/01\/nabit_karte_japaner-150x60.jpg 150w, https:\/\/www.tiergehege-kaisergarten.de\/tg\/wp-content\/uploads\/2020\/01\/nabit_karte_japaner-768x307.jpg 768w, https:\/\/www.tiergehege-kaisergarten.de\/tg\/wp-content\/uploads\/2020\/01\/nabit_karte_japaner.jpg 1000w\" sizes=\"(max-width: 300px) 100vw, 300px\" \/>chen sind robust und temperamentvoll, sie brauchen viel Bewegungsfreiheit.<\/p>\n","protected":false},"excerpt":{"rendered":"<p>Oryctolagus cuniculus f. domestica Japaner-Kaninchen geh\u00f6ren zu den \u00e4ltesten und buntesten Kaninchenrassen; sie wurden bereits 1887 auf der Pariser Weltausstellung <span class=\"excerpt-dots\">&hellip;<\/span> <a class=\"more-link\" href=\"https:\/\/www.tiergehege-kaisergarten.de\/tg\/unsere-tiere\/hasenartige\/japaner-kaninchen\/\"><span class=\"more-msg\">Weiterlesen &rarr;<\/span><\/a><\/p>\n","protected":false},"author":35,"featured_media":7007,"parent":7076,"menu_order":0,"comment_status":"closed","ping_status":"closed","template":"","meta":{"footnotes":""},"class_list":["post-6989","page","type-page","status-publish","has-post-thumbnail","hentry"],"_links":{"self":[{"href":"https:\/\/www.tiergehege-kaisergarten.de\/tg\/wp-json\/wp\/v2\/pages\/6989","targetHints":{"allow":["GET"]}}],"collection":[{"href":"https:\/\/www.tiergehege-kaisergarten.de\/tg\/wp-json\/wp\/v2\/pages"}],"about":[{"href":"https:\/\/www.tiergehege-kaisergarten.de\/tg\/wp-json\/wp\/v2\/types\/page"}],"author":[{"embeddable":true,"href":"https:\/\/www.tiergehege-kaisergarten.de\/tg\/wp-json\/wp\/v2\/users\/35"}],"replies":[{"embeddable":true,"href":"https:\/\/www.tiergehege-kaisergarten.de\/tg\/wp-json\/wp\/v2\/comments?post=6989"}],"version-history":[{"count":3,"href":"https:\/\/www.tiergehege-kaisergarten.de\/tg\/wp-json\/wp\/v2\/pages\/6989\/revisions"}],"predecessor-version":[{"id":7079,"href":"https:\/\/www.tiergehege-kaisergarten.de\/tg\/wp-json\/wp\/v2\/pages\/6989\/revisions\/7079"}],"up":[{"embeddable":true,"href":"https:\/\/www.tiergehege-kaisergarten.de\/tg\/wp-json\/wp\/v2\/pages\/7076"}],"wp:featuredmedia":[{"embeddable":true,"href":"https:\/\/www.tiergehege-kaisergarten.de\/tg\/wp-json\/wp\/v2\/media\/7007"}],"wp:attachment":[{"href":"https:\/\/www.tiergehege-kaisergarten.de\/tg\/wp-json\/wp\/v2\/media?parent=6989"}],"curies":[{"name":"wp","href":"https:\/\/api.w.org\/{rel}","templated":true}]}}