{"id":6984,"date":"2020-01-14T07:21:25","date_gmt":"2020-01-14T06:21:25","guid":{"rendered":"\/tg\/?page_id=6984"},"modified":"2020-02-05T10:23:06","modified_gmt":"2020-02-05T09:23:06","slug":"meissner-widder","status":"publish","type":"page","link":"https:\/\/www.tiergehege-kaisergarten.de\/tg\/unsere-tiere\/hasenartige\/meissner-widder\/","title":{"rendered":"Mei\u00dfner Widder"},"content":{"rendered":"<p><em><strong>Ory<span style=\"font-family: arial, helvetica, sans-serif;\">ctolagus cuniculus f. domestica<\/span><\/strong><\/em><\/p>\n<p><span style=\"font-family: arial, helvetica, sans-serif;\">Ein auff\u00e4lliges Merkmal der Mei\u00dfner Widder-Kaninchen ist der silberne Schimmer des Fells, der durch Silberhaare mit bl\u00e4ulich-wei\u00dfen Haarspitzen entsteht. Sie heben sich deutlich von den farbigen Deckhaaren ab und geben dem Fell ein pr\u00e4chtiges Aussehen. Es gibt f\u00fcnf Farbschl\u00e4ge. Um 1900 z\u00fcchtete der Mei\u00dfner Leopold Reck aus Rassen wie dem franz\u00f6sischen Widder und dem Kleinsilberkaninchen gro\u00dfe Kaninchen mit Silberfarbe. Damit reagierte er auf die steigende Nachfrage der Pelzindustrie nach gro\u00dfen silberfarbenen Kaninchenfellen, die den begehrten Silberfuchspelzen \u00e4hnelten. Mei\u00dfner Widder sind gen\u00fcgsam und recht lebhaft. Heute gibt es nur noch wenige Z\u00fcchter, daher ist der Bestand der Rasse gef\u00e4hrdet.<\/span><em><br \/>\n<img decoding=\"async\" class=\"size-medium wp-image-6985 alignright\" src=\"\/tg\/wp-content\/uploads\/2020\/01\/nabit_karte_meissner_widder-300x120.jpg\" alt=\"\" width=\"300\" height=\"120\" srcset=\"https:\/\/www.tiergehege-kaisergarten.de\/tg\/wp-content\/uploads\/2020\/01\/nabit_karte_meissner_widder-300x120.jpg 300w, https:\/\/www.tiergehege-kaisergarten.de\/tg\/wp-content\/uploads\/2020\/01\/nabit_karte_meissner_widder-150x60.jpg 150w, https:\/\/www.tiergehege-kaisergarten.de\/tg\/wp-content\/uploads\/2020\/01\/nabit_karte_meissner_widder.jpg 600w\" sizes=\"(max-width: 300px) 100vw, 300px\" \/><br \/>\n<\/em><\/p>\n","protected":false},"excerpt":{"rendered":"<p>Oryctolagus cuniculus f. domestica Ein auff\u00e4lliges Merkmal der Mei\u00dfner Widder-Kaninchen ist der silberne Schimmer des Fells, der durch Silberhaare mit <span class=\"excerpt-dots\">&hellip;<\/span> <a class=\"more-link\" href=\"https:\/\/www.tiergehege-kaisergarten.de\/tg\/unsere-tiere\/hasenartige\/meissner-widder\/\"><span class=\"more-msg\">Weiterlesen &rarr;<\/span><\/a><\/p>\n","protected":false},"author":35,"featured_media":0,"parent":7076,"menu_order":0,"comment_status":"closed","ping_status":"closed","template":"","meta":{"footnotes":""},"class_list":["post-6984","page","type-page","status-publish","hentry"],"_links":{"self":[{"href":"https:\/\/www.tiergehege-kaisergarten.de\/tg\/wp-json\/wp\/v2\/pages\/6984","targetHints":{"allow":["GET"]}}],"collection":[{"href":"https:\/\/www.tiergehege-kaisergarten.de\/tg\/wp-json\/wp\/v2\/pages"}],"about":[{"href":"https:\/\/www.tiergehege-kaisergarten.de\/tg\/wp-json\/wp\/v2\/types\/page"}],"author":[{"embeddable":true,"href":"https:\/\/www.tiergehege-kaisergarten.de\/tg\/wp-json\/wp\/v2\/users\/35"}],"replies":[{"embeddable":true,"href":"https:\/\/www.tiergehege-kaisergarten.de\/tg\/wp-json\/wp\/v2\/comments?post=6984"}],"version-history":[{"count":2,"href":"https:\/\/www.tiergehege-kaisergarten.de\/tg\/wp-json\/wp\/v2\/pages\/6984\/revisions"}],"predecessor-version":[{"id":6987,"href":"https:\/\/www.tiergehege-kaisergarten.de\/tg\/wp-json\/wp\/v2\/pages\/6984\/revisions\/6987"}],"up":[{"embeddable":true,"href":"https:\/\/www.tiergehege-kaisergarten.de\/tg\/wp-json\/wp\/v2\/pages\/7076"}],"wp:attachment":[{"href":"https:\/\/www.tiergehege-kaisergarten.de\/tg\/wp-json\/wp\/v2\/media?parent=6984"}],"curies":[{"name":"wp","href":"https:\/\/api.w.org\/{rel}","templated":true}]}}