{"id":6612,"date":"2019-03-28T10:40:43","date_gmt":"2019-03-28T09:40:43","guid":{"rendered":"\/tg\/?page_id=6612"},"modified":"2026-01-06T10:33:56","modified_gmt":"2026-01-06T09:33:56","slug":"ziegenfuehrerschein","status":"publish","type":"page","link":"https:\/\/www.tiergehege-kaisergarten.de\/tg\/naturerlebnisschule\/kindergeburtstage\/ziegenfuehrerschein\/","title":{"rendered":"Ziegenf\u00fchrerschein"},"content":{"rendered":"<p><strong>Wir machen einen Ziegenf\u00fchrerschein<\/strong><\/p>\n<p><img decoding=\"async\" class=\" wp-image-5865\" src=\"\/tg\/wp-content\/uploads\/2018\/12\/IMG_7263-300x200.jpg\" alt=\"junge Zwergziege\" width=\"236\" height=\"157\" srcset=\"https:\/\/www.tiergehege-kaisergarten.de\/tg\/wp-content\/uploads\/2018\/12\/IMG_7263-300x200.jpg 300w, https:\/\/www.tiergehege-kaisergarten.de\/tg\/wp-content\/uploads\/2018\/12\/IMG_7263-150x100.jpg 150w, https:\/\/www.tiergehege-kaisergarten.de\/tg\/wp-content\/uploads\/2018\/12\/IMG_7263-768x512.jpg 768w, https:\/\/www.tiergehege-kaisergarten.de\/tg\/wp-content\/uploads\/2018\/12\/IMG_7263-700x467.jpg 700w\" sizes=\"(max-width: 236px) 100vw, 236px\" \/><\/p>\n<p>Bei diesem Geburtstag lernt ihr jede Menge n\u00fctzliches \u00fcber Ziegen und d\u00fcrft unsere Zwergziegen, als besonderes Highlight, auch in ihrem Gehege besuchen. Ihr d\u00fcrft die Ziegen streicheln, f\u00fcttern, striegeln und versuchen sie an der Leine zu f\u00fchren. Dabei wird den Kindern ein ruhiger und geduldiger Umgang mit Tieren beigebracht. Au\u00dferdem machen die Kinder eine kleine Ziegenrallye. Zum Schluss bekommen alle Kinder, als Erinnerung, einen eigenen individuellen Ziegenf\u00fchrerschein.<\/p>\n<ul>\n<li><strong>Alter<\/strong>: ab 8 Jahren<\/li>\n<li><strong>Dauer<\/strong>: ca. 90 Minuten<\/li>\n<li><strong>Kosten<\/strong>: 130\u20ac<\/li>\n<li><strong>Anzahl Kinder<\/strong>: bis zu 8<\/li>\n<\/ul>\n<p>&nbsp;<\/p>\n<p>Wir freuen uns auf Ihre Anmeldung. <a href=\"\/tg\/startseite\/anmeldeformular_kindergeburtstag\/\">Hier geht es zum Anmelde-Formular<\/a><\/p>\n","protected":false},"excerpt":{"rendered":"<p>Wir machen einen Ziegenf\u00fchrerschein Bei diesem Geburtstag lernt ihr jede Menge n\u00fctzliches \u00fcber Ziegen und d\u00fcrft unsere Zwergziegen, als besonderes <span class=\"excerpt-dots\">&hellip;<\/span> <a class=\"more-link\" href=\"https:\/\/www.tiergehege-kaisergarten.de\/tg\/naturerlebnisschule\/kindergeburtstage\/ziegenfuehrerschein\/\"><span class=\"more-msg\">Weiterlesen &rarr;<\/span><\/a><\/p>\n","protected":false},"author":1046,"featured_media":341,"parent":26,"menu_order":0,"comment_status":"closed","ping_status":"closed","template":"","meta":{"footnotes":""},"class_list":["post-6612","page","type-page","status-publish","has-post-thumbnail","hentry"],"_links":{"self":[{"href":"https:\/\/www.tiergehege-kaisergarten.de\/tg\/wp-json\/wp\/v2\/pages\/6612","targetHints":{"allow":["GET"]}}],"collection":[{"href":"https:\/\/www.tiergehege-kaisergarten.de\/tg\/wp-json\/wp\/v2\/pages"}],"about":[{"href":"https:\/\/www.tiergehege-kaisergarten.de\/tg\/wp-json\/wp\/v2\/types\/page"}],"author":[{"embeddable":true,"href":"https:\/\/www.tiergehege-kaisergarten.de\/tg\/wp-json\/wp\/v2\/users\/1046"}],"replies":[{"embeddable":true,"href":"https:\/\/www.tiergehege-kaisergarten.de\/tg\/wp-json\/wp\/v2\/comments?post=6612"}],"version-history":[{"count":14,"href":"https:\/\/www.tiergehege-kaisergarten.de\/tg\/wp-json\/wp\/v2\/pages\/6612\/revisions"}],"predecessor-version":[{"id":8821,"href":"https:\/\/www.tiergehege-kaisergarten.de\/tg\/wp-json\/wp\/v2\/pages\/6612\/revisions\/8821"}],"up":[{"embeddable":true,"href":"https:\/\/www.tiergehege-kaisergarten.de\/tg\/wp-json\/wp\/v2\/pages\/26"}],"wp:featuredmedia":[{"embeddable":true,"href":"https:\/\/www.tiergehege-kaisergarten.de\/tg\/wp-json\/wp\/v2\/media\/341"}],"wp:attachment":[{"href":"https:\/\/www.tiergehege-kaisergarten.de\/tg\/wp-json\/wp\/v2\/media?parent=6612"}],"curies":[{"name":"wp","href":"https:\/\/api.w.org\/{rel}","templated":true}]}}