{"id":6569,"date":"2019-03-14T11:39:23","date_gmt":"2019-03-14T10:39:23","guid":{"rendered":"\/tg\/?page_id=6569"},"modified":"2022-11-15T07:19:56","modified_gmt":"2022-11-15T06:19:56","slug":"europaeischer-ziesel","status":"publish","type":"page","link":"https:\/\/www.tiergehege-kaisergarten.de\/tg\/unsere-tiere\/nager\/europaeischer-ziesel\/","title":{"rendered":"Europ\u00e4ischer Ziesel"},"content":{"rendered":"<p><span style=\"font-family: arial, helvetica, sans-serif;\"><strong>Europ\u00e4ischer Ziesel <\/strong>(<em>Spermophilus citellus<\/em>) <\/span><br \/>\n<span style=\"font-family: arial, helvetica, sans-serif;\"><strong><br \/>\n<\/strong>Ziesel leben auf ausgedehnten Grasfl\u00e4chen mit niedrigem Bewuchs. Jedes der geselligen Nagetiere gr\u00e4bt sich einen eigenen,<\/span> <span style=\"font-family: arial, helvetica, sans-serif;\">verzweigten Erdbau, jedoch in enger Nachbarschaft. Weil Ziesel tags-\u00fcber auf Nahrungssuche gehen, sind sie<\/span><span style=\"font-family: arial, helvetica, sans-serif;\"> leichte Beute f\u00fcr Greifv\u00f6gel, Katzen, F\u00fcchse oder Marder. Daher richten sie sich immer wieder auf, um sich umzusehen. Bevor sie in ein<\/span><span style=\"font-family: arial, helvetica, sans-serif;\"><img decoding=\"async\" class=\"size-medium wp-image-6570 alignright\" src=\"\/tg\/wp-content\/uploads\/2019\/03\/nabit_karte_ziesel-300x120.png\" alt=\"\" width=\"300\" height=\"120\" srcset=\"https:\/\/www.tiergehege-kaisergarten.de\/tg\/wp-content\/uploads\/2019\/03\/nabit_karte_ziesel-300x120.png 300w, https:\/\/www.tiergehege-kaisergarten.de\/tg\/wp-content\/uploads\/2019\/03\/nabit_karte_ziesel-150x60.png 150w, https:\/\/www.tiergehege-kaisergarten.de\/tg\/wp-content\/uploads\/2019\/03\/nabit_karte_ziesel.png 524w\" sizes=\"(max-width: 300px) 100vw, 300px\" \/><\/span><span style=\"font-family: arial, helvetica, sans-serif;\">em Schlupfloch verschwinden, warnen sie einander mit schrillem Pfiff. Im Sp\u00e4tsommer fressen sie sich eine Fettschicht an, bevor sich jedes Tier f\u00fcr den <\/span><span style=\"font-family: arial, helvetica, sans-serif;\">Winterschlaf in die eigene Schlafkammer zur\u00fcckzieht. Weil ihr Lebensraum schwindet, werden Ziesel selten. Die einzige deutsche Zieselkolonie im Erzgebirge sta<\/span><span style=\"font-family: arial, helvetica, sans-serif;\">rb vor 40 Jahren aus, man bem\u00fcht sich um Wiederansiedlung.<\/span><\/p>\n<p>&nbsp;<\/p>\n<p>M\u00f6chten Sie im <a href=\"https:\/\/www.zootier-lexikon.org\/index.php?option=com_k2&amp;view=item&amp;id=253:ziesel&amp;Itemid=272\">Zootierlexikon<\/a> mehr erfahren?<\/p>\n","protected":false},"excerpt":{"rendered":"<p>Europ\u00e4ischer Ziesel (Spermophilus citellus) Ziesel leben auf ausgedehnten Grasfl\u00e4chen mit niedrigem Bewuchs. Jedes der geselligen Nagetiere gr\u00e4bt sich einen eigenen, <span class=\"excerpt-dots\">&hellip;<\/span> <a class=\"more-link\" href=\"https:\/\/www.tiergehege-kaisergarten.de\/tg\/unsere-tiere\/nager\/europaeischer-ziesel\/\"><span class=\"more-msg\">Weiterlesen &rarr;<\/span><\/a><\/p>\n","protected":false},"author":35,"featured_media":7003,"parent":51,"menu_order":0,"comment_status":"closed","ping_status":"closed","template":"","meta":{"footnotes":""},"class_list":["post-6569","page","type-page","status-publish","has-post-thumbnail","hentry"],"_links":{"self":[{"href":"https:\/\/www.tiergehege-kaisergarten.de\/tg\/wp-json\/wp\/v2\/pages\/6569","targetHints":{"allow":["GET"]}}],"collection":[{"href":"https:\/\/www.tiergehege-kaisergarten.de\/tg\/wp-json\/wp\/v2\/pages"}],"about":[{"href":"https:\/\/www.tiergehege-kaisergarten.de\/tg\/wp-json\/wp\/v2\/types\/page"}],"author":[{"embeddable":true,"href":"https:\/\/www.tiergehege-kaisergarten.de\/tg\/wp-json\/wp\/v2\/users\/35"}],"replies":[{"embeddable":true,"href":"https:\/\/www.tiergehege-kaisergarten.de\/tg\/wp-json\/wp\/v2\/comments?post=6569"}],"version-history":[{"count":4,"href":"https:\/\/www.tiergehege-kaisergarten.de\/tg\/wp-json\/wp\/v2\/pages\/6569\/revisions"}],"predecessor-version":[{"id":8024,"href":"https:\/\/www.tiergehege-kaisergarten.de\/tg\/wp-json\/wp\/v2\/pages\/6569\/revisions\/8024"}],"up":[{"embeddable":true,"href":"https:\/\/www.tiergehege-kaisergarten.de\/tg\/wp-json\/wp\/v2\/pages\/51"}],"wp:featuredmedia":[{"embeddable":true,"href":"https:\/\/www.tiergehege-kaisergarten.de\/tg\/wp-json\/wp\/v2\/media\/7003"}],"wp:attachment":[{"href":"https:\/\/www.tiergehege-kaisergarten.de\/tg\/wp-json\/wp\/v2\/media?parent=6569"}],"curies":[{"name":"wp","href":"https:\/\/api.w.org\/{rel}","templated":true}]}}