{"id":62,"date":"2018-04-27T21:46:22","date_gmt":"2018-04-27T19:46:22","guid":{"rendered":"\/tg\/brahma\/"},"modified":"2019-01-03T11:06:08","modified_gmt":"2019-01-03T10:06:08","slug":"brahma","status":"publish","type":"page","link":"https:\/\/www.tiergehege-kaisergarten.de\/tg\/unsere-tiere\/voegel\/brahma\/","title":{"rendered":"Brahma"},"content":{"rendered":"<p><em><strong>Gallus gallus f. domestica<\/strong><\/em><\/p>\n<p><a href=\"\/tg\/wp-content\/uploads\/sites\/3\/2014\/01\/nabit_karte_brahma.jpg\"><img decoding=\"async\" class=\"alignright size-medium wp-image-1497\" src=\"\/tg\/wp-content\/uploads\/sites\/3\/2014\/01\/nabit_karte_brahma-300x120.jpg\" alt=\"Verbreitungsgebiet des Brahma Huhnes\" width=\"300\" height=\"120\" srcset=\"https:\/\/www.tiergehege-kaisergarten.de\/tg\/wp-content\/uploads\/2014\/01\/nabit_karte_brahma-300x120.jpg 300w, https:\/\/www.tiergehege-kaisergarten.de\/tg\/wp-content\/uploads\/2014\/01\/nabit_karte_brahma-150x60.jpg 150w, https:\/\/www.tiergehege-kaisergarten.de\/tg\/wp-content\/uploads\/2014\/01\/nabit_karte_brahma-768x307.jpg 768w, https:\/\/www.tiergehege-kaisergarten.de\/tg\/wp-content\/uploads\/2014\/01\/nabit_karte_brahma-700x280.jpg 700w, https:\/\/www.tiergehege-kaisergarten.de\/tg\/wp-content\/uploads\/2014\/01\/nabit_karte_brahma.jpg 1400w\" sizes=\"(max-width: 300px) 100vw, 300px\" \/><\/a>Das Brahma-Huhn wurde Mitte des letzten Jahrhunderts in Amerika zur anerkannten Rasse, seine Vorfahren stammen aber urspr\u00fcnglich aus Hinterindien. Den Namen erhielt es nach dem Fluss Brahmaputra, an dessen Ufern es urspr\u00fcnglich lebte. Matrosen brachten 1846 erste Exemplare mit nach New York. Diese sind der Ausgangspunkt f\u00fcr die heutige Rasse. Brahmas sind gro\u00dfe und massige H\u00fchner, die ihre Eier im Gegensatz zu vielen anderen Haush\u00fchnern selbst ausbr\u00fcten. Typisch sind die Federf\u00fc\u00dfe und der Erbsenkamm des Hahns. Als besondere Kennzeichen gelten ihre herausfordernde Haltung und der k\u00fchne Blick, ihr lebhaftes Temperament und ihre Wetterh\u00e4rte. In Deutschland gibt es neun anerkannte Farbschl\u00e4ge.<\/p>\n","protected":false},"excerpt":{"rendered":"<p>I\u00dft der Papst katholisch?<\/p>\n <a class=\"more-link\" href=\"https:\/\/www.tiergehege-kaisergarten.de\/tg\/unsere-tiere\/voegel\/brahma\/\"><span class=\"more-msg\">Weiterlesen &rarr;<\/span><\/a>","protected":false},"author":2,"featured_media":655,"parent":52,"menu_order":0,"comment_status":"closed","ping_status":"closed","template":"","meta":{"footnotes":""},"class_list":["post-62","page","type-page","status-publish","has-post-thumbnail","hentry"],"_links":{"self":[{"href":"https:\/\/www.tiergehege-kaisergarten.de\/tg\/wp-json\/wp\/v2\/pages\/62","targetHints":{"allow":["GET"]}}],"collection":[{"href":"https:\/\/www.tiergehege-kaisergarten.de\/tg\/wp-json\/wp\/v2\/pages"}],"about":[{"href":"https:\/\/www.tiergehege-kaisergarten.de\/tg\/wp-json\/wp\/v2\/types\/page"}],"author":[{"embeddable":true,"href":"https:\/\/www.tiergehege-kaisergarten.de\/tg\/wp-json\/wp\/v2\/users\/2"}],"replies":[{"embeddable":true,"href":"https:\/\/www.tiergehege-kaisergarten.de\/tg\/wp-json\/wp\/v2\/comments?post=62"}],"version-history":[{"count":4,"href":"https:\/\/www.tiergehege-kaisergarten.de\/tg\/wp-json\/wp\/v2\/pages\/62\/revisions"}],"predecessor-version":[{"id":6032,"href":"https:\/\/www.tiergehege-kaisergarten.de\/tg\/wp-json\/wp\/v2\/pages\/62\/revisions\/6032"}],"up":[{"embeddable":true,"href":"https:\/\/www.tiergehege-kaisergarten.de\/tg\/wp-json\/wp\/v2\/pages\/52"}],"wp:featuredmedia":[{"embeddable":true,"href":"https:\/\/www.tiergehege-kaisergarten.de\/tg\/wp-json\/wp\/v2\/media\/655"}],"wp:attachment":[{"href":"https:\/\/www.tiergehege-kaisergarten.de\/tg\/wp-json\/wp\/v2\/media?parent=62"}],"curies":[{"name":"wp","href":"https:\/\/api.w.org\/{rel}","templated":true}]}}