{"id":58,"date":"2018-04-27T21:46:21","date_gmt":"2018-04-27T19:46:21","guid":{"rendered":"\/tg\/einheimische-tiere\/"},"modified":"2026-01-15T10:35:47","modified_gmt":"2026-01-15T09:35:47","slug":"einheimische-tiere","status":"publish","type":"page","link":"https:\/\/www.tiergehege-kaisergarten.de\/tg\/naturerlebnisschule\/schulklassen\/einheimische-tiere\/","title":{"rendered":"Einheimische Tiere"},"content":{"rendered":"<p><strong>\u00a0<\/strong><span style=\"font-size: 14pt;\"><strong><span style=\"font-family: arial, helvetica, sans-serif;\">1. bis 8. Klasse aller Schulformen<\/span><\/strong><\/span><\/p>\n<p data-start=\"106\" data-end=\"369\">Die Sch\u00fclerinnen und Sch\u00fcler lernen die Tiere kennen, die bei uns im Wald leben. Sie besuchen unseren Rothirsch und seine Hirschk\u00fche an ihrem Gehege und d\u00fcrfen die Hirsche mit speziellem Wildtierfutter f\u00fcttern. So erleben sie den direkten Kontakt zu den Tieren. Anschlie\u00dfend geht es weiter zu unseren Wildschafen, Schakalen, Wildschweinen und Uhus. Mithilfe verschiedener Pr\u00e4parate k\u00f6nnen die Sch\u00fclerinnen und Sch\u00fcler die Tiere genauer betrachten und ihr Wissen \u00fcber Lebensweise, Anatomie und Verhalten vertiefen.<\/p>\n<p><span style=\"font-family: arial, helvetica, sans-serif;\">Wir freuen uns auf Ihre Anmeldung.<a href=\"\/tg\/anmeldeformular-fuer-fuehrungen\/\"> <span style=\"color: #99cc00;\"><strong><span style=\"color: #008000;\">Hier geht es zum Anmelde-Formular<\/span>.<\/strong><\/span><\/a><\/span><\/p>\n","protected":false},"excerpt":{"rendered":"<p>I\u00dft der Papst katholisch?<\/p>\n <a class=\"more-link\" href=\"https:\/\/www.tiergehege-kaisergarten.de\/tg\/naturerlebnisschule\/schulklassen\/einheimische-tiere\/\"><span class=\"more-msg\">Weiterlesen &rarr;<\/span><\/a>","protected":false},"author":2,"featured_media":5858,"parent":25,"menu_order":0,"comment_status":"closed","ping_status":"closed","template":"","meta":{"footnotes":""},"class_list":["post-58","page","type-page","status-publish","has-post-thumbnail","hentry"],"_links":{"self":[{"href":"https:\/\/www.tiergehege-kaisergarten.de\/tg\/wp-json\/wp\/v2\/pages\/58","targetHints":{"allow":["GET"]}}],"collection":[{"href":"https:\/\/www.tiergehege-kaisergarten.de\/tg\/wp-json\/wp\/v2\/pages"}],"about":[{"href":"https:\/\/www.tiergehege-kaisergarten.de\/tg\/wp-json\/wp\/v2\/types\/page"}],"author":[{"embeddable":true,"href":"https:\/\/www.tiergehege-kaisergarten.de\/tg\/wp-json\/wp\/v2\/users\/2"}],"replies":[{"embeddable":true,"href":"https:\/\/www.tiergehege-kaisergarten.de\/tg\/wp-json\/wp\/v2\/comments?post=58"}],"version-history":[{"count":22,"href":"https:\/\/www.tiergehege-kaisergarten.de\/tg\/wp-json\/wp\/v2\/pages\/58\/revisions"}],"predecessor-version":[{"id":6116,"href":"https:\/\/www.tiergehege-kaisergarten.de\/tg\/wp-json\/wp\/v2\/pages\/58\/revisions\/6116"}],"up":[{"embeddable":true,"href":"https:\/\/www.tiergehege-kaisergarten.de\/tg\/wp-json\/wp\/v2\/pages\/25"}],"wp:featuredmedia":[{"embeddable":true,"href":"https:\/\/www.tiergehege-kaisergarten.de\/tg\/wp-json\/wp\/v2\/media\/5858"}],"wp:attachment":[{"href":"https:\/\/www.tiergehege-kaisergarten.de\/tg\/wp-json\/wp\/v2\/media?parent=58"}],"curies":[{"name":"wp","href":"https:\/\/api.w.org\/{rel}","templated":true}]}}