{"id":56,"date":"2018-04-27T21:46:21","date_gmt":"2018-04-27T19:46:21","guid":{"rendered":"\/tg\/waldtiere\/"},"modified":"2025-11-05T11:25:52","modified_gmt":"2025-11-05T10:25:52","slug":"waldtiere","status":"publish","type":"page","link":"https:\/\/www.tiergehege-kaisergarten.de\/tg\/naturerlebnisschule\/kindergaerten\/waldtiere\/","title":{"rendered":"Waldtiere"},"content":{"rendered":"<p><span style=\"font-family: arial, helvetica, sans-serif;\">Fast alle Kinder kennen L\u00f6wen, Elefanten und Affen. Was ist aber mit einheimischen Tieren? Bei unserer F\u00fchrung lernen die drei- bis sechsj\u00e4hrigen Kinder die Tiere kennen, die bei uns im Wald leben. Wir besuchen unseren Rothirsch und seine Hirschk\u00fche an seinem Gehege. Danach gehen wir zu den Wildschafen, den Schakalen und Wildschweinen. Zum Abschluss geht es noch einmal hautnah zu unseren Ziegen ins Gehege.<\/span><\/p>\n<p><span style=\"font-family: arial, helvetica, sans-serif;\">Wir freuen uns auf Ihre Anmeldung. <\/span><span style=\"font-family: arial, helvetica, sans-serif;\"><a href=\"\/tg\/anmeldeformular-fuer-fuehrungen\/\"><strong><span style=\"color: #008000;\">H<\/span><\/strong><strong><span style=\"color: #008000;\">ier geht es zum Anmelde-Formular<\/span><\/strong><\/a>.<\/span><\/p>\n","protected":false},"excerpt":{"rendered":"<p>I\u00dft der Papst katholisch?<\/p>\n <a class=\"more-link\" href=\"https:\/\/www.tiergehege-kaisergarten.de\/tg\/naturerlebnisschule\/kindergaerten\/waldtiere\/\"><span class=\"more-msg\">Weiterlesen &rarr;<\/span><\/a>","protected":false},"author":2,"featured_media":5867,"parent":24,"menu_order":0,"comment_status":"closed","ping_status":"closed","template":"","meta":{"footnotes":""},"class_list":["post-56","page","type-page","status-publish","has-post-thumbnail","hentry"],"_links":{"self":[{"href":"https:\/\/www.tiergehege-kaisergarten.de\/tg\/wp-json\/wp\/v2\/pages\/56","targetHints":{"allow":["GET"]}}],"collection":[{"href":"https:\/\/www.tiergehege-kaisergarten.de\/tg\/wp-json\/wp\/v2\/pages"}],"about":[{"href":"https:\/\/www.tiergehege-kaisergarten.de\/tg\/wp-json\/wp\/v2\/types\/page"}],"author":[{"embeddable":true,"href":"https:\/\/www.tiergehege-kaisergarten.de\/tg\/wp-json\/wp\/v2\/users\/2"}],"replies":[{"embeddable":true,"href":"https:\/\/www.tiergehege-kaisergarten.de\/tg\/wp-json\/wp\/v2\/comments?post=56"}],"version-history":[{"count":17,"href":"https:\/\/www.tiergehege-kaisergarten.de\/tg\/wp-json\/wp\/v2\/pages\/56\/revisions"}],"predecessor-version":[{"id":6073,"href":"https:\/\/www.tiergehege-kaisergarten.de\/tg\/wp-json\/wp\/v2\/pages\/56\/revisions\/6073"}],"up":[{"embeddable":true,"href":"https:\/\/www.tiergehege-kaisergarten.de\/tg\/wp-json\/wp\/v2\/pages\/24"}],"wp:featuredmedia":[{"embeddable":true,"href":"https:\/\/www.tiergehege-kaisergarten.de\/tg\/wp-json\/wp\/v2\/media\/5867"}],"wp:attachment":[{"href":"https:\/\/www.tiergehege-kaisergarten.de\/tg\/wp-json\/wp\/v2\/media?parent=56"}],"curies":[{"name":"wp","href":"https:\/\/api.w.org\/{rel}","templated":true}]}}