{"id":53,"date":"2018-04-27T21:46:21","date_gmt":"2018-04-27T19:46:21","guid":{"rendered":"\/tg\/anmeldeformular\/"},"modified":"2025-11-05T12:55:32","modified_gmt":"2025-11-05T11:55:32","slug":"anmeldeformular_kindergeburtstag","status":"publish","type":"page","link":"https:\/\/www.tiergehege-kaisergarten.de\/tg\/startseite\/anmeldeformular_kindergeburtstag\/","title":{"rendered":"Anmeldeformular f\u00fcr Kindergeburtstage"},"content":{"rendered":"\n<div class=\"wpcf7 no-js\" id=\"wpcf7-f4127-o1\" lang=\"de-DE\" dir=\"ltr\" data-wpcf7-id=\"4127\">\n<div class=\"screen-reader-response\"><p role=\"status\" aria-live=\"polite\" aria-atomic=\"true\"><\/p> <ul><\/ul><\/div>\n<form action=\"\/tg\/wp-json\/wp\/v2\/pages\/53#wpcf7-f4127-o1\" method=\"post\" class=\"wpcf7-form init\" aria-label=\"Kontaktformular\" novalidate=\"novalidate\" data-status=\"init\">\n<fieldset class=\"hidden-fields-container\"><input type=\"hidden\" name=\"_wpcf7\" value=\"4127\" \/><input type=\"hidden\" name=\"_wpcf7_version\" value=\"6.1.1\" \/><input type=\"hidden\" name=\"_wpcf7_locale\" value=\"de_DE\" \/><input type=\"hidden\" name=\"_wpcf7_unit_tag\" value=\"wpcf7-f4127-o1\" \/><input type=\"hidden\" name=\"_wpcf7_container_post\" value=\"0\" \/><input type=\"hidden\" name=\"_wpcf7_posted_data_hash\" value=\"\" \/>\n<\/fieldset>\n<h3>Welche Geburtstagsf\u00fchrung m\u00f6chten Sie buchen?\n<\/h3>\n<p><span class=\"wpcf7-form-control-wrap\" data-name=\"your-subject\"><select class=\"wpcf7-form-control wpcf7-select\" aria-invalid=\"false\" name=\"your-subject\"><option value=\"F\u00fcr Kindergeburtstage: Schatzsuche\">F\u00fcr Kindergeburtstage: Schatzsuche<\/option><option value=\"F\u00fcr Kindergeburtstage: Ein Tag als Tierpfleger\">F\u00fcr Kindergeburtstage: Ein Tag als Tierpfleger<\/option><option value=\"F\u00fcr Kindergeburtstage: Auf den Spuren von Robin Hood\">F\u00fcr Kindergeburtstage: Auf den Spuren von Robin Hood<\/option><option value=\"F\u00fcr Kindergeburtstage: Ziegenf\u00fchrerschein\">F\u00fcr Kindergeburtstage: Ziegenf\u00fchrerschein<\/option><option value=\"F\u00fcr Kindergeburtstage: Tierspuren gipsen\">F\u00fcr Kindergeburtstage: Tierspuren gipsen<\/option><option value=\"F\u00fcr Kindergeburtstage: Einheimische Tiere\">F\u00fcr Kindergeburtstage: Einheimische Tiere<\/option><\/select><\/span>\n<\/p>\n<div style=\"float:left;padding-right:15px;\">\n\t<p>Wunschtermin*\n\t<\/p>\n\t<p><span class=\"wpcf7-form-control-wrap\" data-name=\"your-date\"><input class=\"wpcf7-form-control wpcf7-date wpcf7-validates-as-required wpcf7-validates-as-date\" aria-required=\"true\" aria-invalid=\"false\" value=\"\" type=\"date\" name=\"your-date\" \/><\/span>\n\t<\/p>\n<\/div>\n<div style=\"float:left;\">\n\t<p>Wunsch-Uhrzeit\n\t<\/p>\n\t<p><span class=\"wpcf7-form-control-wrap\" data-name=\"your-time\"><input size=\"20\" maxlength=\"400\" class=\"wpcf7-form-control wpcf7-text\" aria-invalid=\"false\" value=\"\" type=\"text\" name=\"your-time\" \/><\/span>\n\t<\/p>\n<\/div>\n<div style=\"float:left;\">\n\t<p>Vorname des Geburtstagskindes* (Pflichtfeld)\n\t<\/p>\n\t<p><span class=\"wpcf7-form-control-wrap\" data-name=\"child-name\"><input size=\"40\" maxlength=\"400\" class=\"wpcf7-form-control wpcf7-text wpcf7-validates-as-required\" aria-required=\"true\" aria-invalid=\"false\" value=\"\" type=\"text\" name=\"child-name\" \/><\/span>\n\t<\/p>\n\t<p>Alter des Kindes\n\t<\/p>\n\t<p><span class=\"wpcf7-form-control-wrap\" data-name=\"your-klasse\"><input size=\"40\" maxlength=\"400\" class=\"wpcf7-form-control wpcf7-text wpcf7-validates-as-required\" aria-required=\"true\" aria-invalid=\"false\" value=\"\" type=\"text\" name=\"your-klasse\" \/><\/span>\n\t<\/p>\n\t<div style=\"clear:both;\">\n\t<\/div>\n\t<h3>Kontaktdaten\n\t<\/h3>\n\t<p>Ihr Name (Pflichtfeld)\n\t<\/p>\n\t<p><span class=\"wpcf7-form-control-wrap\" data-name=\"your-name\"><input size=\"40\" maxlength=\"400\" class=\"wpcf7-form-control wpcf7-text wpcf7-validates-as-required\" aria-required=\"true\" aria-invalid=\"false\" value=\"\" type=\"text\" name=\"your-name\" \/><\/span>\n\t<\/p>\n\t<div style=\"float:left;padding-right:15px;\">\n\t\t<p>Ihre E-Mail-Adresse*\n\t\t<\/p>\n\t\t<p><span class=\"wpcf7-form-control-wrap\" data-name=\"your-email\"><input size=\"20\" maxlength=\"400\" class=\"wpcf7-form-control wpcf7-email wpcf7-validates-as-required wpcf7-text wpcf7-validates-as-email\" aria-required=\"true\" aria-invalid=\"false\" value=\"\" type=\"email\" name=\"your-email\" \/><\/span><label> <span id=\"wpcf7-69fa288aac2da-wrapper\" class=\"wpcf7-form-control-wrap homepage-wrap\" style=\"display:none !important; visibility:hidden !important;\"><label for=\"hp-531tg\" class=\"hp-message\">Bitte lasse dieses Feld leer.<\/label><input id=\"hp-531tg\"  class=\"wpcf7-form-control wpcf7-text\" type=\"text\" name=\"homepage\" value=\"\" size=\"40\" tabindex=\"-1\" autocomplete=\"new-password\" \/><\/span><\/label>\n\t\t<\/p>\n\t<\/div>\n\t<div style=\"float:left;\">\n\t\t<p>Telefon\n\t\t<\/p>\n\t\t<p><span class=\"wpcf7-form-control-wrap\" data-name=\"your-tel\"><input size=\"20\" maxlength=\"400\" class=\"wpcf7-form-control wpcf7-tel wpcf7-text wpcf7-validates-as-tel\" aria-invalid=\"false\" value=\"0208\" type=\"tel\" name=\"your-tel\" \/><\/span>\n\t\t<\/p>\n\t<\/div>\n\t<div style=\"clear:both;\">\n\t<\/div>\n\t<div style=\"float:left;padding-right:15px;\">\n\t\t<p>Stra\u00dfe\/Nr.\n\t\t<\/p>\n\t\t<p><span class=\"wpcf7-form-control-wrap\" data-name=\"your-steet\"><input size=\"20\" maxlength=\"400\" class=\"wpcf7-form-control wpcf7-text\" aria-invalid=\"false\" value=\"\" type=\"text\" name=\"your-steet\" \/><\/span>\n\t\t<\/p>\n\t<\/div>\n\t<div style=\"float:left;\">\n\t\t<p>PLZ\/Ort\n\t\t<\/p>\n\t\t<p><span class=\"wpcf7-form-control-wrap\" data-name=\"your-town\"><input size=\"20\" maxlength=\"400\" class=\"wpcf7-form-control wpcf7-text\" aria-invalid=\"false\" value=\"Oberhausen\" type=\"text\" name=\"your-town\" \/><\/span>\n\t\t<\/p>\n\t<\/div>\n\t<div style=\"clear:both;\">\n\t<\/div>\n\t<p>Fragen, W\u00fcnsche oder Anmerkungen\n\t<\/p>\n\t<p><span class=\"wpcf7-form-control-wrap\" data-name=\"your-message\"><textarea cols=\"40\" rows=\"10\" maxlength=\"2000\" class=\"wpcf7-form-control wpcf7-textarea\" aria-invalid=\"false\" name=\"your-message\"><\/textarea><\/span>\n\t<\/p>\n\t<p>*Pflichtfelder m\u00fcssen ausgef\u00fcllt werden\n\t<\/p>\n\t<p><a title=\"Datenschutzerkl\u00e4rung\" href=\"\/tg\/?p=3703\" target=\"_blank\"><strong>Einwilligungserkl\u00e4rung Datenschutz*:<\/strong> (Pflichtfeld) Link zur Datenschutzerkl\u00e4rung<\/a><br \/>\n<span class=\"wpcf7-form-control-wrap\" data-name=\"acceptance-datenschutz\"><span class=\"wpcf7-form-control wpcf7-acceptance\"><span class=\"wpcf7-list-item\"><label><input type=\"checkbox\" name=\"acceptance-datenschutz\" value=\"1\" aria-invalid=\"false\" \/><span class=\"wpcf7-list-item-label\">Ja, ich habe die Datenschutzerkl\u00e4rung zur Kenntnis genommen und bin damit einverstanden, dass die von mir angegebenen Daten elektronisch erhoben und gespeichert werden. Meine Daten werden dabei nur streng zweckgebunden zur Bearbeitung und Beantwortung meiner Anfrage genutzt. Diese Einwilligung k\u00f6nnen Sie jederzeit durch Nachricht an uns widerrufen. Im Falle des Widerrufs werden wir Ihre Daten schnellstm\u00f6glich l\u00f6schen.<\/span><\/label><\/span><\/span><\/span>\n\t<\/p>\n\t<p><strong><a title=\"Datenschutzerkl\u00e4rung\" href=\"\/tg\/?p=3703\" target=\"_blank\">Hinweis zum Datenschutz<\/a>:<\/strong>\n\t<\/p>\n\t<p>Die von Ihnen im Kontaktformular an die SBO Servicebetriebe Oberhausen gerichteten Anfragen werden \u00fcber einen sicheren Transportweg an die SBO \u00fcbermittelt. Dabei \u00fcbermittelten Sie folgende Kategorien:\n\t<\/p>\n\t<ul>\n\t\t<li>\n\t\t\t<p>Kontaktdaten (E-Mail, Name) sowie\n\t\t\t<\/p>\n\t\t<\/li>\n\t\t<li>\n\t\t\t<p>Inhaltsinformationen gem\u00e4\u00df Ihrem Anliegen.\n\t\t\t<\/p>\n\t\t<\/li>\n\t<\/ul>\n\t<p>Alle weiteren Informationen entnehmen Sie bitte <a title=\"Datenschutzerkl\u00e4rung\" href=\/tg\"\/?p=3703\" target=\"_blank\">der Datenschutzerkl\u00e4rung<\/a>.\n\t<\/p>\n\t<p><input class=\"wpcf7-form-control wpcf7-submit has-spinner\" type=\"submit\" value=\"Senden\" \/>\n\t<\/p>\n<\/div><div class=\"wpcf7-response-output\" aria-hidden=\"true\"><\/div>\n<\/form>\n<\/div>\n\n","protected":false},"excerpt":{"rendered":"<p>I\u00dft der Papst katholisch?<\/p>\n <a class=\"more-link\" href=\"https:\/\/www.tiergehege-kaisergarten.de\/tg\/startseite\/anmeldeformular_kindergeburtstag\/\"><span class=\"more-msg\">Weiterlesen &rarr;<\/span><\/a>","protected":false},"author":2,"featured_media":532,"parent":301,"menu_order":0,"comment_status":"closed","ping_status":"closed","template":"","meta":{"footnotes":""},"class_list":["post-53","page","type-page","status-publish","has-post-thumbnail","hentry"],"_links":{"self":[{"href":"https:\/\/www.tiergehege-kaisergarten.de\/tg\/wp-json\/wp\/v2\/pages\/53","targetHints":{"allow":["GET"]}}],"collection":[{"href":"https:\/\/www.tiergehege-kaisergarten.de\/tg\/wp-json\/wp\/v2\/pages"}],"about":[{"href":"https:\/\/www.tiergehege-kaisergarten.de\/tg\/wp-json\/wp\/v2\/types\/page"}],"author":[{"embeddable":true,"href":"https:\/\/www.tiergehege-kaisergarten.de\/tg\/wp-json\/wp\/v2\/users\/2"}],"replies":[{"embeddable":true,"href":"https:\/\/www.tiergehege-kaisergarten.de\/tg\/wp-json\/wp\/v2\/comments?post=53"}],"version-history":[{"count":14,"href":"https:\/\/www.tiergehege-kaisergarten.de\/tg\/wp-json\/wp\/v2\/pages\/53\/revisions"}],"predecessor-version":[{"id":8754,"href":"https:\/\/www.tiergehege-kaisergarten.de\/tg\/wp-json\/wp\/v2\/pages\/53\/revisions\/8754"}],"up":[{"embeddable":true,"href":"https:\/\/www.tiergehege-kaisergarten.de\/tg\/wp-json\/wp\/v2\/pages\/301"}],"wp:featuredmedia":[{"embeddable":true,"href":"https:\/\/www.tiergehege-kaisergarten.de\/tg\/wp-json\/wp\/v2\/media\/532"}],"wp:attachment":[{"href":"https:\/\/www.tiergehege-kaisergarten.de\/tg\/wp-json\/wp\/v2\/media?parent=53"}],"curies":[{"name":"wp","href":"https:\/\/api.w.org\/{rel}","templated":true}]}}