{"id":46,"date":"2018-04-27T21:46:21","date_gmt":"2018-04-27T19:46:21","guid":{"rendered":"\/tg\/anfahrt-und-parken\/"},"modified":"2019-03-14T08:06:55","modified_gmt":"2019-03-14T07:06:55","slug":"anfahrt-und-parken","status":"publish","type":"page","link":"https:\/\/www.tiergehege-kaisergarten.de\/tg\/das-tiergehege\/besucherinformationen\/anfahrt-und-parken\/","title":{"rendered":"Anfahrt und Parken"},"content":{"rendered":"<p>&nbsp;<\/p>\n<p><span style=\"font-family: arial, helvetica, sans-serif;\">Das Tiergehege im Kaisergarten befindet sich in der Parkanlage hinter dem Schloss Oberhausen an der Konrad-Adenauer-Allee.<\/span><\/p>\n<p><span style=\"color: #000000; font-family: arial, helvetica, sans-serif;\">Mit dem Auto erreichen Sie uns \u00fcber die A 516, \u00fcber die Abfahrt Oberhausen-Zentrum der A 42 oder aus Richtung M\u00fclheim kommend \u00fcber die A 40, Abfahrt Oberhausen\/M\u00fclheim.\u00a0<\/span><\/p>\n<table style=\"width: 835px;\">\n<tbody>\n<tr>\n<td style=\"width: 825px;\"><span style=\"font-family: arial, helvetica, sans-serif;\">Die Zieleingabe f\u00fcr das Navi lautet: <strong>Konrad-Adenauer-Allee 46, 46049 Oberhausen<\/strong><\/span><\/td>\n<\/tr>\n<\/tbody>\n<\/table>\n<p>&nbsp;<\/p>\n<p><span style=\"font-family: arial, helvetica, sans-serif;\">Der \u00d6PNV bietet die Busverbindung 956 oder 966 \u00fcber den Hbf Oberhausen an (Haltestelle Schloss).<\/span><\/p>\n<p><span style=\"font-family: arial, helvetica, sans-serif;\">Fahrradst\u00e4nder stehen im Eingangsbereich des Tiergeheges zur Verf\u00fcgung.<\/span><\/p>\n<p><span style=\"font-family: arial, helvetica, sans-serif;\">Am Schloss Oberhausen, an der Konrad-Adenauer-Allee und am Kaisergarten stehen ausreichende bewirtschaftete Parkm\u00f6glichkeiten zur Verf\u00fcgung.<\/span><\/p>\n<p><span style=\"font-family: arial, helvetica, sans-serif;\">Die an den Kaisergarten angrenzenden Parkfl\u00e4chen sind am Wochenende geb\u00fchrenpflichtig und kosten 0,50 \u20ac\/ Stunde (H\u00f6chstparkdauer 4 Stunden). Kostenfreie Parkm\u00f6glichkeiten bestehen am Stadion Niederrhein. Das Tiergehege ist von dort \u00fcber die Rehberger-Br\u00fccke in etwa 10 Minuten zu erreichen.<\/span><\/p>\n","protected":false},"excerpt":{"rendered":"<p>I\u00dft der Papst katholisch?<\/p>\n <a class=\"more-link\" href=\"https:\/\/www.tiergehege-kaisergarten.de\/tg\/das-tiergehege\/besucherinformationen\/anfahrt-und-parken\/\"><span class=\"more-msg\">Weiterlesen &rarr;<\/span><\/a>","protected":false},"author":2,"featured_media":6135,"parent":11,"menu_order":50,"comment_status":"closed","ping_status":"closed","template":"","meta":{"footnotes":""},"class_list":["post-46","page","type-page","status-publish","has-post-thumbnail","hentry"],"_links":{"self":[{"href":"https:\/\/www.tiergehege-kaisergarten.de\/tg\/wp-json\/wp\/v2\/pages\/46","targetHints":{"allow":["GET"]}}],"collection":[{"href":"https:\/\/www.tiergehege-kaisergarten.de\/tg\/wp-json\/wp\/v2\/pages"}],"about":[{"href":"https:\/\/www.tiergehege-kaisergarten.de\/tg\/wp-json\/wp\/v2\/types\/page"}],"author":[{"embeddable":true,"href":"https:\/\/www.tiergehege-kaisergarten.de\/tg\/wp-json\/wp\/v2\/users\/2"}],"replies":[{"embeddable":true,"href":"https:\/\/www.tiergehege-kaisergarten.de\/tg\/wp-json\/wp\/v2\/comments?post=46"}],"version-history":[{"count":16,"href":"https:\/\/www.tiergehege-kaisergarten.de\/tg\/wp-json\/wp\/v2\/pages\/46\/revisions"}],"predecessor-version":[{"id":6127,"href":"https:\/\/www.tiergehege-kaisergarten.de\/tg\/wp-json\/wp\/v2\/pages\/46\/revisions\/6127"}],"up":[{"embeddable":true,"href":"https:\/\/www.tiergehege-kaisergarten.de\/tg\/wp-json\/wp\/v2\/pages\/11"}],"wp:featuredmedia":[{"embeddable":true,"href":"https:\/\/www.tiergehege-kaisergarten.de\/tg\/wp-json\/wp\/v2\/media\/6135"}],"wp:attachment":[{"href":"https:\/\/www.tiergehege-kaisergarten.de\/tg\/wp-json\/wp\/v2\/media?parent=46"}],"curies":[{"name":"wp","href":"https:\/\/api.w.org\/{rel}","templated":true}]}}