{"id":45,"date":"2018-04-27T21:46:21","date_gmt":"2018-04-27T19:46:21","guid":{"rendered":"\/tg\/praktikum\/"},"modified":"2020-12-29T15:21:35","modified_gmt":"2020-12-29T14:21:35","slug":"praktikumbi","status":"publish","type":"page","link":"https:\/\/www.tiergehege-kaisergarten.de\/tg\/das-tiergehege\/besucherinformationen\/praktikumbi\/","title":{"rendered":"Praktikum"},"content":{"rendered":"<p><span style=\"font-family: arial, helvetica, sans-serif;\">Im Tiergehege im Kaisergarten k\u00f6nnen Sch\u00fclerinnen und Sch\u00fcler ab 15 Jahren sich f\u00fcr ein mindestens 2- und h\u00f6chstens 3-w\u00f6chiges Praktikum bewerben. <\/span><\/p>\n<p><span style=\"font-family: arial, helvetica, sans-serif;\">Aufgrund der hohen Nachfrage ist es erforderlich, sich etwa ein Jahr vor dem gew\u00fcnschten Praktikumszeitraum zu melden. Es sind nur eine begrenzte Anzahl an Praktikumspl\u00e4tzen vorhanden, um jedem eine optimale Betreuung zu geben.<\/span><\/p>\n<p><span style=\"font-family: arial, helvetica, sans-serif;\">Bitte geben Sie in Ihrer Bewerbung den gew\u00fcnschten Praktikumszeitraum an.<\/span><\/p>\n<p><span style=\"font-family: arial, helvetica, sans-serif;\">Hinweis zum Praktikum: W\u00e4hrend des Praktikums sind auch k\u00f6rperlich anstrengende Arbeiten wie Reinigungs- und F\u00fctterungsarbeiten zu erledigen. Es ist das Tragen von Sicherheitsschuhen Pflicht. Diese m\u00fcssen selbst mitgebracht werden.<br \/>\n<\/span><\/p>\n<p><span style=\"font-family: arial, helvetica, sans-serif;\">\u00a0<\/span><\/p>\n<p><span style=\"font-family: arial, helvetica, sans-serif;\"><strong>Ansprechpartnerin:<\/strong><\/span><\/p>\n<blockquote><p><span style=\"font-family: arial, helvetica, sans-serif;\">Frau Claudia Pilepp<\/span><br \/>\n<span style=\"font-family: arial, helvetica, sans-serif;\">Telefon 0208 3770612<\/span><br \/>\n<span style=\"font-family: arial, helvetica, sans-serif;\">Fax: 0208 3770624<\/span><br \/>\n<span style=\"font-family: arial, helvetica, sans-serif;\">Email: &#x74;&#105;&#101;r&#x67;&#x65;&#104;e&#x67;&#x65;&#64;s&#x62;&#x6f;&#46;o&#x62;&#x65;&#114;h&#x61;&#x75;&#115;e&#x6e;&#x2e;&#100;&#101;<\/span><\/p><\/blockquote>\n<p><span style=\"font-family: arial, helvetica, sans-serif;\"><strong>Bewerbungsadresse:<\/strong><\/span><\/p>\n<blockquote><p><span style=\"font-family: arial, helvetica, sans-serif;\">SBO Servicebetriebe Oberhausen<\/span><br \/>\n<span style=\"font-family: arial, helvetica, sans-serif;\">Frau Bianca Fr\u00f6de<\/span><br \/>\n<span style=\"font-family: arial, helvetica, sans-serif;\">Bahnhofstra\u00dfe 66<\/span><br \/>\n<span style=\"font-family: arial, helvetica, sans-serif;\">46145 Oberhausen<\/span><\/p><\/blockquote>\n","protected":false},"excerpt":{"rendered":"<p>I\u00dft der Papst katholisch?<\/p>\n <a class=\"more-link\" href=\"https:\/\/www.tiergehege-kaisergarten.de\/tg\/das-tiergehege\/besucherinformationen\/praktikumbi\/\"><span class=\"more-msg\">Weiterlesen &rarr;<\/span><\/a>","protected":false},"author":2,"featured_media":691,"parent":11,"menu_order":30,"comment_status":"closed","ping_status":"closed","template":"","meta":{"footnotes":""},"class_list":["post-45","page","type-page","status-publish","has-post-thumbnail","hentry"],"_links":{"self":[{"href":"https:\/\/www.tiergehege-kaisergarten.de\/tg\/wp-json\/wp\/v2\/pages\/45","targetHints":{"allow":["GET"]}}],"collection":[{"href":"https:\/\/www.tiergehege-kaisergarten.de\/tg\/wp-json\/wp\/v2\/pages"}],"about":[{"href":"https:\/\/www.tiergehege-kaisergarten.de\/tg\/wp-json\/wp\/v2\/types\/page"}],"author":[{"embeddable":true,"href":"https:\/\/www.tiergehege-kaisergarten.de\/tg\/wp-json\/wp\/v2\/users\/2"}],"replies":[{"embeddable":true,"href":"https:\/\/www.tiergehege-kaisergarten.de\/tg\/wp-json\/wp\/v2\/comments?post=45"}],"version-history":[{"count":7,"href":"https:\/\/www.tiergehege-kaisergarten.de\/tg\/wp-json\/wp\/v2\/pages\/45\/revisions"}],"predecessor-version":[{"id":7457,"href":"https:\/\/www.tiergehege-kaisergarten.de\/tg\/wp-json\/wp\/v2\/pages\/45\/revisions\/7457"}],"up":[{"embeddable":true,"href":"https:\/\/www.tiergehege-kaisergarten.de\/tg\/wp-json\/wp\/v2\/pages\/11"}],"wp:featuredmedia":[{"embeddable":true,"href":"https:\/\/www.tiergehege-kaisergarten.de\/tg\/wp-json\/wp\/v2\/media\/691"}],"wp:attachment":[{"href":"https:\/\/www.tiergehege-kaisergarten.de\/tg\/wp-json\/wp\/v2\/media?parent=45"}],"curies":[{"name":"wp","href":"https:\/\/api.w.org\/{rel}","templated":true}]}}