{"id":44,"date":"2018-04-27T21:46:21","date_gmt":"2018-04-27T19:46:21","guid":{"rendered":"\/tg\/gehegeordnung\/"},"modified":"2020-12-29T15:20:34","modified_gmt":"2020-12-29T14:20:34","slug":"gehegeordnung","status":"publish","type":"page","link":"https:\/\/www.tiergehege-kaisergarten.de\/tg\/das-tiergehege\/besucherinformationen\/gehegeordnung\/","title":{"rendered":"Gehegeordnung"},"content":{"rendered":"<p><span style=\"font-family: arial, helvetica, sans-serif;\">Jeder Besucher betritt das Tiergehege auf eigene Gefahr. Das Tiergehege, seine Mitarbeiter und Organe haften nur f\u00fcr Vorsatz und grobe Fahrl\u00e4ssigkeit.<\/span><\/p>\n<p><span style=\"font-family: arial, helvetica, sans-serif;\">Es ist grunds\u00e4tzlich untersagt, Tiere zu \u00e4rgern, Einfriedungen zu \u00fcbersteigen und eingehegte Anlagen zu betreten. F\u00fctterungsverbote sind unbedingt zu beachten!<\/span><\/p>\n<p><span style=\"font-family: arial, helvetica, sans-serif;\">Kinder unter 10 Jahren haben nur in Begleitung Erwachsener Zutritt zum Tiergehege. Wird ihr Zutritt hiervon abweichend geduldet, so geschieht dies ohne jegliche \u00dcbernahme einer Aufsichts-, Haftungs- oder F\u00fcrsorgepflicht. Eltern \u00fcbernehmen die Ersatzpflicht f\u00fcr alle Sch\u00e4den, die von ihren Kindern verursacht werden.<\/span><\/p>\n<p><span style=\"font-family: arial, helvetica, sans-serif;\">Die F\u00fctterung ist ausschlie\u00dflich mit Futter aus den aufgestellten Automaten erlaubt! Die F\u00fctterung der Tiere mit diesem Futter wird geduldet und erfolgt auf eigene Verantwortung.<br \/>\n<\/span><span style=\"font-family: arial, helvetica, sans-serif;\">An verschiedenen Gehegen gilt allerdings ein generelles F\u00fctterungsverbot.<\/span><\/p>\n<p><span style=\"font-family: arial, helvetica, sans-serif;\">Das Mitf\u00fchren von Hunden ist an der kurzen Leine erlaubt!<\/span><\/p>\n<p><span style=\"font-family: arial, helvetica, sans-serif;\">Radfahrer bitte absteigen!<\/span><\/p>\n<p><span style=\"font-family: arial, helvetica, sans-serif;\">Bitte halten Sie sich hinter den Abtrennungen und schonen Sie unsere Bepflanzungen.<\/span><br \/>\n<span style=\"font-family: arial, helvetica, sans-serif;\">Werbeaktivit\u00e4ten oder das Verkaufen oder Anbieten von Diensten oder Waren im Tiergehege bed\u00fcrfen der vorherigen Genehmigung der der Betriebsleitung der SBO Servicebetriebe Oberhausen.<\/span><\/p>\n<p><span style=\"font-family: arial, helvetica, sans-serif;\">Fotografieren ist erw\u00fcnscht, jedoch ausschlie\u00dflich f\u00fcr den privaten, nicht kommerziellen Gebrauch. Die Ver\u00f6ffentlichung von Fotos auf nicht kommerziellen, privaten Internetseiten ist ebenfalls erlaubt. Wir bitten darum, das Tiergehege im Kaisergarten als Quelle zu nennen und falls m\u00f6glich auf unsere Internetseiten zu verlinken. Kommerzielle Film- und Fotoaufnahmen bed\u00fcrfen der vorherigen Genehmigung <a href=\"https:\/\/sbo.oberhausen.de\/\" rel=\"noopener\" target=\"_blank\">der Betriebsleitung der SBO Servicebetriebe Oberhausen<\/a>.<\/span><\/p>\n<p><span style=\"font-family: arial, helvetica, sans-serif;\">Einige Stellen des Tiergeheges sind mit einer Video\u00fcberwachungsanlage ausgestattet. Diese dient dem Schutz unserer Tiere und Einrichtungen, aber auch der wissenschaftlichen Forschung. Wir bitten daher um Ihr Verst\u00e4ndnis.<\/span><\/p>\n<p><span style=\"font-family: arial, helvetica, sans-serif;\">Helfen Sie mit, den Tierpark sauber zu halten. Benutzen Sie die bereitstehenden Abfallbeh\u00e4lter.<\/span><\/p>\n<p><span style=\"font-family: arial, helvetica, sans-serif;\">Den Anweisungen des Gehegepersonals ist Folge zu leisten!<\/span><\/p>\n","protected":false},"excerpt":{"rendered":"<p>I\u00dft der Papst katholisch?<\/p>\n <a class=\"more-link\" href=\"https:\/\/www.tiergehege-kaisergarten.de\/tg\/das-tiergehege\/besucherinformationen\/gehegeordnung\/\"><span class=\"more-msg\">Weiterlesen &rarr;<\/span><\/a>","protected":false},"author":2,"featured_media":2153,"parent":11,"menu_order":20,"comment_status":"closed","ping_status":"closed","template":"","meta":{"footnotes":""},"class_list":["post-44","page","type-page","status-publish","has-post-thumbnail","hentry"],"_links":{"self":[{"href":"https:\/\/www.tiergehege-kaisergarten.de\/tg\/wp-json\/wp\/v2\/pages\/44","targetHints":{"allow":["GET"]}}],"collection":[{"href":"https:\/\/www.tiergehege-kaisergarten.de\/tg\/wp-json\/wp\/v2\/pages"}],"about":[{"href":"https:\/\/www.tiergehege-kaisergarten.de\/tg\/wp-json\/wp\/v2\/types\/page"}],"author":[{"embeddable":true,"href":"https:\/\/www.tiergehege-kaisergarten.de\/tg\/wp-json\/wp\/v2\/users\/2"}],"replies":[{"embeddable":true,"href":"https:\/\/www.tiergehege-kaisergarten.de\/tg\/wp-json\/wp\/v2\/comments?post=44"}],"version-history":[{"count":9,"href":"https:\/\/www.tiergehege-kaisergarten.de\/tg\/wp-json\/wp\/v2\/pages\/44\/revisions"}],"predecessor-version":[{"id":7455,"href":"https:\/\/www.tiergehege-kaisergarten.de\/tg\/wp-json\/wp\/v2\/pages\/44\/revisions\/7455"}],"up":[{"embeddable":true,"href":"https:\/\/www.tiergehege-kaisergarten.de\/tg\/wp-json\/wp\/v2\/pages\/11"}],"wp:featuredmedia":[{"embeddable":true,"href":"https:\/\/www.tiergehege-kaisergarten.de\/tg\/wp-json\/wp\/v2\/media\/2153"}],"wp:attachment":[{"href":"https:\/\/www.tiergehege-kaisergarten.de\/tg\/wp-json\/wp\/v2\/media?parent=44"}],"curies":[{"name":"wp","href":"https:\/\/api.w.org\/{rel}","templated":true}]}}