{"id":43,"date":"2018-04-27T21:46:21","date_gmt":"2018-04-27T19:46:21","guid":{"rendered":"\/tg\/oeffnungszeiten\/"},"modified":"2022-08-26T08:24:54","modified_gmt":"2022-08-26T06:24:54","slug":"oeffnungszeiten","status":"publish","type":"page","link":"https:\/\/www.tiergehege-kaisergarten.de\/tg\/das-tiergehege\/besucherinformationen\/oeffnungszeiten\/","title":{"rendered":"\u00d6ffnungszeiten"},"content":{"rendered":"<p>&nbsp;<\/p>\n<ul>\n<li><span style=\"font-family: arial, helvetica, sans-serif;\"><span style=\"font-family: arial, helvetica, sans-serif;\">Das Tiergehege im Kaisergarten ist das gesamte Jahr \u00fcber t\u00e4glich ge\u00f6ffnet.<\/span><\/span><\/li>\n<li><span style=\"font-family: arial, helvetica, sans-serif;\"><span style=\"font-family: arial, helvetica, sans-serif;\">Mit Beginn der Sommerzeit ist das Gehege von 10 Uhr bis 19 Uhr ge\u00f6ffnet.<\/span><\/span><\/li>\n<li><span style=\"font-family: arial, helvetica, sans-serif;\"><span style=\"font-family: arial, helvetica, sans-serif;\">Nach der Umstellung auf die Winterzeit ist das Tiergehege von 10 bis 17 Uhr ge\u00f6ffnet<\/span><\/span><\/li>\n<li><span style=\"font-family: arial, helvetica, sans-serif;\"><span style=\"font-family: arial, helvetica, sans-serif;\">Die Schlie\u00dfung der Eingangstore erfolgt 30 Minuten vor Gehege-Schlie\u00dfung.<\/span><\/span><\/li>\n<li><span style=\"font-family: arial, helvetica, sans-serif;\">Der Eintritt ist frei. Das Mitf\u00fchren von Hunden ist an der Leine erlaubt.<\/span><\/li>\n<\/ul>\n","protected":false},"excerpt":{"rendered":"<p>I\u00dft der Papst katholisch?<\/p>\n <a class=\"more-link\" href=\"https:\/\/www.tiergehege-kaisergarten.de\/tg\/das-tiergehege\/besucherinformationen\/oeffnungszeiten\/\"><span class=\"more-msg\">Weiterlesen &rarr;<\/span><\/a>","protected":false},"author":2,"featured_media":2149,"parent":11,"menu_order":10,"comment_status":"closed","ping_status":"closed","template":"","meta":{"footnotes":""},"class_list":["post-43","page","type-page","status-publish","has-post-thumbnail","hentry"],"_links":{"self":[{"href":"https:\/\/www.tiergehege-kaisergarten.de\/tg\/wp-json\/wp\/v2\/pages\/43","targetHints":{"allow":["GET"]}}],"collection":[{"href":"https:\/\/www.tiergehege-kaisergarten.de\/tg\/wp-json\/wp\/v2\/pages"}],"about":[{"href":"https:\/\/www.tiergehege-kaisergarten.de\/tg\/wp-json\/wp\/v2\/types\/page"}],"author":[{"embeddable":true,"href":"https:\/\/www.tiergehege-kaisergarten.de\/tg\/wp-json\/wp\/v2\/users\/2"}],"replies":[{"embeddable":true,"href":"https:\/\/www.tiergehege-kaisergarten.de\/tg\/wp-json\/wp\/v2\/comments?post=43"}],"version-history":[{"count":14,"href":"https:\/\/www.tiergehege-kaisergarten.de\/tg\/wp-json\/wp\/v2\/pages\/43\/revisions"}],"predecessor-version":[{"id":7981,"href":"https:\/\/www.tiergehege-kaisergarten.de\/tg\/wp-json\/wp\/v2\/pages\/43\/revisions\/7981"}],"up":[{"embeddable":true,"href":"https:\/\/www.tiergehege-kaisergarten.de\/tg\/wp-json\/wp\/v2\/pages\/11"}],"wp:featuredmedia":[{"embeddable":true,"href":"https:\/\/www.tiergehege-kaisergarten.de\/tg\/wp-json\/wp\/v2\/media\/2149"}],"wp:attachment":[{"href":"https:\/\/www.tiergehege-kaisergarten.de\/tg\/wp-json\/wp\/v2\/media?parent=43"}],"curies":[{"name":"wp","href":"https:\/\/api.w.org\/{rel}","templated":true}]}}