{"id":4140,"date":"2018-08-21T11:24:34","date_gmt":"2018-08-21T09:24:34","guid":{"rendered":"\/tg\/?page_id=4140"},"modified":"2018-08-21T11:48:02","modified_gmt":"2018-08-21T09:48:02","slug":"anmeldeformular-tierpatenschaft","status":"publish","type":"page","link":"https:\/\/www.tiergehege-kaisergarten.de\/tg\/startseite\/anmeldeformular-tierpatenschaft\/","title":{"rendered":"Anmeldeformular f\u00fcr Tierpatenschaften"},"content":{"rendered":"\n<div class=\"wpcf7 no-js\" id=\"wpcf7-f4139-o1\" lang=\"de-DE\" dir=\"ltr\" data-wpcf7-id=\"4139\">\n<div class=\"screen-reader-response\"><p role=\"status\" aria-live=\"polite\" aria-atomic=\"true\"><\/p> <ul><\/ul><\/div>\n<form action=\"\/tg\/wp-json\/wp\/v2\/pages\/4140#wpcf7-f4139-o1\" method=\"post\" class=\"wpcf7-form init\" aria-label=\"Kontaktformular\" novalidate=\"novalidate\" data-status=\"init\">\n<fieldset class=\"hidden-fields-container\"><input type=\"hidden\" name=\"_wpcf7\" value=\"4139\" \/><input type=\"hidden\" name=\"_wpcf7_version\" value=\"6.1.1\" \/><input type=\"hidden\" name=\"_wpcf7_locale\" value=\"de_DE\" \/><input type=\"hidden\" name=\"_wpcf7_unit_tag\" value=\"wpcf7-f4139-o1\" \/><input type=\"hidden\" name=\"_wpcf7_container_post\" value=\"0\" \/><input type=\"hidden\" name=\"_wpcf7_posted_data_hash\" value=\"\" \/>\n<\/fieldset>\n<p style=\"font-weight: bold;\"><br \/>\nIch \u00fcbernehme die Patenschaft \u00fcber ein Jahr f\u00fcr folgendes Tier*:\n<\/p>\n<p><span class=\"wpcf7-form-control-wrap\" data-name=\"your-tier\"><input size=\"40\" maxlength=\"400\" class=\"wpcf7-form-control wpcf7-text wpcf7-validates-as-required\" aria-required=\"true\" aria-invalid=\"false\" value=\"\" type=\"text\" name=\"your-tier\" \/><\/span>\n<\/p>\n<p><br \/>\n<strong>Name der Patenperson*:<\/strong>\n<\/p>\n<p><span class=\"wpcf7-form-control-wrap\" data-name=\"your-pate\"><input size=\"40\" maxlength=\"400\" class=\"wpcf7-form-control wpcf7-text wpcf7-validates-as-required\" aria-required=\"true\" aria-invalid=\"false\" value=\"\" type=\"text\" name=\"your-pate\" \/><\/span>\n<\/p>\n<p>Der Name darf auf einer Tafel im Tiergehege ver\u00f6ffentlicht werden:\n<\/p>\n<p><span class=\"wpcf7-form-control-wrap\" data-name=\"your-einwilligung\"><span class=\"wpcf7-form-control wpcf7-checkbox\"><span class=\"wpcf7-list-item first last\"><input type=\"checkbox\" name=\"your-einwilligung[]\" value=\"Einwilligung erteilt. - Hiermit erteile ich die Einwilligung in die Ver\u00f6ffentlichung meiner personenbezogenen Daten (Vorname, Name) auf dem schwarzen Brett im Tiergehege. Mir steht jederzeit das Recht auf Widerruf zu. Diese Einwilligung gilt nur f\u00fcr mich selbst und kann nicht f\u00fcr eine andere Person erteilt werden (z.B. wenn die Patenschaft verschenkt wird.)\" \/><span class=\"wpcf7-list-item-label\">Einwilligung erteilt. - Hiermit erteile ich die Einwilligung in die Ver\u00f6ffentlichung meiner personenbezogenen Daten (Vorname, Name) auf dem schwarzen Brett im Tiergehege. Mir steht jederzeit das Recht auf Widerruf zu. Diese Einwilligung gilt nur f\u00fcr mich selbst und kann nicht f\u00fcr eine andere Person erteilt werden (z.B. wenn die Patenschaft verschenkt wird.)<\/span><\/span><\/span><\/span>\n<\/p>\n<h3>Kontaktdaten\n<\/h3>\n<p>Ihr Name* (Pflichtfeld)\n<\/p>\n<p><span class=\"wpcf7-form-control-wrap\" data-name=\"your-name\"><input size=\"40\" maxlength=\"400\" class=\"wpcf7-form-control wpcf7-text wpcf7-validates-as-required\" aria-required=\"true\" aria-invalid=\"false\" value=\"\" type=\"text\" name=\"your-name\" \/><\/span>\n<\/p>\n<div style=\"float:left;padding-right:15px;\">\n\t<p>Stra\u00dfe mit Hausnummer*\n\t<\/p>\n\t<p><span class=\"wpcf7-form-control-wrap\" data-name=\"your-steet\"><input size=\"20\" maxlength=\"400\" class=\"wpcf7-form-control wpcf7-text wpcf7-validates-as-required\" aria-required=\"true\" aria-invalid=\"false\" value=\"\" type=\"text\" name=\"your-steet\" \/><\/span>\n\t<\/p>\n<\/div>\n<div style=\"float:left;padding-right:15px;\">\n\t<p>PLZ*\n\t<\/p>\n\t<p><span class=\"wpcf7-form-control-wrap\" data-name=\"your-plz\"><input size=\"5\" maxlength=\"400\" class=\"wpcf7-form-control wpcf7-text wpcf7-validates-as-required\" aria-required=\"true\" aria-invalid=\"false\" value=\"\" type=\"text\" name=\"your-plz\" \/><\/span>\n\t<\/p>\n<\/div>\n<div style=\"float:left;\">\n\t<p>Ort*\n\t<\/p>\n\t<p><span class=\"wpcf7-form-control-wrap\" data-name=\"your-town\"><input size=\"30\" maxlength=\"400\" class=\"wpcf7-form-control wpcf7-text wpcf7-validates-as-required\" aria-required=\"true\" aria-invalid=\"false\" value=\"\" type=\"text\" name=\"your-town\" \/><\/span>\n\t<\/p>\n<\/div>\n<div style=\"clear:both;\">\n<\/div>\n<div style=\"float:left;padding-right:15px;\">\n\t<p>Ihre E-Mail-Adresse*\n\t<\/p>\n\t<p><span class=\"wpcf7-form-control-wrap\" data-name=\"your-email\"><input size=\"20\" maxlength=\"400\" class=\"wpcf7-form-control wpcf7-email wpcf7-validates-as-required wpcf7-text wpcf7-validates-as-email\" aria-required=\"true\" aria-invalid=\"false\" value=\"\" type=\"email\" name=\"your-email\" \/><\/span>\n\t<\/p>\n<\/div>\n<div style=\"float:left;\">\n\t<p>Telefon\n\t<\/p>\n\t<p><span class=\"wpcf7-form-control-wrap\" data-name=\"your-tel\"><input size=\"20\" maxlength=\"400\" class=\"wpcf7-form-control wpcf7-tel wpcf7-text wpcf7-validates-as-tel\" aria-invalid=\"false\" value=\"\" type=\"tel\" name=\"your-tel\" \/><\/span><label> <span id=\"wpcf7-69fa395273cc0-wrapper\" class=\"wpcf7-form-control-wrap homepage-wrap\" style=\"display:none !important; visibility:hidden !important;\"><label for=\"hp-531tg\" class=\"hp-message\">Bitte lasse dieses Feld leer.<\/label><input id=\"hp-531tg\"  class=\"wpcf7-form-control wpcf7-text\" type=\"text\" name=\"homepage\" value=\"\" size=\"40\" tabindex=\"-1\" autocomplete=\"new-password\" \/><\/span><\/label>\n\t<\/p>\n<\/div>\n<div style=\"clear:both;\">\n<\/div>\n<style>\n h3.nonbold {\n font-weight: normal; \/* entfernt Fettung *\/\n font-size: 1.3em; \/* leicht gr\u00f6\u00dfer als Standardtext *\/\n margin-top: 1em;\n margin-bottom: 0.5em;\n }\n<\/style>\n<h3 class=\"nonbold\">Kontaktdaten des Paten und Lieferadresse f\u00fcr die Urkunde<br \/>\n(nur falls abweichend von obiger Adresse)\n<\/h3>\n<p>Name des Paten\n<\/p>\n<p><span class=\"wpcf7-form-control-wrap\" data-name=\"pate-name\"><input size=\"40\" maxlength=\"400\" class=\"wpcf7-form-control wpcf7-text\" aria-invalid=\"false\" value=\"\" type=\"text\" name=\"pate-name\" \/><\/span>\n<\/p>\n<div style=\"float:left;padding-right:15px;\">\n\t<p>Stra\u00dfe mit Hausnummer\n\t<\/p>\n\t<p><span class=\"wpcf7-form-control-wrap\" data-name=\"pate-steet\"><input size=\"20\" maxlength=\"400\" class=\"wpcf7-form-control wpcf7-text\" aria-invalid=\"false\" value=\"\" type=\"text\" name=\"pate-steet\" \/><\/span>\n\t<\/p>\n<\/div>\n<div style=\"float:left;padding-right:15px;\">\n\t<p>PLZ\n\t<\/p>\n\t<p><span class=\"wpcf7-form-control-wrap\" data-name=\"pate-plz\"><input size=\"5\" maxlength=\"400\" class=\"wpcf7-form-control wpcf7-text\" aria-invalid=\"false\" value=\"\" type=\"text\" name=\"pate-plz\" \/><\/span>\n\t<\/p>\n<\/div>\n<div style=\"float:left;\">\n\t<p>Ort\n\t<\/p>\n\t<p><span class=\"wpcf7-form-control-wrap\" data-name=\"pate-town\"><input size=\"30\" maxlength=\"400\" class=\"wpcf7-form-control wpcf7-text\" aria-invalid=\"false\" value=\"\" type=\"text\" name=\"pate-town\" \/><\/span>\n\t<\/p>\n<\/div>\n<div style=\"clear:both;\">\n<\/div>\n<div style=\"float:left;\">\n\t<p>Telefon\n\t<\/p>\n\t<p><span class=\"wpcf7-form-control-wrap\" data-name=\"pate-tel\"><input size=\"20\" maxlength=\"400\" class=\"wpcf7-form-control wpcf7-tel wpcf7-text wpcf7-validates-as-tel\" aria-invalid=\"false\" value=\"\" type=\"tel\" name=\"pate-tel\" \/><\/span>\n\t<\/p>\n\t<p>Fragen, W\u00fcnsche oder Anmerkungen\n\t<\/p>\n\t<p><span class=\"wpcf7-form-control-wrap\" data-name=\"your-message\"><textarea cols=\"40\" rows=\"10\" maxlength=\"2000\" class=\"wpcf7-form-control wpcf7-textarea\" aria-invalid=\"false\" name=\"your-message\"><\/textarea><\/span>\n\t<\/p>\n\t<p>*Pflichtfelder m\u00fcssen ausgef\u00fcllt werden\n\t<\/p>\n\t<p><a title=\"Datenschutzerkl\u00e4rung\" href=\"\/tg\/?p=3703\" target=\"_blank\"><strong>Einwilligungserkl\u00e4rung Datenschutz*:<\/strong> (Pflichtfeld) Link zur Datenschutzerkl\u00e4rung<\/a><br \/>\n<span class=\"wpcf7-form-control-wrap\" data-name=\"acceptance-datenschutz\"><span class=\"wpcf7-form-control wpcf7-acceptance\"><span class=\"wpcf7-list-item\"><label><input type=\"checkbox\" name=\"acceptance-datenschutz\" value=\"1\" aria-invalid=\"false\" \/><span class=\"wpcf7-list-item-label\">Ja, ich habe die Datenschutzerkl\u00e4rung zur Kenntnis genommen und bin damit einverstanden, dass die von mir angegebenen Daten elektronisch erhoben und gespeichert werden. Meine Daten werden dabei nur streng zweckgebunden zur Bearbeitung und Beantwortung meiner Anfrage genutzt. Diese Einwilligung k\u00f6nnen Sie jederzeit durch Nachricht an uns widerrufen. Im Falle des Widerrufs werden wir Ihre Daten schnellstm\u00f6glich l\u00f6schen.<\/span><\/label><\/span><\/span><\/span>\n\t<\/p>\n\t<p><strong><a title=\"Datenschutzerkl\u00e4rung\" href=\"\/tg\/?p=3703\" target=\"_blank\">Hinweis zum Datenschutz<\/a>:<\/strong>\n\t<\/p>\n\t<p>Die von Ihnen im Kontaktformular an die SBO Servicebetriebe Oberhausen gerichteten Anfragen werden \u00fcber einen sicheren Transportweg an die SBO \u00fcbermittelt. Dabei \u00fcbermittelten Sie folgende Kategorien:\n\t<\/p>\n\t<ul>\n\t\t<li>\n\t\t\t<p>Kontaktdaten (E-Mail, Name) sowie\n\t\t\t<\/p>\n\t\t<\/li>\n\t\t<li>\n\t\t\t<p>Inhaltsinformationen gem\u00e4\u00df Ihrem Anliegen.\n\t\t\t<\/p>\n\t\t<\/li>\n\t<\/ul>\n\t<p>Bezogen auf Ihr Anliegen stellen wir Ihre an uns gerichteten Informationen intern dem zutreffenden Fachbereich oder dem im Verbund der SBO zust\u00e4ndigen Unternehmen zu. Hierbei kann es sich z.B. um eine Daten\u00fcbermittlung an die Stadt Oberhausen, der WBO Wirtschaftsbetriebe Oberhausen GmbH, den Landesbetrieb Stra\u00dfen NRW oder die Deutsche Bundesbahn handeln. Alle weiteren Informationen entnehmen Sie bitte <a title=\"Datenschutzerkl\u00e4rung\" href=\/tg\"\/?p=3703\" target=\"_blank\">der Datenschutzerkl\u00e4rung<\/a>.\n\t<\/p>\n\t<p><input class=\"wpcf7-form-control wpcf7-submit has-spinner\" type=\"submit\" value=\"Senden\" \/>\n\t<\/p>\n\t<h3>Bitte \u00fcberweisen Sie den Patenbeitrag auf folgendes Konto:\n\t<\/h3>\n\t<blockquote>\n\t\t<p>SBO Servicebetriebe Oberhausen<br \/>\nIBAN: DE28 3655 0000 0100 0319 70<br \/>\nBIC: WE LA DE D1 OBH<br \/>\nStadtsparkasse Oberhausen<br \/>\n<u>Verwendungszweck:<\/u> Bitte geben Sie den Begriff \"Tierpatenschaft\", das Patentier und den Namen des Paten an.\n\t\t<\/p>\n\t<\/blockquote>\n\t<p>Die Patenschaft beginnt mit Eingang des Betrags auf dem Konto des Tiergeheges.\n\t<\/p>\n<\/div><div class=\"wpcf7-response-output\" aria-hidden=\"true\"><\/div>\n<\/form>\n<\/div>\n\n","protected":false},"excerpt":{"rendered":" <a class=\"more-link\" href=\"https:\/\/www.tiergehege-kaisergarten.de\/tg\/startseite\/anmeldeformular-tierpatenschaft\/\"><span class=\"more-msg\">Weiterlesen &rarr;<\/span><\/a>","protected":false},"author":2,"featured_media":495,"parent":301,"menu_order":0,"comment_status":"closed","ping_status":"closed","template":"","meta":{"footnotes":""},"class_list":["post-4140","page","type-page","status-publish","has-post-thumbnail","hentry"],"_links":{"self":[{"href":"https:\/\/www.tiergehege-kaisergarten.de\/tg\/wp-json\/wp\/v2\/pages\/4140","targetHints":{"allow":["GET"]}}],"collection":[{"href":"https:\/\/www.tiergehege-kaisergarten.de\/tg\/wp-json\/wp\/v2\/pages"}],"about":[{"href":"https:\/\/www.tiergehege-kaisergarten.de\/tg\/wp-json\/wp\/v2\/types\/page"}],"author":[{"embeddable":true,"href":"https:\/\/www.tiergehege-kaisergarten.de\/tg\/wp-json\/wp\/v2\/users\/2"}],"replies":[{"embeddable":true,"href":"https:\/\/www.tiergehege-kaisergarten.de\/tg\/wp-json\/wp\/v2\/comments?post=4140"}],"version-history":[{"count":2,"href":"https:\/\/www.tiergehege-kaisergarten.de\/tg\/wp-json\/wp\/v2\/pages\/4140\/revisions"}],"predecessor-version":[{"id":4142,"href":"https:\/\/www.tiergehege-kaisergarten.de\/tg\/wp-json\/wp\/v2\/pages\/4140\/revisions\/4142"}],"up":[{"embeddable":true,"href":"https:\/\/www.tiergehege-kaisergarten.de\/tg\/wp-json\/wp\/v2\/pages\/301"}],"wp:featuredmedia":[{"embeddable":true,"href":"https:\/\/www.tiergehege-kaisergarten.de\/tg\/wp-json\/wp\/v2\/media\/495"}],"wp:attachment":[{"href":"https:\/\/www.tiergehege-kaisergarten.de\/tg\/wp-json\/wp\/v2\/media?parent=4140"}],"curies":[{"name":"wp","href":"https:\/\/api.w.org\/{rel}","templated":true}]}}