{"id":3953,"date":"2018-07-12T12:39:30","date_gmt":"2018-07-12T10:39:30","guid":{"rendered":"\/tg\/?page_id=3953"},"modified":"2019-01-03T11:16:23","modified_gmt":"2019-01-03T10:16:23","slug":"schneeeule","status":"publish","type":"page","link":"https:\/\/www.tiergehege-kaisergarten.de\/tg\/unsere-tiere\/voegel\/schneeeule\/","title":{"rendered":"Schneeeule"},"content":{"rendered":"<p><em><strong>Bubo scandiaca<\/strong><\/em><\/p>\n<p><a href=\"\/tg\/wp-content\/uploads\/sites\/3\/2018\/04\/nabit_landkarte_schnee-eule.jpg\"><img decoding=\"async\" class=\"alignright size-medium wp-image-1223\" src=\"\/tg\/wp-content\/uploads\/sites\/3\/2018\/04\/nabit_landkarte_schnee-eule-300x123.jpg\" alt=\"Verbreitungsgebiet der Schnee-Eule\" width=\"300\" height=\"123\" srcset=\"https:\/\/www.tiergehege-kaisergarten.de\/tg\/wp-content\/uploads\/2018\/04\/nabit_landkarte_schnee-eule-300x123.jpg 300w, https:\/\/www.tiergehege-kaisergarten.de\/tg\/wp-content\/uploads\/2018\/04\/nabit_landkarte_schnee-eule-150x61.jpg 150w, https:\/\/www.tiergehege-kaisergarten.de\/tg\/wp-content\/uploads\/2018\/04\/nabit_landkarte_schnee-eule-768x314.jpg 768w, https:\/\/www.tiergehege-kaisergarten.de\/tg\/wp-content\/uploads\/2018\/04\/nabit_landkarte_schnee-eule-700x286.jpg 700w, https:\/\/www.tiergehege-kaisergarten.de\/tg\/wp-content\/uploads\/2018\/04\/nabit_landkarte_schnee-eule.jpg 1076w\" sizes=\"(max-width: 300px) 100vw, 300px\" \/><\/a>Schnee-Eulen, die einzige Eulenart der Arktis, sind mit ihrem hellen Gefieder gut an die baumlose, schneereiche Tundra angepasst. Sie sind tag- und d\u00e4mmerungsaktiv. Das tarnfarbene Weibchen br\u00fctet in selbstgegrabenen Bodenmulden. Hauptnahrung sind Lemminge, deren Populationen jedoch regelm\u00e4\u00dfig zusammenbrechen. Die Schnee-Eulen begegnen diesen Schwankungen mit Massenwanderungen in nahrungsreichere Gebiete. Schnee-Eulen jagen aus dem Flug oder von einer erh\u00f6hten Warte aus. Zum Winter legen sie Fettpolster an, dank derer sie \u00fcber einen Monat ohne Nahrung auskommen k\u00f6nnen. Ist das Nahrungsangebot gut, sammeln sie einen Vorrat von bis zu 80 Lemmingen am Nest an.<\/p>\n","protected":false},"excerpt":{"rendered":"<p>Bubo scandiaca Schnee-Eulen, die einzige Eulenart der Arktis, sind mit ihrem hellen Gefieder gut an die baumlose, schneereiche Tundra angepasst. <span class=\"excerpt-dots\">&hellip;<\/span> <a class=\"more-link\" href=\"https:\/\/www.tiergehege-kaisergarten.de\/tg\/unsere-tiere\/voegel\/schneeeule\/\"><span class=\"more-msg\">Weiterlesen &rarr;<\/span><\/a><\/p>\n","protected":false},"author":2,"featured_media":674,"parent":52,"menu_order":0,"comment_status":"closed","ping_status":"closed","template":"","meta":{"footnotes":""},"class_list":["post-3953","page","type-page","status-publish","has-post-thumbnail","hentry"],"_links":{"self":[{"href":"https:\/\/www.tiergehege-kaisergarten.de\/tg\/wp-json\/wp\/v2\/pages\/3953","targetHints":{"allow":["GET"]}}],"collection":[{"href":"https:\/\/www.tiergehege-kaisergarten.de\/tg\/wp-json\/wp\/v2\/pages"}],"about":[{"href":"https:\/\/www.tiergehege-kaisergarten.de\/tg\/wp-json\/wp\/v2\/types\/page"}],"author":[{"embeddable":true,"href":"https:\/\/www.tiergehege-kaisergarten.de\/tg\/wp-json\/wp\/v2\/users\/2"}],"replies":[{"embeddable":true,"href":"https:\/\/www.tiergehege-kaisergarten.de\/tg\/wp-json\/wp\/v2\/comments?post=3953"}],"version-history":[{"count":3,"href":"https:\/\/www.tiergehege-kaisergarten.de\/tg\/wp-json\/wp\/v2\/pages\/3953\/revisions"}],"predecessor-version":[{"id":6050,"href":"https:\/\/www.tiergehege-kaisergarten.de\/tg\/wp-json\/wp\/v2\/pages\/3953\/revisions\/6050"}],"up":[{"embeddable":true,"href":"https:\/\/www.tiergehege-kaisergarten.de\/tg\/wp-json\/wp\/v2\/pages\/52"}],"wp:featuredmedia":[{"embeddable":true,"href":"https:\/\/www.tiergehege-kaisergarten.de\/tg\/wp-json\/wp\/v2\/media\/674"}],"wp:attachment":[{"href":"https:\/\/www.tiergehege-kaisergarten.de\/tg\/wp-json\/wp\/v2\/media?parent=3953"}],"curies":[{"name":"wp","href":"https:\/\/api.w.org\/{rel}","templated":true}]}}