{"id":3917,"date":"2018-07-11T13:00:59","date_gmt":"2018-07-11T11:00:59","guid":{"rendered":"\/tg\/?page_id=3917"},"modified":"2022-11-15T07:39:35","modified_gmt":"2022-11-15T06:39:35","slug":"gartenschlaefer","status":"publish","type":"page","link":"https:\/\/www.tiergehege-kaisergarten.de\/tg\/unsere-tiere\/nager\/gartenschlaefer\/","title":{"rendered":"Gartenschl\u00e4fer"},"content":{"rendered":"<p><span style=\"font-family: arial, helvetica, sans-serif;\"><strong><em>Mus musculus t. domestica<\/em><\/strong><\/span><\/p>\n<p><span style=\"font-family: arial, helvetica, sans-serif;\">Gartenschl\u00e4fer sieht man nur selten; sie werden erst kurz nach Sonnenuntergang aktiv und ziehen sich noch vor Sonnenaufgang in ihr Nest zur\u00fcck. Eher h\u00f6rt man sie: Sie pfeifen und keckern und sind un\u00fcberh\u00f6rbar, wenn sie in Dachb\u00f6den oder H\u00fctten eingezogen sind. Die eigentlichen Waldbewohner besiedeln inzwischen auch D\u00f6rfer und <img decoding=\"async\" class=\"alignright wp-image-5813\" style=\"width: 362px;\" src=\"\/tg\/wp-content\/uploads\/2018\/12\/nabit_karte_gartenschlaefer-300x120.png\" alt=\"\" width=\"300\" height=\"156\" \/>St\u00e4dte, gern suchen sie ihre Nahrung in Streuobstwiesen. Den Winter verschlafen sie, gut gen\u00e4hrt von herbstlicher n\u00e4hrstoffreicher Kost, in Baumh\u00f6hlen. Danach beginnt die lautstarke Paarungszeit. Die Jungtiere folgen der Mutter als Karawane, festgebissen im R\u00fcckenfell ihres Vorg\u00e4ngers. In weiten Teilen Europas geht die Zahl der Gartenschl\u00e4fer stark zur\u00fcck, nur in Deutschland sind sie noch nicht gef\u00e4hrdet.<\/span><\/p>\n<p>&nbsp;<\/p>\n<p>M\u00f6chten Sie im <a href=\"https:\/\/www.zootier-lexikon.org\/index.php?option=com_k2&amp;view=item&amp;id=687:gartenschlaefer-eliomys-quercinus&amp;Itemid=272\">Zootierlexikon<\/a> mehr erfahren?<\/p>\n","protected":false},"excerpt":{"rendered":"<p>Mus musculus t. domestica Gartenschl\u00e4fer sieht man nur selten; sie werden erst kurz nach Sonnenuntergang aktiv und ziehen sich noch <span class=\"excerpt-dots\">&hellip;<\/span> <a class=\"more-link\" href=\"https:\/\/www.tiergehege-kaisergarten.de\/tg\/unsere-tiere\/nager\/gartenschlaefer\/\"><span class=\"more-msg\">Weiterlesen &rarr;<\/span><\/a><\/p>\n","protected":false},"author":2,"featured_media":5812,"parent":51,"menu_order":0,"comment_status":"closed","ping_status":"closed","template":"","meta":{"footnotes":""},"class_list":["post-3917","page","type-page","status-publish","has-post-thumbnail","hentry"],"_links":{"self":[{"href":"https:\/\/www.tiergehege-kaisergarten.de\/tg\/wp-json\/wp\/v2\/pages\/3917","targetHints":{"allow":["GET"]}}],"collection":[{"href":"https:\/\/www.tiergehege-kaisergarten.de\/tg\/wp-json\/wp\/v2\/pages"}],"about":[{"href":"https:\/\/www.tiergehege-kaisergarten.de\/tg\/wp-json\/wp\/v2\/types\/page"}],"author":[{"embeddable":true,"href":"https:\/\/www.tiergehege-kaisergarten.de\/tg\/wp-json\/wp\/v2\/users\/2"}],"replies":[{"embeddable":true,"href":"https:\/\/www.tiergehege-kaisergarten.de\/tg\/wp-json\/wp\/v2\/comments?post=3917"}],"version-history":[{"count":7,"href":"https:\/\/www.tiergehege-kaisergarten.de\/tg\/wp-json\/wp\/v2\/pages\/3917\/revisions"}],"predecessor-version":[{"id":8032,"href":"https:\/\/www.tiergehege-kaisergarten.de\/tg\/wp-json\/wp\/v2\/pages\/3917\/revisions\/8032"}],"up":[{"embeddable":true,"href":"https:\/\/www.tiergehege-kaisergarten.de\/tg\/wp-json\/wp\/v2\/pages\/51"}],"wp:featuredmedia":[{"embeddable":true,"href":"https:\/\/www.tiergehege-kaisergarten.de\/tg\/wp-json\/wp\/v2\/media\/5812"}],"wp:attachment":[{"href":"https:\/\/www.tiergehege-kaisergarten.de\/tg\/wp-json\/wp\/v2\/media?parent=3917"}],"curies":[{"name":"wp","href":"https:\/\/api.w.org\/{rel}","templated":true}]}}