{"id":3872,"date":"2018-07-11T11:14:19","date_gmt":"2018-07-11T09:14:19","guid":{"rendered":"\/tg\/?page_id=3872"},"modified":"2025-12-02T09:56:18","modified_gmt":"2025-12-02T08:56:18","slug":"stellenangebote","status":"publish","type":"page","link":"https:\/\/www.tiergehege-kaisergarten.de\/tg\/das-tiergehege\/stellenangebote\/","title":{"rendered":"Stellenangebote"},"content":{"rendered":"<p>&nbsp;<\/p>\n<p>Zur Verst\u00e4rkung unseres Teams im <strong>Servicebereich<\/strong> suchen wir zum n\u00e4chstm\u00f6glichen Zeitpunkt Mitarbeiter\/innen (m\/w\/d) im Rahmen einer geringf\u00fcgigen Besch\u00e4ftigung.<\/p>\n<p>Die Arbeiten umfassen die Verkaufst\u00e4tigkeit im Tiergehege-Shop, die Betreuung der Futterautomaten, allgemeine Reinigungs- und Aufsichtsarbeiten im Service sowie\u00a0die Durchf\u00fchrung themenbezogener Geburtstagsf\u00fchrungen f\u00fcr Kinder und die Mitarbeit bei unserem Ferienprogramm und Sonderveranstaltungen.<\/p>\n<p>Kernarbeitszeiten sind die Wochenenden, Feiertage sowie Ferienzeiten.<\/p>\n<p>Die Stelle wird im Rahmen einer geringf\u00fcgigen, zeitlich begrenzten T\u00e4tigkeit angeboten.<\/p>\n<p>Unsere Anforderungen an die Bewerber (m\/w\/d) sind:<\/p>\n<ul>\n<li style=\"list-style-type: none;\">\n<ul>\n<li>Freundliches und ordentliches Auftreten<\/li>\n<li>F\u00e4higkeit zur Teamarbeit<\/li>\n<li>Kundenorientierung<\/li>\n<li>Eigenverantwortliches und selbstst\u00e4ndiges Arbeiten<\/li>\n<li>Zuverl\u00e4ssigkeit<\/li>\n<li>Interesse an der Arbeit im und f\u00fcr das Tiergehege im Kaisergarten<\/li>\n<\/ul>\n<\/li>\n<\/ul>\n<p>&nbsp;<\/p>\n<p>F\u00fcr weitere Informationen steht Ihnen das B\u00fcro des Tiergeheges unter der Rufnummer 0208 3770612 Mo &#8211; Do 9-12 Uhr zur Verf\u00fcgung.<\/p>\n<p>Ihre Bewerbungsunterlagen senden Sie bitte als Anhang per Mail an<\/p>\n<p><strong>&#101;&#x76;&#x65;&#110;&#x74;&#x2d;&#116;&#x69;&#x65;&#114;&#x67;&#x65;&#104;&#x65;&#x67;&#101;&#x40;&#x73;&#98;&#x6f;&#x2e;&#111;&#x62;&#x65;&#114;&#x68;&#x61;u&#x73;&#x65;n&#x2e;&#x64;e<\/strong><\/p>\n","protected":false},"excerpt":{"rendered":"<p>&nbsp; Zur Verst\u00e4rkung unseres Teams im Servicebereich suchen wir zum n\u00e4chstm\u00f6glichen Zeitpunkt Mitarbeiter\/innen (m\/w\/d) im Rahmen einer geringf\u00fcgigen Besch\u00e4ftigung. Die <span class=\"excerpt-dots\">&hellip;<\/span> <a class=\"more-link\" href=\"https:\/\/www.tiergehege-kaisergarten.de\/tg\/das-tiergehege\/stellenangebote\/\"><span class=\"more-msg\">Weiterlesen &rarr;<\/span><\/a><\/p>\n","protected":false},"author":2,"featured_media":2108,"parent":7,"menu_order":70,"comment_status":"closed","ping_status":"closed","template":"","meta":{"footnotes":""},"class_list":["post-3872","page","type-page","status-publish","has-post-thumbnail","hentry"],"_links":{"self":[{"href":"https:\/\/www.tiergehege-kaisergarten.de\/tg\/wp-json\/wp\/v2\/pages\/3872","targetHints":{"allow":["GET"]}}],"collection":[{"href":"https:\/\/www.tiergehege-kaisergarten.de\/tg\/wp-json\/wp\/v2\/pages"}],"about":[{"href":"https:\/\/www.tiergehege-kaisergarten.de\/tg\/wp-json\/wp\/v2\/types\/page"}],"author":[{"embeddable":true,"href":"https:\/\/www.tiergehege-kaisergarten.de\/tg\/wp-json\/wp\/v2\/users\/2"}],"replies":[{"embeddable":true,"href":"https:\/\/www.tiergehege-kaisergarten.de\/tg\/wp-json\/wp\/v2\/comments?post=3872"}],"version-history":[{"count":14,"href":"https:\/\/www.tiergehege-kaisergarten.de\/tg\/wp-json\/wp\/v2\/pages\/3872\/revisions"}],"predecessor-version":[{"id":8807,"href":"https:\/\/www.tiergehege-kaisergarten.de\/tg\/wp-json\/wp\/v2\/pages\/3872\/revisions\/8807"}],"up":[{"embeddable":true,"href":"https:\/\/www.tiergehege-kaisergarten.de\/tg\/wp-json\/wp\/v2\/pages\/7"}],"wp:featuredmedia":[{"embeddable":true,"href":"https:\/\/www.tiergehege-kaisergarten.de\/tg\/wp-json\/wp\/v2\/media\/2108"}],"wp:attachment":[{"href":"https:\/\/www.tiergehege-kaisergarten.de\/tg\/wp-json\/wp\/v2\/media?parent=3872"}],"curies":[{"name":"wp","href":"https:\/\/api.w.org\/{rel}","templated":true}]}}