{"id":36,"date":"2018-04-27T21:46:21","date_gmt":"2018-04-27T19:46:21","guid":{"rendered":"\/tg\/impressum-datenschutz\/"},"modified":"2025-11-14T11:42:13","modified_gmt":"2025-11-14T10:42:13","slug":"impressum","status":"publish","type":"page","link":"https:\/\/www.tiergehege-kaisergarten.de\/tg\/das-tiergehege\/impressum\/","title":{"rendered":"Impressum"},"content":{"rendered":"<h3>SBO Servicebetriebe Oberhausen<br \/>\nEigenbetrieb der Stadt Oberhausen<\/h3>\n<p>Der Eigenbetrieb wird vertreten<br \/>\ndurch den Oberb\u00fcrgermeister.<\/p>\n<div class=\"alignleft\">Bahnhofstra\u00dfe 66<br \/>\n46145 Oberhausen<br \/>\nTelefon: (0208) 594 &#8211; 5<br \/>\nTelefax: (0208) 594 &#8211; 7070<br \/>\nE-Mail: &#115;&#x62;&#x6f;i&#110;&#x66;o&#64;&#x73;&#x62;o&#46;&#x6f;b&#101;&#x72;&#x68;a&#117;&#x73;e&#110;&#x2e;&#x64;&#101;<br \/>\nInternet: www.sbo.oberhausen.de<br \/>\nSitz des Eigenbetriebs: Oberhausen<\/div>\n<p><!--more--><\/p>\n<div style=\"clear: both;\">\n<h3>Rechtsform:<\/h3>\n<p>Die SBO Servicebetriebe Oberhausen sind ein Eigenbetrieb der Stadt Oberhausen.<br \/>\nDie Stadt Oberhausen ist eine K\u00f6rperschaft des \u00f6ffentlichen Rechts.<br \/>\nSie wird vertreten durch den Oberb\u00fcrgermeister, Herrn Thorsten Berg.<\/p>\n<\/div>\n<h3>Vertretungsberechtigte Personen:<\/h3>\n<p>Florian Reeh (techn. Betriebsleiter)<br \/>\nAndreas Ku\u00dfel (kfm. Betriebsleiter)<\/p>\n<p>Sitz des Eigenbetriebs: Oberhausen<br \/>\nSteuernummer: 5124\/5736\/0061<br \/>\nUSt-ID-Nr.: DE 120646753<\/p>\n<h3>Haftungsausschluss (Disclaimer):<\/h3>\n<p>Alle auf dieser Internetseite bereitgestellten Informationen haben wir nach dem besten Wissen und Gewissen erarbeitet und gepr\u00fcft. Eine Gew\u00e4hr f\u00fcr die jederzeitige Aktualit\u00e4t, Richtigkeit, Vollst\u00e4ndigkeit und Verf\u00fcgbarkeit der bereitgestellten Informationen k\u00f6nnen wir allerdings nicht \u00fcbernehmen. Ein Vertragsverh\u00e4ltnis mit den Nutzer des Internetangebots kommt nicht zustande.<br \/>\nWir haften nicht f\u00fcr Sch\u00e4den, die durch die Nutzung oder Nichtnutzung dieses Internetangebots entstehen. Dieser Haftungsausschluss gilt nicht, soweit die Vorschriften des \u00a7 839 BGB (Haftung bei Amtspflichtverletzung) einschl\u00e4gig sind. F\u00fcr etwaige Sch\u00e4den, die beim Aufrufen oder Herunterladen von Daten durch Computerviren oder der Installation oder Nutzung von Software verursacht werden, wird nicht gehaftet.<\/p>\n<h3>Haftung f\u00fcr Inhalte:<\/h3>\n<p>Als Dienstanbieter sind wir gem\u00e4\u00df \u00a7 7 Abs.1 TMG f\u00fcr eigene Inhalte auf diesen Seiten nach den allgemeinen Gesetzen verantwortlich. Nach \u00a7\u00a7 8 bis 10 TMG sind wir als Dienstanbieter jedoch nicht verpflichtet, \u00fcbermittelte oder gespeicherte fremde Informationen zu \u00fcberwachen oder nach Umst\u00e4nden zu forschen, die auf eine rechtswidrige T\u00e4tigkeit hinweisen.<br \/>\nVerpflichtungen zur Entfernung oder Sperrung der Nutzung von Informationen nach den allgemeinen Gesetzen bleiben hiervon unber\u00fchrt. Eine diesbez\u00fcgliche Haftung ist jedoch erst ab dem Zeitpunkt der Kenntnis einer konkreten Rechtsverletzung m\u00f6glich. Bei Bekanntwerden von entsprechenden Rechtsverletzungen werden wir diese Inhalte umgehend entfernen.<\/p>\n<h3>Haftung f\u00fcr Links:<\/h3>\n<p>Unser Angebot enth\u00e4lt Links zu externen Webseiten Dritter, auf deren Inhalte wir keinen Einfluss haben. Deshalb k\u00f6nnen wir f\u00fcr diese fremden Inhalte auch keine Gew\u00e4hr \u00fcbernehmen. F\u00fcr die Inhalte der verlinkten Seiten ist stets der jeweilige Anbieter oder Betreiber der Seiten verantwortlich. Die verlinkten Seiten wurden zum Zeitpunkt der Verlinkung auf m\u00f6gliche Rechtsverst\u00f6\u00dfe \u00fcberpr\u00fcft. Rechtswidrige Inhalte waren zum Zeitpunkt der Verlinkung nicht erkennbar. Eine permanente Inhaltliche Kontrolle der verlinkten Seiten ist jedoch ohne konkrete Anhaltspunkte einer Rechtsverletzung nicht zumutbar. Bei Bekanntwerden von Rechtsverletzungen werden wir derartige Links umgehend entfernen.<\/p>\n<h3>Urheberrecht:<\/h3>\n<p>Texte, Bilder, Grafiken sowie die Gestaltung dieser Internetseiten unterliegen dem Urheberrecht. Sie d\u00fcrfen von Ihnen nur zum privaten und sonstigen eigenen Gebrauch im Rahmen des \u00a7 53 Urheberrechtsgesetz (UrhG) verwendet werden. Eine Vervielf\u00e4ltigung oder Verwendung dieser Inhalte, Seiten oder auch in Teilen in anderen elektronischen oder gedruckten Publikationen und deren Ver\u00f6ffentlichung ist nur mit unserer Einwilligung gestattet. Diese erteilen auf Anfrage die f\u00fcr den Inhalt Verantwortlichen. Weiterhin k\u00f6nnen Texte, Bilder, Grafiken und sonstige Dateien ganz oder teilweise dem Urheberrecht Dritter unterliegen. Auch \u00fcber das Bestehen m\u00f6glicher Rechte Dritter geben Ihnen die f\u00fcr den Inhalt Verantwortlicher n\u00e4here Ausk\u00fcnfte.<br \/>\n(Hinweis: Der Nachdruck und die Auswertung von Pressemitteilungen und Reden sind mit Quellenangabe allgemein gestattet)<\/p>\n<h3>Koordination und Redaktion:<\/h3>\n<p>Alexander H\u00f6fer<br \/>\nE-Mail: &#x41;&#x6c;&#x65;&#120;&#97;nd&#x65;&#x72;&#x2e;&#72;&#111;ef&#x65;&#x72;&#x40;&#115;&#98;o&#46;&#x6f;&#x62;&#x65;&#114;&#104;au&#x73;&#x65;&#x6e;&#46;&#100;e<\/p>\n","protected":false},"excerpt":{"rendered":"<p>I\u00dft der Papst katholisch?<\/p>\n <a class=\"more-link\" href=\"https:\/\/www.tiergehege-kaisergarten.de\/tg\/das-tiergehege\/impressum\/\"><span class=\"more-msg\">Weiterlesen &rarr;<\/span><\/a>","protected":false},"author":2,"featured_media":0,"parent":7,"menu_order":980,"comment_status":"closed","ping_status":"closed","template":"","meta":{"footnotes":""},"class_list":["post-36","page","type-page","status-publish","hentry"],"_links":{"self":[{"href":"https:\/\/www.tiergehege-kaisergarten.de\/tg\/wp-json\/wp\/v2\/pages\/36","targetHints":{"allow":["GET"]}}],"collection":[{"href":"https:\/\/www.tiergehege-kaisergarten.de\/tg\/wp-json\/wp\/v2\/pages"}],"about":[{"href":"https:\/\/www.tiergehege-kaisergarten.de\/tg\/wp-json\/wp\/v2\/types\/page"}],"author":[{"embeddable":true,"href":"https:\/\/www.tiergehege-kaisergarten.de\/tg\/wp-json\/wp\/v2\/users\/2"}],"replies":[{"embeddable":true,"href":"https:\/\/www.tiergehege-kaisergarten.de\/tg\/wp-json\/wp\/v2\/comments?post=36"}],"version-history":[{"count":13,"href":"https:\/\/www.tiergehege-kaisergarten.de\/tg\/wp-json\/wp\/v2\/pages\/36\/revisions"}],"predecessor-version":[{"id":8799,"href":"https:\/\/www.tiergehege-kaisergarten.de\/tg\/wp-json\/wp\/v2\/pages\/36\/revisions\/8799"}],"up":[{"embeddable":true,"href":"https:\/\/www.tiergehege-kaisergarten.de\/tg\/wp-json\/wp\/v2\/pages\/7"}],"wp:attachment":[{"href":"https:\/\/www.tiergehege-kaisergarten.de\/tg\/wp-json\/wp\/v2\/media?parent=36"}],"curies":[{"name":"wp","href":"https:\/\/api.w.org\/{rel}","templated":true}]}}