{"id":33,"date":"2018-04-27T21:46:21","date_gmt":"2018-04-27T19:46:21","guid":{"rendered":"\/tg\/auf-den-spuren-von-robin-hood\/"},"modified":"2026-01-06T09:44:25","modified_gmt":"2026-01-06T08:44:25","slug":"auf-den-spuren-von-robin-hood","status":"publish","type":"page","link":"https:\/\/www.tiergehege-kaisergarten.de\/tg\/naturerlebnisschule\/kindergeburtstage\/auf-den-spuren-von-robin-hood\/","title":{"rendered":"Auf den Spuren von Robin Hood"},"content":{"rendered":"<p><span style=\"font-family: arial, helvetica, sans-serif;\">Robin Hood lebte mit seinen Gef\u00e4hrten im Wald. Daf\u00fcr musste er den Wald und seine Tiere gut kennen. Auf seinen Spuren beobachten wir unsere Rothirsche, Wildschweine und Waschb\u00e4ren genauer. Dabei erfahren die Kinder Spannendes \u00fcber die Tiere und d\u00fcrfen sie auch f\u00fcttern. Nat\u00fcrlich darf auch das Bogenschie\u00dfen nicht fehlen: Mit Pfeil und Bogen \u00fcben wir uns im Zielen und versuchen, die Zielscheibe zu treffen. Zum Abschluss basteln die Kinder ein besonderes Andenken \u2013 eine Kette aus echten Geweihscheiben, die sie an dieses Erlebnis erinnert.<\/span><\/p>\n<ul>\n<li><span style=\"font-family: arial, helvetica, sans-serif;\"><strong>Alter<\/strong>: ab 9 Jahren<\/span><\/li>\n<li><span style=\"font-family: arial, helvetica, sans-serif;\"><strong>Dauer<\/strong>: ca. 90 Minuten<\/span><\/li>\n<li><strong>Kosten<\/strong>: 100\u20ac<\/li>\n<li><strong>Anzahl Kinder<\/strong>: bis zu 8<\/li>\n<\/ul>\n<p><span style=\"font-family: arial, helvetica, sans-serif;\">Wir freuen uns auf Ihre Anmeldung.<\/span><span style=\"color: #339966;\"><strong><a style=\"color: #339966;\" href=\"\/tg\/anmeldeformular_kindergeburtstag\/\"><span style=\"font-family: arial, helvetica, sans-serif;\"><span style=\"color: #008000;\"> Hier geht es zum Anmelde-Formular<\/span>.<\/span><\/a><\/strong><\/span><\/p>\n","protected":false},"excerpt":{"rendered":"<p>I\u00dft der Papst katholisch?<\/p>\n <a class=\"more-link\" href=\"https:\/\/www.tiergehege-kaisergarten.de\/tg\/naturerlebnisschule\/kindergeburtstage\/auf-den-spuren-von-robin-hood\/\"><span class=\"more-msg\">Weiterlesen &rarr;<\/span><\/a>","protected":false},"author":2,"featured_media":2176,"parent":26,"menu_order":0,"comment_status":"closed","ping_status":"closed","template":"","meta":{"footnotes":""},"class_list":["post-33","page","type-page","status-publish","has-post-thumbnail","hentry"],"_links":{"self":[{"href":"https:\/\/www.tiergehege-kaisergarten.de\/tg\/wp-json\/wp\/v2\/pages\/33","targetHints":{"allow":["GET"]}}],"collection":[{"href":"https:\/\/www.tiergehege-kaisergarten.de\/tg\/wp-json\/wp\/v2\/pages"}],"about":[{"href":"https:\/\/www.tiergehege-kaisergarten.de\/tg\/wp-json\/wp\/v2\/types\/page"}],"author":[{"embeddable":true,"href":"https:\/\/www.tiergehege-kaisergarten.de\/tg\/wp-json\/wp\/v2\/users\/2"}],"replies":[{"embeddable":true,"href":"https:\/\/www.tiergehege-kaisergarten.de\/tg\/wp-json\/wp\/v2\/comments?post=33"}],"version-history":[{"count":33,"href":"https:\/\/www.tiergehege-kaisergarten.de\/tg\/wp-json\/wp\/v2\/pages\/33\/revisions"}],"predecessor-version":[{"id":6081,"href":"https:\/\/www.tiergehege-kaisergarten.de\/tg\/wp-json\/wp\/v2\/pages\/33\/revisions\/6081"}],"up":[{"embeddable":true,"href":"https:\/\/www.tiergehege-kaisergarten.de\/tg\/wp-json\/wp\/v2\/pages\/26"}],"wp:featuredmedia":[{"embeddable":true,"href":"https:\/\/www.tiergehege-kaisergarten.de\/tg\/wp-json\/wp\/v2\/media\/2176"}],"wp:attachment":[{"href":"https:\/\/www.tiergehege-kaisergarten.de\/tg\/wp-json\/wp\/v2\/media?parent=33"}],"curies":[{"name":"wp","href":"https:\/\/api.w.org\/{rel}","templated":true}]}}