{"id":31,"date":"2018-04-27T21:46:21","date_gmt":"2018-04-27T19:46:21","guid":{"rendered":"\/tg\/ein-tag-als-tierpfleger\/"},"modified":"2026-01-06T09:35:45","modified_gmt":"2026-01-06T08:35:45","slug":"ein-tag-als-tierpfleger","status":"publish","type":"page","link":"https:\/\/www.tiergehege-kaisergarten.de\/tg\/naturerlebnisschule\/kindergeburtstage\/ein-tag-als-tierpfleger\/","title":{"rendered":"Ein Tag als Tierpfleger"},"content":{"rendered":"<p><img fetchpriority=\"high\" decoding=\"async\" class=\"size-medium wp-image-6424 alignright\" src=\"\/tg\/wp-content\/uploads\/2019\/02\/IMG_3063-300x200.jpg\" alt=\"\" width=\"300\" height=\"200\" srcset=\"https:\/\/www.tiergehege-kaisergarten.de\/tg\/wp-content\/uploads\/2019\/02\/IMG_3063-300x200.jpg 300w, https:\/\/www.tiergehege-kaisergarten.de\/tg\/wp-content\/uploads\/2019\/02\/IMG_3063-150x100.jpg 150w, https:\/\/www.tiergehege-kaisergarten.de\/tg\/wp-content\/uploads\/2019\/02\/IMG_3063-768x512.jpg 768w, https:\/\/www.tiergehege-kaisergarten.de\/tg\/wp-content\/uploads\/2019\/02\/IMG_3063-700x467.jpg 700w\" sizes=\"(max-width: 300px) 100vw, 300px\" \/>Die Kinder k\u00f6nnen einen Teil des Alltags eines Tierpflegers kennenlernen. Dabei werden verschiedene Werkzeuge vorgestellt und erprobt, anschlie\u00dfend wird gemeinsam das Ziegengehege ges\u00e4ubert. Au\u00dferdem d\u00fcrfen die Kinder die Ziegen striegeln und so den direkten Umgang mit den Tieren erleben. Danach besuchen wir die Schafe, daher ist festes Schuhwerk angebracht. Zum Abschluss findet eine gemeinsame Futterrunde statt, bei der \u2013 sofern sie wach sind \u2013 auch die Waschb\u00e4ren gef\u00fcttert werden k\u00f6nnen.<\/p>\n<ul>\n<li><span style=\"font-family: arial, helvetica, sans-serif;\"><strong>Alter<\/strong>: ab 7 Jahren<\/span><\/li>\n<li><span style=\"font-family: arial, helvetica, sans-serif;\"><strong>Dauer<\/strong>: ca. 90 Minuten<\/span><\/li>\n<li><span style=\"font-family: arial, helvetica, sans-serif;\"><strong>Kosten<\/strong>: 100 \u20ac<\/span><\/li>\n<li><strong>Anzahl Kinder<\/strong>: bis zu 8<\/li>\n<\/ul>\n<p>&nbsp;<\/p>\n<p><span style=\"font-family: arial, helvetica, sans-serif;\">Wir freuen uns auf Ihre Anmeldung.<span style=\"color: #99cc00;\"><strong><a style=\"color: #99cc00;\" href=\"\/tg\/anmeldeformular_kindergeburtstag\/\"><span style=\"color: #008000;\"> Hier geht es zum Anmelde-Formular<\/span>.<\/a><\/strong><\/span><\/span><\/p>\n","protected":false},"excerpt":{"rendered":"<p>I\u00dft der Papst katholisch?<\/p>\n <a class=\"more-link\" href=\"https:\/\/www.tiergehege-kaisergarten.de\/tg\/naturerlebnisschule\/kindergeburtstage\/ein-tag-als-tierpfleger\/\"><span class=\"more-msg\">Weiterlesen &rarr;<\/span><\/a>","protected":false},"author":2,"featured_media":1776,"parent":26,"menu_order":0,"comment_status":"closed","ping_status":"closed","template":"","meta":{"footnotes":""},"class_list":["post-31","page","type-page","status-publish","has-post-thumbnail","hentry"],"_links":{"self":[{"href":"https:\/\/www.tiergehege-kaisergarten.de\/tg\/wp-json\/wp\/v2\/pages\/31","targetHints":{"allow":["GET"]}}],"collection":[{"href":"https:\/\/www.tiergehege-kaisergarten.de\/tg\/wp-json\/wp\/v2\/pages"}],"about":[{"href":"https:\/\/www.tiergehege-kaisergarten.de\/tg\/wp-json\/wp\/v2\/types\/page"}],"author":[{"embeddable":true,"href":"https:\/\/www.tiergehege-kaisergarten.de\/tg\/wp-json\/wp\/v2\/users\/2"}],"replies":[{"embeddable":true,"href":"https:\/\/www.tiergehege-kaisergarten.de\/tg\/wp-json\/wp\/v2\/comments?post=31"}],"version-history":[{"count":34,"href":"https:\/\/www.tiergehege-kaisergarten.de\/tg\/wp-json\/wp\/v2\/pages\/31\/revisions"}],"predecessor-version":[{"id":6084,"href":"https:\/\/www.tiergehege-kaisergarten.de\/tg\/wp-json\/wp\/v2\/pages\/31\/revisions\/6084"}],"up":[{"embeddable":true,"href":"https:\/\/www.tiergehege-kaisergarten.de\/tg\/wp-json\/wp\/v2\/pages\/26"}],"wp:featuredmedia":[{"embeddable":true,"href":"https:\/\/www.tiergehege-kaisergarten.de\/tg\/wp-json\/wp\/v2\/media\/1776"}],"wp:attachment":[{"href":"https:\/\/www.tiergehege-kaisergarten.de\/tg\/wp-json\/wp\/v2\/media?parent=31"}],"curies":[{"name":"wp","href":"https:\/\/api.w.org\/{rel}","templated":true}]}}