{"id":30,"date":"2018-04-27T21:46:21","date_gmt":"2018-04-27T19:46:21","guid":{"rendered":"\/tg\/schatzsuche\/"},"modified":"2026-01-06T10:28:47","modified_gmt":"2026-01-06T09:28:47","slug":"schatzsuche","status":"publish","type":"page","link":"https:\/\/www.tiergehege-kaisergarten.de\/tg\/naturerlebnisschule\/kindergeburtstage\/schatzsuche\/","title":{"rendered":"Schatzsuche"},"content":{"rendered":"<p><a href=\"\/tg\/wp-content\/uploads\/sites\/3\/2012\/06\/waschbaeren_neu_hochkant.jpg\"><img fetchpriority=\"high\" decoding=\"async\" class=\"alignright size-medium wp-image-1354\" src=\"\/tg\/wp-content\/uploads\/sites\/3\/2012\/06\/waschbaeren_neu_hochkant-200x300.jpg\" alt=\"Waschb\u00e4ren\" width=\"200\" height=\"300\" srcset=\"https:\/\/www.tiergehege-kaisergarten.de\/tg\/wp-content\/uploads\/2012\/06\/waschbaeren_neu_hochkant-200x300.jpg 200w, https:\/\/www.tiergehege-kaisergarten.de\/tg\/wp-content\/uploads\/2012\/06\/waschbaeren_neu_hochkant-100x150.jpg 100w, https:\/\/www.tiergehege-kaisergarten.de\/tg\/wp-content\/uploads\/2012\/06\/waschbaeren_neu_hochkant-768x1152.jpg 768w, https:\/\/www.tiergehege-kaisergarten.de\/tg\/wp-content\/uploads\/2012\/06\/waschbaeren_neu_hochkant-467x700.jpg 467w\" sizes=\"(max-width: 200px) 100vw, 200px\" \/><\/a><span style=\"font-family: arial, helvetica, sans-serif;\"><strong>Wir suchen einen Schatz im Tiergehege!<\/strong><\/span><\/p>\n<p><span style=\"font-family: arial, helvetica, sans-serif;\">Wir treffen uns an der NaturErlebnisSchule (am Eingang des Tiergehege) und die Gruppe bekommt eine Schatzkarte. Aber um den Schatz zu finden, m\u00fcssen einige kleine Aufgaben erf\u00fcllt werden, z.B wie f\u00fcttere ich ein Tier richtig und wie streichle ich ein Tier richtig. Das Erlernte \u00fcben wir direkt und f\u00fcttern und streicheln verschiedene Tiere, unter anderem werden die Waschb\u00e4ren gef\u00fcttert. Zum Schluss wird nat\u00fcrlich der Schatz gehoben, in dem ein paar S\u00fc\u00dfigkeiten f\u00fcr die flei\u00dfigen Schatzsucher versteckt sind.<\/span><\/p>\n<ul>\n<li><span style=\"font-family: arial, helvetica, sans-serif;\"><strong>Alter<\/strong>: ab 5 Jahren<\/span><\/li>\n<li><span style=\"font-family: arial, helvetica, sans-serif;\"><strong>Dauer<\/strong>: ca. 60 Minuten<\/span><\/li>\n<li><span style=\"font-family: arial, helvetica, sans-serif;\"><strong>Kosten<\/strong>: 80\u20ac<\/span><\/li>\n<li><strong>Anzahl Kinder:<\/strong> bis zu 8\u00a0 &#8211; zwei weitere Kinder k\u00f6nnen gegen Aufpreis von ja 5\u20ac hinzugebucht werden<\/li>\n<\/ul>\n<p>&nbsp;<\/p>\n<p><span style=\"font-family: arial, helvetica, sans-serif;\">Wir freuen uns auf Ihre Anmeldung. <\/span><strong><span style=\"color: #99cc00;\"><a style=\"color: #99cc00;\" href=\"\/tg\/anmeldeformular_kindergeburtstag\/\"><span style=\"font-family: arial, helvetica, sans-serif;\"><span style=\"color: #008000;\">Hier geht es zum Anmelde-Formular<\/span>.<\/span><\/a><\/span><\/strong><\/p>\n","protected":false},"excerpt":{"rendered":"<p>I\u00dft der Papst katholisch?<\/p>\n <a class=\"more-link\" href=\"https:\/\/www.tiergehege-kaisergarten.de\/tg\/naturerlebnisschule\/kindergeburtstage\/schatzsuche\/\"><span class=\"more-msg\">Weiterlesen &rarr;<\/span><\/a>","protected":false},"author":2,"featured_media":2058,"parent":26,"menu_order":0,"comment_status":"closed","ping_status":"closed","template":"","meta":{"footnotes":""},"class_list":["post-30","page","type-page","status-publish","has-post-thumbnail","hentry"],"_links":{"self":[{"href":"https:\/\/www.tiergehege-kaisergarten.de\/tg\/wp-json\/wp\/v2\/pages\/30","targetHints":{"allow":["GET"]}}],"collection":[{"href":"https:\/\/www.tiergehege-kaisergarten.de\/tg\/wp-json\/wp\/v2\/pages"}],"about":[{"href":"https:\/\/www.tiergehege-kaisergarten.de\/tg\/wp-json\/wp\/v2\/types\/page"}],"author":[{"embeddable":true,"href":"https:\/\/www.tiergehege-kaisergarten.de\/tg\/wp-json\/wp\/v2\/users\/2"}],"replies":[{"embeddable":true,"href":"https:\/\/www.tiergehege-kaisergarten.de\/tg\/wp-json\/wp\/v2\/comments?post=30"}],"version-history":[{"count":24,"href":"https:\/\/www.tiergehege-kaisergarten.de\/tg\/wp-json\/wp\/v2\/pages\/30\/revisions"}],"predecessor-version":[{"id":6087,"href":"https:\/\/www.tiergehege-kaisergarten.de\/tg\/wp-json\/wp\/v2\/pages\/30\/revisions\/6087"}],"up":[{"embeddable":true,"href":"https:\/\/www.tiergehege-kaisergarten.de\/tg\/wp-json\/wp\/v2\/pages\/26"}],"wp:featuredmedia":[{"embeddable":true,"href":"https:\/\/www.tiergehege-kaisergarten.de\/tg\/wp-json\/wp\/v2\/media\/2058"}],"wp:attachment":[{"href":"https:\/\/www.tiergehege-kaisergarten.de\/tg\/wp-json\/wp\/v2\/media?parent=30"}],"curies":[{"name":"wp","href":"https:\/\/api.w.org\/{rel}","templated":true}]}}