{"id":28,"date":"2018-04-27T21:46:20","date_gmt":"2018-04-27T19:46:20","guid":{"rendered":"\/tg\/kooperationen\/"},"modified":"2019-03-14T11:16:35","modified_gmt":"2019-03-14T10:16:35","slug":"kooperationen","status":"publish","type":"page","link":"https:\/\/www.tiergehege-kaisergarten.de\/tg\/unterstuetzen\/kooperationen\/","title":{"rendered":"Kooperationen"},"content":{"rendered":"<p>&nbsp;<\/p>\n<p><span style=\"font-family: arial, helvetica, sans-serif;\">Der Erfolg des Tiergeheges im Kaisergarten ist von vielen unterschiedlichen Faktoren abh\u00e4ngig.<\/span><\/p>\n<p><span style=\"font-family: arial, helvetica, sans-serif;\">Neben dem Engagement der Mitarbeiterinnen und Mitarbeiter, gibt es unz\u00e4hlige Ehrenamtler.<\/span><\/p>\n<p><span style=\"font-family: arial, helvetica, sans-serif;\">Aber insbesondere unter Ber\u00fccksichtigung der wirtschaftlichen Aspekte gilt der Dank den vielen <span style=\"color: #008000;\"><strong><a style=\"color: #008000;\" href=\"\/tg\/firmenpartner\/\">Kooperationspartnern<\/a><\/strong><\/span>, ohne die ein Gro\u00dfteil der umzusetzenden Projekte nicht m\u00f6glich w\u00e4re.<\/span><\/p>\n","protected":false},"excerpt":{"rendered":"<p>I\u00dft der Papst katholisch?<\/p>\n <a class=\"more-link\" href=\"https:\/\/www.tiergehege-kaisergarten.de\/tg\/unterstuetzen\/kooperationen\/\"><span class=\"more-msg\">Weiterlesen &rarr;<\/span><\/a>","protected":false},"author":2,"featured_media":2146,"parent":29,"menu_order":0,"comment_status":"closed","ping_status":"closed","template":"","meta":{"footnotes":""},"class_list":["post-28","page","type-page","status-publish","has-post-thumbnail","hentry"],"_links":{"self":[{"href":"https:\/\/www.tiergehege-kaisergarten.de\/tg\/wp-json\/wp\/v2\/pages\/28","targetHints":{"allow":["GET"]}}],"collection":[{"href":"https:\/\/www.tiergehege-kaisergarten.de\/tg\/wp-json\/wp\/v2\/pages"}],"about":[{"href":"https:\/\/www.tiergehege-kaisergarten.de\/tg\/wp-json\/wp\/v2\/types\/page"}],"author":[{"embeddable":true,"href":"https:\/\/www.tiergehege-kaisergarten.de\/tg\/wp-json\/wp\/v2\/users\/2"}],"replies":[{"embeddable":true,"href":"https:\/\/www.tiergehege-kaisergarten.de\/tg\/wp-json\/wp\/v2\/comments?post=28"}],"version-history":[{"count":7,"href":"https:\/\/www.tiergehege-kaisergarten.de\/tg\/wp-json\/wp\/v2\/pages\/28\/revisions"}],"predecessor-version":[{"id":6544,"href":"https:\/\/www.tiergehege-kaisergarten.de\/tg\/wp-json\/wp\/v2\/pages\/28\/revisions\/6544"}],"up":[{"embeddable":true,"href":"https:\/\/www.tiergehege-kaisergarten.de\/tg\/wp-json\/wp\/v2\/pages\/29"}],"wp:featuredmedia":[{"embeddable":true,"href":"https:\/\/www.tiergehege-kaisergarten.de\/tg\/wp-json\/wp\/v2\/media\/2146"}],"wp:attachment":[{"href":"https:\/\/www.tiergehege-kaisergarten.de\/tg\/wp-json\/wp\/v2\/media?parent=28"}],"curies":[{"name":"wp","href":"https:\/\/api.w.org\/{rel}","templated":true}]}}