{"id":27,"date":"2018-04-27T21:46:20","date_gmt":"2018-04-27T19:46:20","guid":{"rendered":"\/tg\/tierpatenschaft\/"},"modified":"2024-08-22T08:44:17","modified_gmt":"2024-08-22T06:44:17","slug":"tierpatenschaft","status":"publish","type":"page","link":"https:\/\/www.tiergehege-kaisergarten.de\/tg\/unterstuetzen\/tierpatenschaft\/","title":{"rendered":"Tierpatenschaft"},"content":{"rendered":"<p><span style=\"font-family: arial, helvetica, sans-serif;\">Das Tiergehege im Kaisergarten beherbergt viele Tiere, die ihr ganzes Leben hier verbringen.<\/span><\/p>\n<p><span style=\"font-family: arial, helvetica, sans-serif;\"><img fetchpriority=\"high\" decoding=\"async\" class=\"wp-image-7574 size-medium alignright\" src=\"\/tg\/wp-content\/uploads\/2021\/04\/Waschbaer-Patenschaft-226x300.jpg\" alt=\"\" width=\"226\" height=\"300\" srcset=\"https:\/\/www.tiergehege-kaisergarten.de\/tg\/wp-content\/uploads\/2021\/04\/Waschbaer-Patenschaft-226x300.jpg 226w, https:\/\/www.tiergehege-kaisergarten.de\/tg\/wp-content\/uploads\/2021\/04\/Waschbaer-Patenschaft-527x700.jpg 527w, https:\/\/www.tiergehege-kaisergarten.de\/tg\/wp-content\/uploads\/2021\/04\/Waschbaer-Patenschaft-113x150.jpg 113w, https:\/\/www.tiergehege-kaisergarten.de\/tg\/wp-content\/uploads\/2021\/04\/Waschbaer-Patenschaft-768x1021.jpg 768w, https:\/\/www.tiergehege-kaisergarten.de\/tg\/wp-content\/uploads\/2021\/04\/Waschbaer-Patenschaft-1156x1536.jpg 1156w, https:\/\/www.tiergehege-kaisergarten.de\/tg\/wp-content\/uploads\/2021\/04\/Waschbaer-Patenschaft-1541x2048.jpg 1541w, https:\/\/www.tiergehege-kaisergarten.de\/tg\/wp-content\/uploads\/2021\/04\/Waschbaer-Patenschaft-scaled.jpg 1926w\" sizes=\"(max-width: 226px) 100vw, 226px\" \/>Nicht nur die Tierpfleger haben eine enge Beziehung zu &#8222;ihren&#8220; Tieren, auch viele Besucherinnen und Besucher kennen und begleiten die Bewohner des Kaisergartens \u00fcber lange Zeiten!<\/span><\/p>\n<p><span style=\"font-family: arial, helvetica, sans-serif;\">Durch die \u00dcbernahme einer Tierpatenschaft k\u00f6nnen Sie dieser Beziehung Ausdruck geben!\u00a0<\/span><\/p>\n<p><span style=\"font-family: arial, helvetica, sans-serif;\">Sie unterst\u00fctzen mit Ihrer Treue die Haltung Ihres Patentieres im Tiergehege. Die Einnahmen durch die Patenbeitr\u00e4ge werden zur Verbesserung und Versch\u00f6nerung der Tierhaltungen verwendet.<\/span><\/p>\n<p><span style=\"font-family: arial, helvetica, sans-serif;\">Einmal im Jahr ist der &#8222;Tag der Paten&#8220; und wir laden Sie ein, Ihr Patentier bei einer F\u00fchrung n\u00e4her kennen lernen zu k\u00f6nnen und einen besonderen Tag im Tiergehege zu verbringen.<\/span><\/p>\n<p><span style=\"font-family: arial, helvetica, sans-serif;\">F\u00fcr Kindergartengruppen und Schulklassen gilt ein besonderes Angebot:<\/span><\/p>\n<p><span style=\"font-family: arial, helvetica, sans-serif;\">Neben der Patenurkunde und einer Auflistung an den Patenw\u00e4nden gibt es bei jeder Tierpatenschaft \u00fcber 50 Euro eine kostenlose Gruppenf\u00fchrung f\u00fcr die Kindergartengruppe und Schulklasse.<\/span><\/p>\n<p><span style=\"font-family: arial, helvetica, sans-serif;\">Eine Tierpatenschaft ist auch ein sch\u00f6nes und besonderes Geschenk. Sie erhalten nach einer Bearbeitungszeit von etwa zwei Wochen eine Urkunde, die Sie \u00fcberreichen k\u00f6nnen. Falls Sie dazu das passende Stofftier verschenken m\u00f6chten, k\u00f6nnen Sie dieses w\u00e4hrend der \u00d6ffnungszeiten am Wochenende und in den Ferien in unserem Shop am Eingang des Tiergeheges erwerben.<\/span><\/p>\n<p><span style=\"font-family: arial, helvetica, sans-serif;\">Unsere Tiere haben viele Freunde, daher k\u00f6nnen sie auch mehrere Paten haben!<\/span><\/p>\n<p><span style=\"font-family: arial, helvetica, sans-serif;\">Hier finden Sie eine <span style=\"color: #008000;\"><strong><a style=\"color: #008000;\" href=\"\/tg\/unterstuetzen\/tierpatenschaft\/liste-der-patentiere\/\">Liste unserer Patentiere <\/a><\/strong><\/span>und<\/span><br \/>\n<span style=\"font-family: arial, helvetica, sans-serif;\">das<strong><span style=\"color: #008000;\"><a style=\"color: #008000;\" href=\"\/tg\/anmeldeformular-tierpatenschaft\/\"> Anmeldeformular <\/a><\/span><\/strong>finden Sie hier.<\/span><\/p>\n","protected":false},"excerpt":{"rendered":"<p>I\u00dft der Papst katholisch?<\/p>\n <a class=\"more-link\" href=\"https:\/\/www.tiergehege-kaisergarten.de\/tg\/unterstuetzen\/tierpatenschaft\/\"><span class=\"more-msg\">Weiterlesen &rarr;<\/span><\/a>","protected":false},"author":2,"featured_media":8260,"parent":29,"menu_order":10,"comment_status":"closed","ping_status":"closed","template":"","meta":{"footnotes":""},"class_list":["post-27","page","type-page","status-publish","has-post-thumbnail","hentry"],"_links":{"self":[{"href":"https:\/\/www.tiergehege-kaisergarten.de\/tg\/wp-json\/wp\/v2\/pages\/27","targetHints":{"allow":["GET"]}}],"collection":[{"href":"https:\/\/www.tiergehege-kaisergarten.de\/tg\/wp-json\/wp\/v2\/pages"}],"about":[{"href":"https:\/\/www.tiergehege-kaisergarten.de\/tg\/wp-json\/wp\/v2\/types\/page"}],"author":[{"embeddable":true,"href":"https:\/\/www.tiergehege-kaisergarten.de\/tg\/wp-json\/wp\/v2\/users\/2"}],"replies":[{"embeddable":true,"href":"https:\/\/www.tiergehege-kaisergarten.de\/tg\/wp-json\/wp\/v2\/comments?post=27"}],"version-history":[{"count":13,"href":"https:\/\/www.tiergehege-kaisergarten.de\/tg\/wp-json\/wp\/v2\/pages\/27\/revisions"}],"predecessor-version":[{"id":5809,"href":"https:\/\/www.tiergehege-kaisergarten.de\/tg\/wp-json\/wp\/v2\/pages\/27\/revisions\/5809"}],"up":[{"embeddable":true,"href":"https:\/\/www.tiergehege-kaisergarten.de\/tg\/wp-json\/wp\/v2\/pages\/29"}],"wp:featuredmedia":[{"embeddable":true,"href":"https:\/\/www.tiergehege-kaisergarten.de\/tg\/wp-json\/wp\/v2\/media\/8260"}],"wp:attachment":[{"href":"https:\/\/www.tiergehege-kaisergarten.de\/tg\/wp-json\/wp\/v2\/media?parent=27"}],"curies":[{"name":"wp","href":"https:\/\/api.w.org\/{rel}","templated":true}]}}