{"id":26,"date":"2018-04-27T21:46:20","date_gmt":"2018-04-27T19:46:20","guid":{"rendered":"\/tg\/kindergeburtstage\/"},"modified":"2026-03-24T12:30:13","modified_gmt":"2026-03-24T11:30:13","slug":"kindergeburtstage","status":"publish","type":"page","link":"https:\/\/www.tiergehege-kaisergarten.de\/tg\/naturerlebnisschule\/kindergeburtstage\/","title":{"rendered":"Kindergeburtstage"},"content":{"rendered":"<p>Kindergeburtstage im Tiergehege feiern!<\/p>\n<p><span style=\"font-family: arial, helvetica, sans-serif;\"><strong>F\u00fcr einen besonderen Tag!<\/strong><\/span><\/p>\n<p><span style=\"font-family: arial, helvetica, sans-serif;\"><a href=\"\/tg\/wp-content\/uploads\/sites\/3\/2014\/10\/waschbaeren_internet.jpg\"><img fetchpriority=\"high\" decoding=\"async\" class=\"alignright size-medium wp-image-1783\" src=\"\/tg\/wp-content\/uploads\/sites\/3\/2014\/10\/waschbaeren_internet-300x255.jpg\" alt=\"Waschb\u00e4ren\" width=\"300\" height=\"255\" srcset=\"https:\/\/www.tiergehege-kaisergarten.de\/tg\/wp-content\/uploads\/2014\/10\/waschbaeren_internet-300x255.jpg 300w, https:\/\/www.tiergehege-kaisergarten.de\/tg\/wp-content\/uploads\/2014\/10\/waschbaeren_internet-150x127.jpg 150w, https:\/\/www.tiergehege-kaisergarten.de\/tg\/wp-content\/uploads\/2014\/10\/waschbaeren_internet-768x652.jpg 768w, https:\/\/www.tiergehege-kaisergarten.de\/tg\/wp-content\/uploads\/2014\/10\/waschbaeren_internet-700x595.jpg 700w, https:\/\/www.tiergehege-kaisergarten.de\/tg\/wp-content\/uploads\/2014\/10\/waschbaeren_internet.jpg 803w\" sizes=\"(max-width: 300px) 100vw, 300px\" \/><\/a><\/span><\/p>\n<p data-start=\"125\" data-end=\"408\">Tiere zum Streicheln und F\u00fcttern, spannende Abenteuer und jede Menge Spa\u00df \u2013 das alles erwartet euch an eurem besonderen Tag! Unsere Geburtstagsangebote sind perfekt auf verschiedene Altersgruppen abgestimmt und bieten unvergessliche Erlebnisse inmitten unserer tierischen Bewohner.<\/p>\n<p data-start=\"410\" data-end=\"521\"><strong data-start=\"410\" data-end=\"419\">Wann:<\/strong> Nur an Wochenenden<\/p>\n<p>Unsere <strong>Themenangebote<\/strong> f\u00fcr Kindergeburtstage sind:<\/p>\n<p><span style=\"font-family: arial, helvetica, sans-serif;\"><div id=\"shailan-subpages-26-1\"><ul class=\"subpages\"><li class=\"page_item page-item-33\"><a href=\"https:\/\/www.tiergehege-kaisergarten.de\/tg\/naturerlebnisschule\/kindergeburtstage\/auf-den-spuren-von-robin-hood\/\" title=\"Auf den Spuren von Robin Hood\" rel=\"\">Auf den Spuren von Robin Hood<\/a><\/li>\n<li class=\"page_item page-item-31\"><a href=\"https:\/\/www.tiergehege-kaisergarten.de\/tg\/naturerlebnisschule\/kindergeburtstage\/ein-tag-als-tierpfleger\/\" title=\"Ein Tag als Tierpfleger\" rel=\"\">Ein Tag als Tierpfleger<\/a><\/li>\n<li class=\"page_item page-item-7384\"><a href=\"https:\/\/www.tiergehege-kaisergarten.de\/tg\/naturerlebnisschule\/kindergeburtstage\/einheimische-tiere\/\" title=\"Einheimische Tiere\" rel=\"\">Einheimische Tiere<\/a><\/li>\n<li class=\"page_item page-item-30\"><a href=\"https:\/\/www.tiergehege-kaisergarten.de\/tg\/naturerlebnisschule\/kindergeburtstage\/schatzsuche\/\" title=\"Schatzsuche\" rel=\"\">Schatzsuche<\/a><\/li>\n<li class=\"page_item page-item-110\"><a href=\"https:\/\/www.tiergehege-kaisergarten.de\/tg\/naturerlebnisschule\/kindergeburtstage\/tierspuren-gipsen\/\" title=\"Tierspuren gipsen\" rel=\"\">Tierspuren gipsen<\/a><\/li>\n<li class=\"page_item page-item-6612\"><a href=\"https:\/\/www.tiergehege-kaisergarten.de\/tg\/naturerlebnisschule\/kindergeburtstage\/ziegenfuehrerschein\/\" title=\"Ziegenf\u00fchrerschein\" rel=\"\">Ziegenf\u00fchrerschein<\/a><\/li>\n<\/ul><\/div><\/span><\/p>\n<p data-start=\"48\" data-end=\"294\">Bitte beachten Sie, dass pro Geburtstag maximal <strong data-start=\"146\" data-end=\"182\">8 Kinder (inkl. Geburtstagskind)<\/strong> teilnehmen k\u00f6nnen \u2013 bei den Angeboten <em data-start=\"221\" data-end=\"234\">Schatzsuche<\/em> und <em data-start=\"239\" data-end=\"259\">Einheimische Tiere<\/em> sind bis zu <strong data-start=\"272\" data-end=\"285\" data-is-only-node=\"\">10 Kinder<\/strong> m\u00f6glich.<\/p>\n<p data-start=\"296\" data-end=\"427\">F\u00fcr jedes zus\u00e4tzliche Geburtstagskind berechnen wir <strong data-start=\"348\" data-end=\"364\">5 \u20ac Aufpreis<\/strong>.<br data-start=\"365\" data-end=\"368\" \/>Die maximale Teilnehmerzahl pro F\u00fchrung bleibt unver\u00e4ndert.<\/p>\n<h3><span style=\"font-family: arial, helvetica, sans-serif;\"><a href=\"\/tg\/anmeldeformular\/\"><strong><span style=\"color: #008000;\">Hier geht es zum Anmeldeformular<\/span><\/strong><\/a>.<\/span><\/h3>\n<p><span style=\"font-family: arial, helvetica, sans-serif;\">Gegen\u00fcber dem Bauernhof des Tiergeheges finden Sie \u00fcberdachte Picknickpl\u00e4tze. Diese k\u00f6nnen Sie gerne f\u00fcr Ihre Geburtstagsgesellschaft nutzen und\/oder Sie mieten unsere daneben stehende <a href=\"\/tg\/naturerlebnisschule\/picknickhuette-mieten\/\">Picknickh\u00fctte &#8222;Saustall&#8220;<\/a>!<\/span><\/p>\n<p><span style=\"font-family: arial, helvetica, sans-serif;\">Bitte buchen Sie Ihre Geburtstage rechtzeitig, da wir gerade in den Monaten M\u00e4rz-Oktober sehr viele Anfragen haben.<\/span><\/p>\n<p><span style=\"font-family: arial, helvetica, sans-serif;\">Informationen und unverbindliche Anmeldungen bitte direkt per Formular. Wir melden uns dann bei Ihnen!<\/span><\/p>\n<h3><span style=\"font-family: arial, helvetica, sans-serif;\">Verbinden Sie den Geburtstag doch mit dem Geschenk einer Tierpatenschaft!<\/span><\/h3>\n<p><span style=\"font-family: arial, helvetica, sans-serif;\">Schon f\u00fcr 40 \u20ac j\u00e4hrlich haben wir Angebote.<\/span><\/p>\n<p><span style=\"font-family: arial, helvetica, sans-serif;\">Wir organisieren w\u00e4hrend Ihres Geburtstags auch gerne eine \u00dcbergabe der Patenurkunde beim neuen Patentier!<\/span><\/p>\n<p><span style=\"font-family: arial, helvetica, sans-serif;\"><a href=\"\/tg\/tierpatenschaft\/\"><span style=\"color: #008000;\"><strong>Hier geht es zu den Patentieren<\/strong><\/span><\/a><\/span><\/p>\n","protected":false},"excerpt":{"rendered":"<p>I\u00dft der Papst katholisch?<\/p>\n <a class=\"more-link\" href=\"https:\/\/www.tiergehege-kaisergarten.de\/tg\/naturerlebnisschule\/kindergeburtstage\/\"><span class=\"more-msg\">Weiterlesen &rarr;<\/span><\/a>","protected":false},"author":2,"featured_media":1401,"parent":9,"menu_order":0,"comment_status":"closed","ping_status":"closed","template":"","meta":{"footnotes":""},"class_list":["post-26","page","type-page","status-publish","has-post-thumbnail","hentry"],"_links":{"self":[{"href":"https:\/\/www.tiergehege-kaisergarten.de\/tg\/wp-json\/wp\/v2\/pages\/26","targetHints":{"allow":["GET"]}}],"collection":[{"href":"https:\/\/www.tiergehege-kaisergarten.de\/tg\/wp-json\/wp\/v2\/pages"}],"about":[{"href":"https:\/\/www.tiergehege-kaisergarten.de\/tg\/wp-json\/wp\/v2\/types\/page"}],"author":[{"embeddable":true,"href":"https:\/\/www.tiergehege-kaisergarten.de\/tg\/wp-json\/wp\/v2\/users\/2"}],"replies":[{"embeddable":true,"href":"https:\/\/www.tiergehege-kaisergarten.de\/tg\/wp-json\/wp\/v2\/comments?post=26"}],"version-history":[{"count":32,"href":"https:\/\/www.tiergehege-kaisergarten.de\/tg\/wp-json\/wp\/v2\/pages\/26\/revisions"}],"predecessor-version":[{"id":8896,"href":"https:\/\/www.tiergehege-kaisergarten.de\/tg\/wp-json\/wp\/v2\/pages\/26\/revisions\/8896"}],"up":[{"embeddable":true,"href":"https:\/\/www.tiergehege-kaisergarten.de\/tg\/wp-json\/wp\/v2\/pages\/9"}],"wp:featuredmedia":[{"embeddable":true,"href":"https:\/\/www.tiergehege-kaisergarten.de\/tg\/wp-json\/wp\/v2\/media\/1401"}],"wp:attachment":[{"href":"https:\/\/www.tiergehege-kaisergarten.de\/tg\/wp-json\/wp\/v2\/media?parent=26"}],"curies":[{"name":"wp","href":"https:\/\/api.w.org\/{rel}","templated":true}]}}