{"id":25,"date":"2018-04-27T21:46:20","date_gmt":"2018-04-27T19:46:20","guid":{"rendered":"\/tg\/schulklassen\/"},"modified":"2026-03-19T10:30:42","modified_gmt":"2026-03-19T09:30:42","slug":"schulklassen","status":"publish","type":"page","link":"https:\/\/www.tiergehege-kaisergarten.de\/tg\/naturerlebnisschule\/schulklassen\/","title":{"rendered":"Schulklassen"},"content":{"rendered":"<p><strong>\u00a0<\/strong><\/p>\n<p>Ganzj\u00e4hrig bietet die NaturErlebnisSchule Schulklassen F\u00fchrungen und Unterrichtseinheiten zu unterschiedlichen Themen an, bei denen das Tiergehege als spannender und anregender au\u00dferschulischer Lernort genutzt werden kann!<\/p>\n<p>Einheimische Wildtiere in naturnahen Gehegen oder gef\u00e4hrdete Haustierrassen in unserem Bauernhof mit Kopf, Herz und Hand erleben zu d\u00fcrfen, kann f\u00fcr Stadtkinder als Grundlage f\u00fcr nachhaltige Entwicklung dienen. Nach pers\u00f6nlicher Absprache gestalten wir F\u00fchrungen f\u00fcr Sch\u00fclerinnen und Sch\u00fcler jeder Schulform.<\/p>\n<p><strong>F\u00fchrung<\/strong>:<\/p>\n<ul>\n<li><strong>Dauer<\/strong>: ca 45 &#8211; 60 Minuten<\/li>\n<li><strong>Kosten<\/strong>: bis 19 Sch\u00fcler gilt ein Festpreis von 60 \u20ac, ab 20 Sch\u00fclern berechnen wir 3,50 \u20ac pro Sch\u00fcler, 7 \u20ac pro Erwachsene. Lehrkr\u00e4fte sind kostenfrei.\n<ul>\n<li>F\u00fcr verbindlich gebuchte F\u00fchrungen, die nicht fristgerecht mindestens zwei Werktage im Voraus abgesagt werden, berechnen wir eine Ausfallpauschale in H\u00f6he von 40 \u20ac f\u00fcr bereits eingeplantes Personal.<\/li>\n<\/ul>\n<\/li>\n<li><strong>Treffpunkt<\/strong>: NaturErlebnisSchule neben dem Haupteingang<\/li>\n<\/ul>\n<p>Die F\u00fchrungen finden bei jedem Wetter statt. Eine Ausnahme sind akute Unwetterwarnungen, bei denen das Tiergehege zur Sicherheit der Besucher geschlossen bleibt.<\/p>\n<p>Das sind derzeit unsere <strong>Themenangebote<\/strong>:<\/p>\n<ul>\n<li><a href=\"\/tg\/naturerlebnisschule\/schulklassen\/einheimische-tiere\/\">Einheimische Tiere<\/a><\/li>\n<li><a href=\"\/tg\/naturerlebnisschule\/schulklassen\/meet-and-greet-mit-unseren-huehnern\/\">Meet &amp; Greet mit unseren H\u00fchnern<\/a><\/li>\n<\/ul>\n<p>&nbsp;<\/p>\n<p>F\u00fcr weitere Informationen oder Terminabsprachen freuen wir uns \u00fcber Ihren Anruf unter der Rufnummer 0208 377 0612\u00a0 in der Zeit von 10 bis 12 Uhr (mo-do) oder melden Sie sich direkt \u00fcber das <strong><span style=\"font-size: 14pt;\"><a href=\"\/tg\/anmeldeformular-fuer-fuehrungen\/\">Anmeldeformular<\/a><\/span><\/strong> bei uns.<\/p>\n<p><strong>Sie m\u00f6chten ein bestimmtes Tier besuchen? Wir planen f\u00fcr Sie eine individuelle Route passend zu Ihren Unterrichtseinheiten!<\/strong><\/p>\n","protected":false},"excerpt":{"rendered":"<p>I\u00dft der Papst katholisch?<\/p>\n <a class=\"more-link\" href=\"https:\/\/www.tiergehege-kaisergarten.de\/tg\/naturerlebnisschule\/schulklassen\/\"><span class=\"more-msg\">Weiterlesen &rarr;<\/span><\/a>","protected":false},"author":2,"featured_media":6258,"parent":9,"menu_order":0,"comment_status":"closed","ping_status":"closed","template":"","meta":{"footnotes":""},"class_list":["post-25","page","type-page","status-publish","has-post-thumbnail","hentry"],"_links":{"self":[{"href":"https:\/\/www.tiergehege-kaisergarten.de\/tg\/wp-json\/wp\/v2\/pages\/25","targetHints":{"allow":["GET"]}}],"collection":[{"href":"https:\/\/www.tiergehege-kaisergarten.de\/tg\/wp-json\/wp\/v2\/pages"}],"about":[{"href":"https:\/\/www.tiergehege-kaisergarten.de\/tg\/wp-json\/wp\/v2\/types\/page"}],"author":[{"embeddable":true,"href":"https:\/\/www.tiergehege-kaisergarten.de\/tg\/wp-json\/wp\/v2\/users\/2"}],"replies":[{"embeddable":true,"href":"https:\/\/www.tiergehege-kaisergarten.de\/tg\/wp-json\/wp\/v2\/comments?post=25"}],"version-history":[{"count":30,"href":"https:\/\/www.tiergehege-kaisergarten.de\/tg\/wp-json\/wp\/v2\/pages\/25\/revisions"}],"predecessor-version":[{"id":8893,"href":"https:\/\/www.tiergehege-kaisergarten.de\/tg\/wp-json\/wp\/v2\/pages\/25\/revisions\/8893"}],"up":[{"embeddable":true,"href":"https:\/\/www.tiergehege-kaisergarten.de\/tg\/wp-json\/wp\/v2\/pages\/9"}],"wp:featuredmedia":[{"embeddable":true,"href":"https:\/\/www.tiergehege-kaisergarten.de\/tg\/wp-json\/wp\/v2\/media\/6258"}],"wp:attachment":[{"href":"https:\/\/www.tiergehege-kaisergarten.de\/tg\/wp-json\/wp\/v2\/media?parent=25"}],"curies":[{"name":"wp","href":"https:\/\/api.w.org\/{rel}","templated":true}]}}