{"id":24,"date":"2018-04-27T21:46:20","date_gmt":"2018-04-27T19:46:20","guid":{"rendered":"\/tg\/kindergaerten\/"},"modified":"2026-03-19T10:26:09","modified_gmt":"2026-03-19T09:26:09","slug":"kindergaerten","status":"publish","type":"page","link":"https:\/\/www.tiergehege-kaisergarten.de\/tg\/naturerlebnisschule\/kindergaerten\/","title":{"rendered":"Kinderg\u00e4rten"},"content":{"rendered":"<p>&nbsp;<\/p>\n<p><span style=\"font-family: arial, helvetica, sans-serif;\"><strong>Ausfl\u00fcge f\u00fcr Kinderg\u00e4rten<\/strong><\/span><\/p>\n<p><span style=\"font-family: arial, helvetica, sans-serif;\">Wir bieten Ihnen und Ihren Kindergartengruppen ein naturp\u00e4dagogisches Programm, das speziell auf die Bed\u00fcrfnisse von drei bis sechsj\u00e4hrigen Kindern abgestimmt ist.<\/span><\/p>\n<p><span style=\"font-family: arial, helvetica, sans-serif;\">Besonderen Wert legen wir auf den direkten Kontakt mit unseren Tieren und das Erfassen und Begreifen von Pr\u00e4paraten, um so den Besuch m\u00f6glichst spannend, erlebnisreich und nachhaltig werden zu lassen.<\/span><\/p>\n<p><span style=\"font-family: arial, helvetica, sans-serif;\">F\u00fcr weitere Informationen oder Terminabsprachen k\u00f6nnen Sie sich gerne telefonisch unter der Rufnummer 0208 3770612\u00a0 in der Zeit von 10 bis 12 Uhr melden oder kontaktieren Sie uns direkt per <span style=\"font-size: 14pt;\"><a href=\"\/tg\/anmeldeformular-fuer-fuehrungen\/\">Anmeldeformular<\/a>.<\/span><\/span><\/p>\n<ul>\n<li><span style=\"font-family: arial, helvetica, sans-serif;\"><strong>Kosten<\/strong>: bis 19 Kinder gilt ein Festpreis von 60 \u20ac, ab 20 Kinder berechnen wir 3,50 \u20ac pro Kind, 7 \u20ac pro Erwachsenem, Erzieherinnen und Erzieher sind kostenfrei.<\/span>\n<ul>\n<li>F\u00fcr verbindlich gebuchte F\u00fchrungen, die nicht fristgerecht mindestens zwei Werktage im Voraus abgesagt werden, berechnen wir eine Ausfallpauschale in H\u00f6he von 40 \u20ac f\u00fcr bereits eingeplantes Personal.<\/li>\n<\/ul>\n<\/li>\n<li><span style=\"font-family: arial, helvetica, sans-serif;\">Wir empfehlen eine Gruppengr\u00f6\u00dfe von max. 15 Kindern\u00a0<\/span><\/li>\n<li><span style=\"font-family: arial, helvetica, sans-serif;\"><strong>Daue<span style=\"font-family: arial, helvetica, sans-serif;\">r<\/span><\/strong>: ca. 45-60 Minuten<\/span><\/li>\n<li><span style=\"font-family: arial, helvetica, sans-serif;\"><strong>Treffpunkt<\/strong>: NaturErlebnisSchule neben dem Haupteingang<\/span><\/li>\n<\/ul>\n<p>&nbsp;<\/p>\n<p><span style=\"font-family: arial, helvetica, sans-serif;\">Die F\u00fchrungen sind vor Ort <strong>passen<\/strong> in <strong>bar<\/strong> zu bezahlen.<\/span><\/p>\n<p>Die F\u00fchrungen finden bei jedem Wetter statt. Eine Ausnahme sind akute Unwetterwarnungen, bei denen das Tiergehege zur Sicherheit der Besucher geschlossen bleibt.<\/p>\n<p><span style=\"font-family: arial, helvetica, sans-serif;\">Das sind unsere Themenangebote:<\/span><\/p>\n<p><span style=\"font-family: arial, helvetica, sans-serif;\"><div id=\"shailan-subpages-24-1\"><ul class=\"subpages\"><li class=\"page_item page-item-56\"><a href=\"https:\/\/www.tiergehege-kaisergarten.de\/tg\/naturerlebnisschule\/kindergaerten\/waldtiere\/\" title=\"Waldtiere\" rel=\"\">Waldtiere<\/a><\/li>\n<\/ul><\/div><\/span><\/p>\n<p><span style=\"font-family: arial, helvetica, sans-serif;\">Sie m\u00f6chten ein anderes Thema oder ein bestimmtes Tier besuchen? Sprechen Sie uns an und wir planen f\u00fcr Sie eine individuelle Route!<\/span><\/p>\n","protected":false},"excerpt":{"rendered":"<p>I\u00dft der Papst katholisch?<\/p>\n <a class=\"more-link\" href=\"https:\/\/www.tiergehege-kaisergarten.de\/tg\/naturerlebnisschule\/kindergaerten\/\"><span class=\"more-msg\">Weiterlesen &rarr;<\/span><\/a>","protected":false},"author":2,"featured_media":2174,"parent":9,"menu_order":0,"comment_status":"closed","ping_status":"closed","template":"","meta":{"footnotes":""},"class_list":["post-24","page","type-page","status-publish","has-post-thumbnail","hentry"],"_links":{"self":[{"href":"https:\/\/www.tiergehege-kaisergarten.de\/tg\/wp-json\/wp\/v2\/pages\/24","targetHints":{"allow":["GET"]}}],"collection":[{"href":"https:\/\/www.tiergehege-kaisergarten.de\/tg\/wp-json\/wp\/v2\/pages"}],"about":[{"href":"https:\/\/www.tiergehege-kaisergarten.de\/tg\/wp-json\/wp\/v2\/types\/page"}],"author":[{"embeddable":true,"href":"https:\/\/www.tiergehege-kaisergarten.de\/tg\/wp-json\/wp\/v2\/users\/2"}],"replies":[{"embeddable":true,"href":"https:\/\/www.tiergehege-kaisergarten.de\/tg\/wp-json\/wp\/v2\/comments?post=24"}],"version-history":[{"count":30,"href":"https:\/\/www.tiergehege-kaisergarten.de\/tg\/wp-json\/wp\/v2\/pages\/24\/revisions"}],"predecessor-version":[{"id":8892,"href":"https:\/\/www.tiergehege-kaisergarten.de\/tg\/wp-json\/wp\/v2\/pages\/24\/revisions\/8892"}],"up":[{"embeddable":true,"href":"https:\/\/www.tiergehege-kaisergarten.de\/tg\/wp-json\/wp\/v2\/pages\/9"}],"wp:featuredmedia":[{"embeddable":true,"href":"https:\/\/www.tiergehege-kaisergarten.de\/tg\/wp-json\/wp\/v2\/media\/2174"}],"wp:attachment":[{"href":"https:\/\/www.tiergehege-kaisergarten.de\/tg\/wp-json\/wp\/v2\/media?parent=24"}],"curies":[{"name":"wp","href":"https:\/\/api.w.org\/{rel}","templated":true}]}}