{"id":23,"date":"2018-04-27T21:46:20","date_gmt":"2018-04-27T19:46:20","guid":{"rendered":"\/tg\/kontakt\/"},"modified":"2025-02-20T09:14:45","modified_gmt":"2025-02-20T08:14:45","slug":"kontaktnes","status":"publish","type":"page","link":"https:\/\/www.tiergehege-kaisergarten.de\/tg\/naturerlebnisschule\/kontaktnes\/","title":{"rendered":"Kontakt"},"content":{"rendered":"<p>&nbsp;<\/p>\n<p><span style=\"font-family: arial, helvetica, sans-serif;\">F\u00fcr Informationen und Anmeldungen f\u00fcr die <span style=\"color: #99cc00;\"><strong><a style=\"color: #99cc00;\" href=\"\/tg\/naturerlebnisschule\/kindergeburtstage\/\">Kindergeburtstage<\/a><\/strong><\/span> und die Ferienprogramme nutzen Sie bitte unser Onlineformular bzw. die Telefonnummer 0208\/3770612 von montags bis donnerstags 10 bis 12:00 Uhr oder schreiben Sie uns eine Mail an <strong><span style=\"color: #99cc00;\"><a style=\"color: #99cc00;\" href=\"ma&#105;&#108;&#116;&#x6f;&#x3a;&#x65;&#x76;&#x65;nt&#45;&#116;&#105;&#x65;&#x72;&#x67;&#x65;&#x68;eg&#101;&#64;&#115;&#x62;&#x6f;&#x2e;&#x6f;&#x62;er&#104;&#97;&#117;&#x73;&#x65;&#x6e;&#x2e;&#x64;e\">&#x65;&#118;e&#x6e;&#x74;&#45;t&#x69;&#101;r&#x67;&#x65;&#104;e&#x67;&#101;&#64;&#x73;&#x62;&#111;&#46;&#x6f;&#x62;&#101;&#x72;&#x68;&#97;u&#x73;&#x65;&#110;&#46;&#x64;&#101;.<\/a><\/span><\/strong><\/span><\/p>\n<p><span style=\"font-family: arial, helvetica, sans-serif;\">\n<div class=\"wpcf7 no-js\" id=\"wpcf7-f4121-o1\" lang=\"de-DE\" dir=\"ltr\" data-wpcf7-id=\"4121\">\n<div class=\"screen-reader-response\"><p role=\"status\" aria-live=\"polite\" aria-atomic=\"true\"><\/p> <ul><\/ul><\/div>\n<form action=\"\/tg\/wp-json\/wp\/v2\/pages\/23#wpcf7-f4121-o1\" method=\"post\" class=\"wpcf7-form init\" aria-label=\"Kontaktformular\" novalidate=\"novalidate\" data-status=\"init\">\n<fieldset class=\"hidden-fields-container\"><input type=\"hidden\" name=\"_wpcf7\" value=\"4121\" \/><input type=\"hidden\" name=\"_wpcf7_version\" value=\"6.1.1\" \/><input type=\"hidden\" name=\"_wpcf7_locale\" value=\"de_DE\" \/><input type=\"hidden\" name=\"_wpcf7_unit_tag\" value=\"wpcf7-f4121-o1\" \/><input type=\"hidden\" name=\"_wpcf7_container_post\" value=\"0\" \/><input type=\"hidden\" name=\"_wpcf7_posted_data_hash\" value=\"\" \/>\n<\/fieldset>\n<p>Ihr Name (Pflichtfeld)\n<\/p>\n<p><span class=\"wpcf7-form-control-wrap\" data-name=\"your-name\"><input size=\"40\" maxlength=\"400\" class=\"wpcf7-form-control wpcf7-text wpcf7-validates-as-required\" aria-required=\"true\" aria-invalid=\"false\" value=\"\" type=\"text\" name=\"your-name\" \/><\/span>\n<\/p>\n<p>Ihre E-Mail-Adresse (Pflichtfeld)\n<\/p>\n<p><span class=\"wpcf7-form-control-wrap\" data-name=\"your-email\"><input size=\"40\" maxlength=\"400\" class=\"wpcf7-form-control wpcf7-email wpcf7-validates-as-required wpcf7-text wpcf7-validates-as-email\" aria-required=\"true\" aria-invalid=\"false\" value=\"\" type=\"email\" name=\"your-email\" \/><\/span>\n<\/p>\n<p><label> <span id=\"wpcf7-69ff41518af5c-wrapper\" class=\"wpcf7-form-control-wrap homepage-wrap\" style=\"display:none !important; visibility:hidden !important;\"><label for=\"hp-531tg\" class=\"hp-message\">Bitte lasse dieses Feld leer.<\/label><input id=\"hp-531tg\"  class=\"wpcf7-form-control wpcf7-text\" type=\"text\" name=\"homepage\" value=\"\" size=\"40\" tabindex=\"-1\" autocomplete=\"new-password\" \/><\/span><\/label>\n<\/p>\n<p>Betreff (Pflichtfeld)\n<\/p>\n<p><span class=\"wpcf7-form-control-wrap\" data-name=\"your-subject\"><input size=\"40\" maxlength=\"400\" class=\"wpcf7-form-control wpcf7-text wpcf7-validates-as-required\" aria-required=\"true\" aria-invalid=\"false\" value=\"\" type=\"text\" name=\"your-subject\" \/><\/span>\n<\/p>\n<p>Ihre Nachricht\n<\/p>\n<p><span class=\"wpcf7-form-control-wrap\" data-name=\"your-message\"><textarea cols=\"40\" rows=\"10\" maxlength=\"2000\" class=\"wpcf7-form-control wpcf7-textarea\" aria-invalid=\"false\" name=\"your-message\"><\/textarea><\/span>\n<\/p>\n<p><strong><a title=\"Datenschutzerkl\u00e4rung\" href=\"\/tg\/?p=3703\" target=\"_blank\">Hinweis zum Datenschutz<\/a>:<\/strong>\n<\/p>\n<p>Die von Ihnen im Kontaktformular an die SBO Servicebetriebe Oberhausen gerichteten Anfragen werden \u00fcber einen sicheren Transportweg an die SBO \u00fcbermittelt. Dabei \u00fcbermittelten Sie folgende Kategorien:\n<\/p>\n<ul>\n\t<li>\n\t\t<p>Kontaktdaten (E-Mail, Name) sowie\n\t\t<\/p>\n\t<\/li>\n\t<li>\n\t\t<p>Inhaltsinformationen gem\u00e4\u00df Ihrem Anliegen.\n\t\t<\/p>\n\t<\/li>\n<\/ul>\n<p>Bezogen auf Ihr Anliegen stellen wir Ihre an uns gerichteten Informationen intern dem zutreffenden Fachbereich oder dem im Verbund der SBO zust\u00e4ndigen Unternehmen zu. Hierbei kann es sich z.B. um eine Daten\u00fcbermittlung an die Stadt Oberhausen, der WBO Wirtschaftsbetriebe Oberhausen GmbH, den Landesbetrieb Stra\u00dfen NRW oder die Deutsche Bundesbahn handeln. Alle weiteren Informationen entnehmen Sie bitte <a title=\"Datenschutzerkl\u00e4rung\" href=\/tg\"\/?p=3703\" target=\"_blank\">der Datenschutzerkl\u00e4rung<\/a>.\n<\/p>\n<p><a title=\"Datenschutzerkl\u00e4rung\" href=\"\/tg\/?p=3703\" target=\"_blank\"><strong>Einwilligungserkl\u00e4rung Datenschutz:<\/strong> (Pflichtfeld) Link zur Datenschutzerkl\u00e4rung<\/a><br \/>\n<span class=\"wpcf7-form-control-wrap\" data-name=\"checkbox-datenschutz\"><span class=\"wpcf7-form-control wpcf7-checkbox wpcf7-validates-as-required\"><span class=\"wpcf7-list-item first last\"><input type=\"checkbox\" name=\"checkbox-datenschutz[]\" value=\"Ja, ich habe die Datenschutzerkl\u00e4rung zur Kenntnis genommen und bin damit einverstanden, dass die von mir angegebenen Daten elektronisch erhoben und gespeichert werden. Meine Daten werden dabei nur streng zweckgebunden zur Bearbeitung und Beantwortung meiner Anfrage genutzt. Diese Einwilligung k\u00f6nnen Sie jederzeit durch Nachricht an uns widerrufen. Im Falle des Widerrufs werden wir Ihre Daten schnellstm\u00f6glich l\u00f6schen.\" \/><span class=\"wpcf7-list-item-label\">Ja, ich habe die Datenschutzerkl\u00e4rung zur Kenntnis genommen und bin damit einverstanden, dass die von mir angegebenen Daten elektronisch erhoben und gespeichert werden. Meine Daten werden dabei nur streng zweckgebunden zur Bearbeitung und Beantwortung meiner Anfrage genutzt. Diese Einwilligung k\u00f6nnen Sie jederzeit durch Nachricht an uns widerrufen. Im Falle des Widerrufs werden wir Ihre Daten schnellstm\u00f6glich l\u00f6schen.<\/span><\/span><\/span><\/span>\n<\/p>\n<p>Weitere Informationen entnehmen Sie <a title=\"Datenschutzerkl\u00e4rung\" href=\"\/tg\/?p=3703\" target=\"_blank\">der Datenschutzerkl\u00e4rung<\/a>.\n<\/p>\n<p><input class=\"wpcf7-form-control wpcf7-submit has-spinner\" type=\"submit\" value=\"Senden\" \/>\n<\/p><div class=\"wpcf7-response-output\" aria-hidden=\"true\"><\/div>\n<\/form>\n<\/div>\n<\/span><\/p>\n","protected":false},"excerpt":{"rendered":"<p>I\u00dft der Papst katholisch?<\/p>\n <a class=\"more-link\" href=\"https:\/\/www.tiergehege-kaisergarten.de\/tg\/naturerlebnisschule\/kontaktnes\/\"><span class=\"more-msg\">Weiterlesen &rarr;<\/span><\/a>","protected":false},"author":2,"featured_media":2175,"parent":9,"menu_order":0,"comment_status":"closed","ping_status":"closed","template":"","meta":{"footnotes":""},"class_list":["post-23","page","type-page","status-publish","has-post-thumbnail","hentry"],"_links":{"self":[{"href":"https:\/\/www.tiergehege-kaisergarten.de\/tg\/wp-json\/wp\/v2\/pages\/23","targetHints":{"allow":["GET"]}}],"collection":[{"href":"https:\/\/www.tiergehege-kaisergarten.de\/tg\/wp-json\/wp\/v2\/pages"}],"about":[{"href":"https:\/\/www.tiergehege-kaisergarten.de\/tg\/wp-json\/wp\/v2\/types\/page"}],"author":[{"embeddable":true,"href":"https:\/\/www.tiergehege-kaisergarten.de\/tg\/wp-json\/wp\/v2\/users\/2"}],"replies":[{"embeddable":true,"href":"https:\/\/www.tiergehege-kaisergarten.de\/tg\/wp-json\/wp\/v2\/comments?post=23"}],"version-history":[{"count":21,"href":"https:\/\/www.tiergehege-kaisergarten.de\/tg\/wp-json\/wp\/v2\/pages\/23\/revisions"}],"predecessor-version":[{"id":5692,"href":"https:\/\/www.tiergehege-kaisergarten.de\/tg\/wp-json\/wp\/v2\/pages\/23\/revisions\/5692"}],"up":[{"embeddable":true,"href":"https:\/\/www.tiergehege-kaisergarten.de\/tg\/wp-json\/wp\/v2\/pages\/9"}],"wp:featuredmedia":[{"embeddable":true,"href":"https:\/\/www.tiergehege-kaisergarten.de\/tg\/wp-json\/wp\/v2\/media\/2175"}],"wp:attachment":[{"href":"https:\/\/www.tiergehege-kaisergarten.de\/tg\/wp-json\/wp\/v2\/media?parent=23"}],"curies":[{"name":"wp","href":"https:\/\/api.w.org\/{rel}","templated":true}]}}